{"id":1216,"date":"2024-08-01T08:57:11","date_gmt":"2024-08-01T08:57:11","guid":{"rendered":"https:\/\/ssshardwaremachinery.com\/?post_type=product&#038;p=1216"},"modified":"2024-08-14T03:39:08","modified_gmt":"2024-08-14T03:39:08","slug":"automatic-high-speed-nail-making-machine-nail-bolts-making-machines","status":"publish","type":"product","link":"https:\/\/ssshardwaremachinery.com\/it\/prodotto\/automatic-high-speed-nail-making-machine-nail-bolts-making-machines\/","title":{"rendered":"Chiodo automatico ad alta velocit\u00e0 che fa macchina Chiodo &amp; bulloni che fa macchine"},"content":{"rendered":"<h1><span style=\"color: #0000ff;\">DETTAGLI DEL PRODOTTO<\/span><\/h1>\n<hr \/>\n<p>1. <b>Lunga durata di vita<\/b>Cintura bianca a basso costo e lunga durata, pari a 5-6 mesi senza un'operazione errata.<br \/>\n2. <b>Oliatura automatica<\/b>Pochi punti di lubrificazione, molto meno rispetto alle macchine tradizionali e alle altre macchine per la produzione di chiodi presenti sul mercato. Il funzionamento \u00e8 comunque molto ordinato.<br \/>\n3. <b>Alta produzione.<\/b> Imposta la specifica 2550 come esempio, circa 750 kg \/ 8 ore.<br \/>\n4. <b>Nessun smontaggio<\/b> se non cambiare le specifiche dello stampo per unghie che pu\u00f2 funzionare per 3 mesi. Fresa per chiodi 60 classi (8 ore\/giorno, diametro del filo 2,5). Il tempo di punzonatura \u00e8 cinque volte superiore a quello delle apparecchiature ordinarie, a seconda dello stato di utilizzo effettivo.<br \/>\n5. <b>Durevole.<\/b> La fresa per unghie taglia senza toccare, il numero di cesoie pu\u00f2 raggiungere almeno 800 milioni di volte (8.000.000 \u00e8 il tempo di taglio del diametro del filo di 2,0 mm, il diametro del filo grezzo si moltiplica); basso consumo dello stampo per unghie, nessuna crepa, nessuna usura fissa dello stampo grezzo, nessun intasamento dello stampo, una singola coppia di stampi per unghie pu\u00f2 tagliare almeno 50 milioni di volte, la punzonatura \u00e8 pi\u00f9 di 25 milioni di volte. La fresa per chiodi, lo stampo per chiodi e il punzone possono essere riparati per molte volte allo stesso costo rispetto alle attrezzature generiche.<br \/>\n6. <b>Super risparmio energetico<\/b>Il consumo effettivo della macchina per la produzione di chiodi ad alta velocit\u00e0 \u00e8 di circa 3,5KW, 1 tonnellata di chiodi in uscita pu\u00f2 risparmiare energia elettrica circa 20 gradi; mentre 2,5 set di chiodi ordinari il consumo della macchina per la produzione di chiodi \u00e8 di 5-6KW a causa della corsa lunga dello scorrevole e delle multi parti di attrito scorrevoli.<br \/>\n7. <b>60% risparmio di manodopera<\/b> grazie alla sua elevata efficienza. L'efficienza dei chiodi di avvolgimento guadagna almeno 50% con una saldatrice ad alta frequenza, in quanto ogni chiodo \u00e8 un prodotto di qualit\u00e0 senza bloccarsi e fermarsi, anche se nella velocit\u00e0 di 1900 chiodi\/min, la velocit\u00e0 di avvolgimento pu\u00f2 migliorare 30%, in modo da ridurre il costo del lavoro 40%.<\/p>\n<h2><\/h2>\n<h2><span style=\"color: #0000ff;\">DATI DELL'ATTREZZATURA<\/span><\/h2>\n<hr \/>\n<table class=\"has-title hight-light-first-column all magic-10\">\n<tbody>\n<tr>\n<td colspan=\"1\" rowspan=\"1\">\n<div class=\"magic-11\" data-spm-anchor-id=\"a2700.details.0.i47.507f498dNOVPrM\">P\/N<\/div>\n<\/td>\n<td colspan=\"1\" rowspan=\"1\">\n<div class=\"magic-12\">Lunghezza del chiodo (mm)<\/div>\n<\/td>\n<td colspan=\"1\" rowspan=\"1\">\n<div class=\"magic-13\">Diametro del chiodo (mm)<\/div>\n<\/td>\n<td colspan=\"1\" rowspan=\"1\">\n<div class=\"magic-14\">Produzione (pezzi\/min.)<\/div>\n<\/td>\n<td colspan=\"1\" rowspan=\"1\">\n<div class=\"magic-15\">Peso (kg)<\/div>\n<\/td>\n<td colspan=\"1\" rowspan=\"1\">\n<div class=\"magic-16\">Potenza (kw)<\/div>\n<\/td>\n<td colspan=\"1\" rowspan=\"1\">\n<div class=\"magic-17\">Dimensioni (mm)<\/div>\n<\/td>\n<\/tr>\n<tr>\n<td colspan=\"1\" rowspan=\"1\">\n<div class=\"magic-11\">SSS-ZDJ-D50<\/div>\n<\/td>\n<td colspan=\"1\" rowspan=\"1\">\n<div class=\"magic-12\">25-50<\/div>\n<\/td>\n<td colspan=\"1\" rowspan=\"1\">\n<div class=\"magic-13\">2.0-3.0<\/div>\n<\/td>\n<td colspan=\"1\" rowspan=\"1\">\n<div class=\"magic-14\">800<\/div>\n<\/td>\n<td colspan=\"1\" rowspan=\"1\">\n<div class=\"magic-15\">2500<\/div>\n<\/td>\n<td colspan=\"1\" rowspan=\"1\">\n<div class=\"magic-16\">7.0<\/div>\n<\/td>\n<td colspan=\"1\" rowspan=\"1\">\n<div class=\"magic-17\">1350*900*1050<\/div>\n<\/td>\n<\/tr>\n<tr>\n<td colspan=\"1\" rowspan=\"1\">\n<div class=\"magic-11\">SSS-ZDJ-D90<\/div>\n<\/td>\n<td colspan=\"1\" rowspan=\"1\">\n<div class=\"magic-12\">32-90<\/div>\n<\/td>\n<td colspan=\"1\" rowspan=\"1\">\n<div class=\"magic-13\">2.0-3.8<\/div>\n<\/td>\n<td colspan=\"1\" rowspan=\"1\">\n<div class=\"magic-14\">760<\/div>\n<\/td>\n<td colspan=\"1\" rowspan=\"1\">\n<div class=\"magic-15\">2800<\/div>\n<\/td>\n<td colspan=\"1\" rowspan=\"1\">\n<div class=\"magic-16\">7.0<\/div>\n<\/td>\n<td colspan=\"1\" rowspan=\"1\">\n<div class=\"magic-17\">1350*1220*1050<\/div>\n<\/td>\n<\/tr>\n<tr>\n<td colspan=\"1\" rowspan=\"1\">\n<div class=\"magic-11\">SSS-ZDJ-D130<\/div>\n<\/td>\n<td colspan=\"1\" rowspan=\"1\">\n<div class=\"magic-12\">70-130<\/div>\n<\/td>\n<td colspan=\"1\" rowspan=\"1\">\n<div class=\"magic-13\">2.4-4.0<\/div>\n<\/td>\n<td colspan=\"1\" rowspan=\"1\">\n<div class=\"magic-14\">680<\/div>\n<\/td>\n<td colspan=\"1\" rowspan=\"1\">\n<div class=\"magic-15\">3500<\/div>\n<\/td>\n<td colspan=\"1\" rowspan=\"1\">\n<div class=\"magic-16\">9.7<\/div>\n<\/td>\n<td colspan=\"1\" rowspan=\"1\">\n<div class=\"magic-17\">1350*1220*1050<\/div>\n<\/td>\n<\/tr>\n<tr>\n<td colspan=\"1\" rowspan=\"1\">\n<div class=\"magic-11\">SSS-ZDJ-D150<\/div>\n<\/td>\n<td colspan=\"1\" rowspan=\"1\">\n<div class=\"magic-12\">70-150<\/div>\n<\/td>\n<td colspan=\"1\" rowspan=\"1\">\n<div class=\"magic-13\">2.5-5.0<\/div>\n<\/td>\n<td colspan=\"1\" rowspan=\"1\">\n<div class=\"magic-14\">600<\/div>\n<\/td>\n<td colspan=\"1\" rowspan=\"1\">\n<div class=\"magic-15\">4500<\/div>\n<\/td>\n<td colspan=\"1\" rowspan=\"1\">\n<div class=\"magic-16\">13.2<\/div>\n<\/td>\n<td colspan=\"1\" rowspan=\"1\">\n<div class=\"magic-17\">1650*1250*1300<\/div>\n<\/td>\n<\/tr>\n<\/tbody>\n<\/table>","protected":false},"excerpt":{"rendered":"<p>DETTAGLI DEL PRODOTTO 1. Lunga durata, non inferiore a quella delle tradizionali macchine per la produzione di chiodi, per almeno sette anni.Bianco [...]<\/p>","protected":false},"featured_media":1218,"template":"","meta":{"_monsterinsights_skip_tracking":false,"_monsterinsights_sitenote_active":false,"_monsterinsights_sitenote_note":"","_monsterinsights_sitenote_category":0,"site-sidebar-layout":"default","site-content-layout":"","ast-site-content-layout":"default","site-content-style":"default","site-sidebar-style":"default","ast-global-header-display":"","ast-banner-title-visibility":"","ast-main-header-display":"","ast-hfb-above-header-display":"","ast-hfb-below-header-display":"","ast-hfb-mobile-header-display":"","site-post-title":"","ast-breadcrumbs-content":"","ast-featured-img":"","footer-sml-layout":"","theme-transparent-header-meta":"default","adv-header-id-meta":"","stick-header-meta":"default","header-above-stick-meta":"","header-main-stick-meta":"","header-below-stick-meta":"","astra-migrate-meta-layouts":"set","ast-page-background-enabled":"default","ast-page-background-meta":{"desktop":{"background-color":"var(--ast-global-color-4)","background-image":"","background-repeat":"repeat","background-position":"center center","background-size":"auto","background-attachment":"scroll","background-type":"","background-media":"","overlay-type":"","overlay-color":"","overlay-opacity":"","overlay-gradient":""},"tablet":{"background-color":"","background-image":"","background-repeat":"repeat","background-position":"center center","background-size":"auto","background-attachment":"scroll","background-type":"","background-media":"","overlay-type":"","overlay-color":"","overlay-opacity":"","overlay-gradient":""},"mobile":{"background-color":"","background-image":"","background-repeat":"repeat","background-position":"center center","background-size":"auto","background-attachment":"scroll","background-type":"","background-media":"","overlay-type":"","overlay-color":"","overlay-opacity":"","overlay-gradient":""}},"ast-content-background-meta":{"desktop":{"background-color":"var(--ast-global-color-5)","background-image":"","background-repeat":"repeat","background-position":"center center","background-size":"auto","background-attachment":"scroll","background-type":"","background-media":"","overlay-type":"","overlay-color":"","overlay-opacity":"","overlay-gradient":""},"tablet":{"background-color":"var(--ast-global-color-5)","background-image":"","background-repeat":"repeat","background-position":"center center","background-size":"auto","background-attachment":"scroll","background-type":"","background-media":"","overlay-type":"","overlay-color":"","overlay-opacity":"","overlay-gradient":""},"mobile":{"background-color":"var(--ast-global-color-5)","background-image":"","background-repeat":"repeat","background-position":"center center","background-size":"auto","background-attachment":"scroll","background-type":"","background-media":"","overlay-type":"","overlay-color":"","overlay-opacity":"","overlay-gradient":""}}},"product_cat":[38],"product_tag":[],"class_list":{"0":"post-1216","1":"product","2":"type-product","3":"status-publish","4":"has-post-thumbnail","6":"product_cat-nail-machine","7":"desktop-align-left","8":"tablet-align-left","9":"mobile-align-left","10":"ast-product-gallery-layout-horizontal-slider","11":"ast-product-tabs-layout-horizontal","13":"first","14":"instock","15":"shipping-taxable","16":"product-type-simple"},"yoast_head":"<!-- This site is optimized with the Yoast SEO Premium plugin v22.6 (Yoast SEO v23.0) - https:\/\/yoast.com\/wordpress\/plugins\/seo\/ -->\n<title>Automatic High Speed Nail Making Machine Nail &amp; Bolts Making Machines - SSS Hardware Industry | Professional Hardware Manufacturing<\/title>\n<meta name=\"description\" content=\"Discover our high-speed nail making machine for efficient production. Explore features, specifications, and benefits of this advanced manufacturing equipment.\" \/>\n<meta name=\"robots\" content=\"index, follow, max-snippet:-1, max-image-preview:large, max-video-preview:-1\" \/>\n<link rel=\"canonical\" href=\"https:\/\/ssshardwaremachinery.com\/it\/prodotto\/automatic-high-speed-nail-making-machine-nail-bolts-making-machines\/\" \/>\n<meta property=\"og:locale\" content=\"it_IT\" \/>\n<meta property=\"og:type\" content=\"article\" \/>\n<meta property=\"og:title\" content=\"Automatic High Speed Nail Making Machine Nail &amp; Bolts Making Machines\" \/>\n<meta property=\"og:description\" content=\"Discover our high-speed nail making machine for efficient production. Explore features, specifications, and benefits of this advanced manufacturing equipment.\" \/>\n<meta property=\"og:url\" content=\"https:\/\/ssshardwaremachinery.com\/it\/prodotto\/automatic-high-speed-nail-making-machine-nail-bolts-making-machines\/\" \/>\n<meta property=\"og:site_name\" content=\"SSS Hardware Industry | Professional Hardware Manufacturing\" \/>\n<meta property=\"article:modified_time\" content=\"2024-08-14T03:39:08+00:00\" \/>\n<meta property=\"og:image\" content=\"https:\/\/ssshardwaremachinery.com\/wp-content\/uploads\/2024\/08\/1.jpg\" \/>\n\t<meta property=\"og:image:width\" content=\"1000\" \/>\n\t<meta property=\"og:image:height\" content=\"1000\" \/>\n\t<meta property=\"og:image:type\" content=\"image\/jpeg\" \/>\n<meta name=\"twitter:card\" content=\"summary_large_image\" \/>\n<meta name=\"twitter:label1\" content=\"Tempo di lettura stimato\" \/>\n\t<meta name=\"twitter:data1\" content=\"2 minuti\" \/>\n<script type=\"application\/ld+json\" class=\"yoast-schema-graph\">{\"@context\":\"https:\/\/schema.org\",\"@graph\":[{\"@type\":\"WebPage\",\"@id\":\"https:\/\/ssshardwaremachinery.com\/product\/automatic-high-speed-nail-making-machine-nail-bolts-making-machines\/\",\"url\":\"https:\/\/ssshardwaremachinery.com\/product\/automatic-high-speed-nail-making-machine-nail-bolts-making-machines\/\",\"name\":\"Automatic High Speed Nail Making Machine Nail & Bolts Making Machines - SSS Hardware Industry | Professional Hardware Manufacturing\",\"isPartOf\":{\"@id\":\"https:\/\/ssshardwaremachinery.com\/#website\"},\"primaryImageOfPage\":{\"@id\":\"https:\/\/ssshardwaremachinery.com\/product\/automatic-high-speed-nail-making-machine-nail-bolts-making-machines\/#primaryimage\"},\"image\":{\"@id\":\"https:\/\/ssshardwaremachinery.com\/product\/automatic-high-speed-nail-making-machine-nail-bolts-making-machines\/#primaryimage\"},\"thumbnailUrl\":\"https:\/\/ssshardwaremachinery.com\/wp-content\/uploads\/2024\/08\/1.jpg\",\"datePublished\":\"2024-08-01T08:57:11+00:00\",\"dateModified\":\"2024-08-14T03:39:08+00:00\",\"description\":\"Discover our high-speed nail making machine for efficient production. Explore features, specifications, and benefits of this advanced manufacturing equipment.\",\"breadcrumb\":{\"@id\":\"https:\/\/ssshardwaremachinery.com\/product\/automatic-high-speed-nail-making-machine-nail-bolts-making-machines\/#breadcrumb\"},\"inLanguage\":\"it-IT\",\"potentialAction\":[{\"@type\":\"ReadAction\",\"target\":[\"https:\/\/ssshardwaremachinery.com\/product\/automatic-high-speed-nail-making-machine-nail-bolts-making-machines\/\"]}]},{\"@type\":\"ImageObject\",\"inLanguage\":\"it-IT\",\"@id\":\"https:\/\/ssshardwaremachinery.com\/product\/automatic-high-speed-nail-making-machine-nail-bolts-making-machines\/#primaryimage\",\"url\":\"https:\/\/ssshardwaremachinery.com\/wp-content\/uploads\/2024\/08\/1.jpg\",\"contentUrl\":\"https:\/\/ssshardwaremachinery.com\/wp-content\/uploads\/2024\/08\/1.jpg\",\"width\":1000,\"height\":1000,\"caption\":\"high speed nail making machine\"},{\"@type\":\"BreadcrumbList\",\"@id\":\"https:\/\/ssshardwaremachinery.com\/product\/automatic-high-speed-nail-making-machine-nail-bolts-making-machines\/#breadcrumb\",\"itemListElement\":[{\"@type\":\"ListItem\",\"position\":1,\"name\":\"\u9996\u9875\",\"item\":\"https:\/\/ssshardwaremachinery.com\/\"},{\"@type\":\"ListItem\",\"position\":2,\"name\":\"Products\",\"item\":\"https:\/\/ssshardwaremachinery.com\/products\/\"},{\"@type\":\"ListItem\",\"position\":3,\"name\":\"Automatic High Speed Nail Making Machine Nail &#038; Bolts Making Machines\"}]},{\"@type\":\"WebSite\",\"@id\":\"https:\/\/ssshardwaremachinery.com\/#website\",\"url\":\"https:\/\/ssshardwaremachinery.com\/\",\"name\":\"SSS Hardware Industry | Professional Hardware Manufacturing\",\"description\":\"&quot;Your Source for Professional Hardware Machinery Manufacturing at SSS Hardware Industry&quot;\",\"publisher\":{\"@id\":\"https:\/\/ssshardwaremachinery.com\/#organization\"},\"potentialAction\":[{\"@type\":\"SearchAction\",\"target\":{\"@type\":\"EntryPoint\",\"urlTemplate\":\"https:\/\/ssshardwaremachinery.com\/?s={search_term_string}\"},\"query-input\":\"required name=search_term_string\"}],\"inLanguage\":\"it-IT\"},{\"@type\":\"Organization\",\"@id\":\"https:\/\/ssshardwaremachinery.com\/#organization\",\"name\":\"SSS Hardware Industry | Professional Hardware Manufacturing\",\"url\":\"https:\/\/ssshardwaremachinery.com\/\",\"logo\":{\"@type\":\"ImageObject\",\"inLanguage\":\"it-IT\",\"@id\":\"https:\/\/ssshardwaremachinery.com\/#\/schema\/logo\/image\/\",\"url\":\"https:\/\/ssshardwaremachinery.com\/wp-content\/uploads\/2024\/07\/cropped-cropped-\u5fae\u4fe1\u56fe\u7247_20240708153705-1.png\",\"contentUrl\":\"https:\/\/ssshardwaremachinery.com\/wp-content\/uploads\/2024\/07\/cropped-cropped-\u5fae\u4fe1\u56fe\u7247_20240708153705-1.png\",\"width\":512,\"height\":336,\"caption\":\"SSS Hardware Industry | Professional Hardware Manufacturing\"},\"image\":{\"@id\":\"https:\/\/ssshardwaremachinery.com\/#\/schema\/logo\/image\/\"}}]}<\/script>\n<!-- \/ Yoast SEO Premium plugin. -->","yoast_head_json":{"title":"Automatic High Speed Nail Making Machine Nail & Bolts Making Machines - SSS Hardware Industry | Professional Hardware Manufacturing","description":"Discover our high-speed nail making machine for efficient production. Explore features, specifications, and benefits of this advanced manufacturing equipment.","robots":{"index":"index","follow":"follow","max-snippet":"max-snippet:-1","max-image-preview":"max-image-preview:large","max-video-preview":"max-video-preview:-1"},"canonical":"https:\/\/ssshardwaremachinery.com\/it\/prodotto\/automatic-high-speed-nail-making-machine-nail-bolts-making-machines\/","og_locale":"it_IT","og_type":"article","og_title":"Automatic High Speed Nail Making Machine Nail & Bolts Making Machines","og_description":"Discover our high-speed nail making machine for efficient production. Explore features, specifications, and benefits of this advanced manufacturing equipment.","og_url":"https:\/\/ssshardwaremachinery.com\/it\/prodotto\/automatic-high-speed-nail-making-machine-nail-bolts-making-machines\/","og_site_name":"SSS Hardware Industry | Professional Hardware Manufacturing","article_modified_time":"2024-08-14T03:39:08+00:00","og_image":[{"width":1000,"height":1000,"url":"https:\/\/ssshardwaremachinery.com\/wp-content\/uploads\/2024\/08\/1.jpg","type":"image\/jpeg"}],"twitter_card":"summary_large_image","twitter_misc":{"Tempo di lettura stimato":"2 minuti"},"schema":{"@context":"https:\/\/schema.org","@graph":[{"@type":"WebPage","@id":"https:\/\/ssshardwaremachinery.com\/product\/automatic-high-speed-nail-making-machine-nail-bolts-making-machines\/","url":"https:\/\/ssshardwaremachinery.com\/product\/automatic-high-speed-nail-making-machine-nail-bolts-making-machines\/","name":"Automatic High Speed Nail Making Machine Nail & Bolts Making Machines - SSS Hardware Industry | Professional Hardware Manufacturing","isPartOf":{"@id":"https:\/\/ssshardwaremachinery.com\/#website"},"primaryImageOfPage":{"@id":"https:\/\/ssshardwaremachinery.com\/product\/automatic-high-speed-nail-making-machine-nail-bolts-making-machines\/#primaryimage"},"image":{"@id":"https:\/\/ssshardwaremachinery.com\/product\/automatic-high-speed-nail-making-machine-nail-bolts-making-machines\/#primaryimage"},"thumbnailUrl":"https:\/\/ssshardwaremachinery.com\/wp-content\/uploads\/2024\/08\/1.jpg","datePublished":"2024-08-01T08:57:11+00:00","dateModified":"2024-08-14T03:39:08+00:00","description":"Discover our high-speed nail making machine for efficient production. Explore features, specifications, and benefits of this advanced manufacturing equipment.","breadcrumb":{"@id":"https:\/\/ssshardwaremachinery.com\/product\/automatic-high-speed-nail-making-machine-nail-bolts-making-machines\/#breadcrumb"},"inLanguage":"it-IT","potentialAction":[{"@type":"ReadAction","target":["https:\/\/ssshardwaremachinery.com\/product\/automatic-high-speed-nail-making-machine-nail-bolts-making-machines\/"]}]},{"@type":"ImageObject","inLanguage":"it-IT","@id":"https:\/\/ssshardwaremachinery.com\/product\/automatic-high-speed-nail-making-machine-nail-bolts-making-machines\/#primaryimage","url":"https:\/\/ssshardwaremachinery.com\/wp-content\/uploads\/2024\/08\/1.jpg","contentUrl":"https:\/\/ssshardwaremachinery.com\/wp-content\/uploads\/2024\/08\/1.jpg","width":1000,"height":1000,"caption":"high speed nail making machine"},{"@type":"BreadcrumbList","@id":"https:\/\/ssshardwaremachinery.com\/product\/automatic-high-speed-nail-making-machine-nail-bolts-making-machines\/#breadcrumb","itemListElement":[{"@type":"ListItem","position":1,"name":"\u9996\u9875","item":"https:\/\/ssshardwaremachinery.com\/"},{"@type":"ListItem","position":2,"name":"Products","item":"https:\/\/ssshardwaremachinery.com\/products\/"},{"@type":"ListItem","position":3,"name":"Automatic High Speed Nail Making Machine Nail &#038; Bolts Making Machines"}]},{"@type":"WebSite","@id":"https:\/\/ssshardwaremachinery.com\/#website","url":"https:\/\/ssshardwaremachinery.com\/","name":"SSS Hardware Industry | Professional Hardware Manufacturing","description":"&quot;Your Source for Professional Hardware Machinery Manufacturing at SSS Hardware Industry&quot;","publisher":{"@id":"https:\/\/ssshardwaremachinery.com\/#organization"},"potentialAction":[{"@type":"SearchAction","target":{"@type":"EntryPoint","urlTemplate":"https:\/\/ssshardwaremachinery.com\/?s={search_term_string}"},"query-input":"required name=search_term_string"}],"inLanguage":"it-IT"},{"@type":"Organization","@id":"https:\/\/ssshardwaremachinery.com\/#organization","name":"SSS Hardware Industry | Professional Hardware Manufacturing","url":"https:\/\/ssshardwaremachinery.com\/","logo":{"@type":"ImageObject","inLanguage":"it-IT","@id":"https:\/\/ssshardwaremachinery.com\/#\/schema\/logo\/image\/","url":"https:\/\/ssshardwaremachinery.com\/wp-content\/uploads\/2024\/07\/cropped-cropped-\u5fae\u4fe1\u56fe\u7247_20240708153705-1.png","contentUrl":"https:\/\/ssshardwaremachinery.com\/wp-content\/uploads\/2024\/07\/cropped-cropped-\u5fae\u4fe1\u56fe\u7247_20240708153705-1.png","width":512,"height":336,"caption":"SSS Hardware Industry | Professional Hardware Manufacturing"},"image":{"@id":"https:\/\/ssshardwaremachinery.com\/#\/schema\/logo\/image\/"}}]}},"_links":{"self":[{"href":"https:\/\/ssshardwaremachinery.com\/it\/wp-json\/wp\/v2\/product\/1216"}],"collection":[{"href":"https:\/\/ssshardwaremachinery.com\/it\/wp-json\/wp\/v2\/product"}],"about":[{"href":"https:\/\/ssshardwaremachinery.com\/it\/wp-json\/wp\/v2\/types\/product"}],"wp:featuredmedia":[{"embeddable":true,"href":"https:\/\/ssshardwaremachinery.com\/it\/wp-json\/wp\/v2\/media\/1218"}],"wp:attachment":[{"href":"https:\/\/ssshardwaremachinery.com\/it\/wp-json\/wp\/v2\/media?parent=1216"}],"wp:term":[{"taxonomy":"product_cat","embeddable":true,"href":"https:\/\/ssshardwaremachinery.com\/it\/wp-json\/wp\/v2\/product_cat?post=1216"},{"taxonomy":"product_tag","embeddable":true,"href":"https:\/\/ssshardwaremachinery.com\/it\/wp-json\/wp\/v2\/product_tag?post=1216"}],"curies":[{"name":"wp","href":"https:\/\/api.w.org\/{rel}","templated":true}]}}