{"id":1216,"date":"2024-08-01T08:57:11","date_gmt":"2024-08-01T08:57:11","guid":{"rendered":"https:\/\/ssshardwaremachinery.com\/?post_type=product&#038;p=1216"},"modified":"2024-08-14T03:39:08","modified_gmt":"2024-08-14T03:39:08","slug":"automatic-high-speed-nail-making-machine-nail-bolts-making-machines","status":"publish","type":"product","link":"https:\/\/ssshardwaremachinery.com\/fr\/produit\/automatic-high-speed-nail-making-machine-nail-bolts-making-machines\/","title":{"rendered":"Machine automatique \u00e0 haute vitesse pour la fabrication de clous Machines pour la fabrication de clous et de boulons"},"content":{"rendered":"<h1><span style=\"color: #0000ff;\">D\u00c9TAILS DU PRODUIT<\/span><\/h1>\n<hr \/>\n<p>1. <b>Longue dur\u00e9e de vie<\/b>La courroie blanche est peu co\u00fbteuse et a une longue dur\u00e9e de vie, soit 5 \u00e0 6 mois sans erreur de fonctionnement.<br \/>\n2. <b>Huilage automatique<\/b>Les points de lubrification sont peu nombreux, beaucoup moins que les machines traditionnelles et les autres machines de fabrication de clous sur le march\u00e9. Elle reste tr\u00e8s ordonn\u00e9e lors de son fonctionnement.<br \/>\n3. <b>Production \u00e9lev\u00e9e.<\/b> La sp\u00e9cification 2550 est un exemple, soit environ 750 kg \/ 8 heures.<br \/>\n4. <b>Pas de d\u00e9montage<\/b> sinon changer les sp\u00e9cifications du moule \u00e0 clous qui peut fonctionner pendant 3 mois. Coupe-clou de 60 classes (8 heures par jour, diam\u00e8tre de fil de 2,5). Le temps de poin\u00e7onnage est cinq fois sup\u00e9rieur \u00e0 celui d'un \u00e9quipement ordinaire, en fonction de l'\u00e9tat d'utilisation r\u00e9el.<br \/>\n5. <b>Durable.<\/b> Le coupe-clou coupe sans contact, le nombre de cisaillements peut atteindre au moins 800 millions de fois (8 000 000 correspond au temps de coupe d'un fil de 2,0 mm de diam\u00e8tre, le diam\u00e8tre brut du fil sera multipli\u00e9) ; faible consommation de moule \u00e0 clous, pas de fissure, pas d'usure brute du moule fixe, pas de colmatage du moule, une seule paire de moules \u00e0 clous peut couper au moins 50 millions de fois, le poin\u00e7onnage est plus de 25 millions de fois. Le coupe-clou, le moule \u00e0 clous et le poin\u00e7on peuvent \u00eatre r\u00e9par\u00e9s plusieurs fois au m\u00eame co\u00fbt que l'\u00e9quipement g\u00e9n\u00e9ral.<br \/>\n6. <b>Super \u00e9conomie d'\u00e9nergie<\/b>La consommation actuelle d'une machine \u00e0 clous \u00e0 grande vitesse est d'environ 3,5 kW, la production d'une tonne de clous permet d'\u00e9conomiser environ 20 degr\u00e9s d'\u00e9lectricit\u00e9, tandis que la consommation d'une machine \u00e0 clous ordinaire de 2,5 jeux est de 5 \u00e0 6 kW en raison de la longue course du coulisseau et des multiples pi\u00e8ces de friction coulissantes.<br \/>\n7. <b>60% \u00e9conomie de main d'\u0153uvre<\/b> en raison de sa grande efficacit\u00e9. L'efficacit\u00e9 de l'enroulement des clous augmente d'au moins 50% avec une machine \u00e0 souder \u00e0 haute fr\u00e9quence, car chaque clou est un produit de qualit\u00e9 qui ne se coince pas et ne s'arr\u00eate pas, m\u00eame si \u00e0 la vitesse de 1900 clous\/min, la vitesse d'enroulement peut augmenter de 30%, ce qui permet de r\u00e9duire le co\u00fbt de la main d'\u0153uvre de 40%.<\/p>\n<h2><\/h2>\n<h2><span style=\"color: #0000ff;\">DONN\u00c9ES SUR LES \u00c9QUIPEMENTS<\/span><\/h2>\n<hr \/>\n<table class=\"has-title hight-light-first-column all magic-10\">\n<tbody>\n<tr>\n<td colspan=\"1\" rowspan=\"1\">\n<div class=\"magic-11\" data-spm-anchor-id=\"a2700.details.0.i47.507f498dNOVPrM\">P\/N<\/div>\n<\/td>\n<td colspan=\"1\" rowspan=\"1\">\n<div class=\"magic-12\">Longueur du clou (mm)<\/div>\n<\/td>\n<td colspan=\"1\" rowspan=\"1\">\n<div class=\"magic-13\">Diam\u00e8tre du clou (mm)<\/div>\n<\/td>\n<td colspan=\"1\" rowspan=\"1\">\n<div class=\"magic-14\">Production (pcs\/min.)<\/div>\n<\/td>\n<td colspan=\"1\" rowspan=\"1\">\n<div class=\"magic-15\">Poids (kg)<\/div>\n<\/td>\n<td colspan=\"1\" rowspan=\"1\">\n<div class=\"magic-16\">Puissance (kw)<\/div>\n<\/td>\n<td colspan=\"1\" rowspan=\"1\">\n<div class=\"magic-17\">Dimension (mm)<\/div>\n<\/td>\n<\/tr>\n<tr>\n<td colspan=\"1\" rowspan=\"1\">\n<div class=\"magic-11\">SSS-ZDJ-D50<\/div>\n<\/td>\n<td colspan=\"1\" rowspan=\"1\">\n<div class=\"magic-12\">25-50<\/div>\n<\/td>\n<td colspan=\"1\" rowspan=\"1\">\n<div class=\"magic-13\">2.0-3.0<\/div>\n<\/td>\n<td colspan=\"1\" rowspan=\"1\">\n<div class=\"magic-14\">800<\/div>\n<\/td>\n<td colspan=\"1\" rowspan=\"1\">\n<div class=\"magic-15\">2500<\/div>\n<\/td>\n<td colspan=\"1\" rowspan=\"1\">\n<div class=\"magic-16\">7.0<\/div>\n<\/td>\n<td colspan=\"1\" rowspan=\"1\">\n<div class=\"magic-17\">1350*900*1050<\/div>\n<\/td>\n<\/tr>\n<tr>\n<td colspan=\"1\" rowspan=\"1\">\n<div class=\"magic-11\">SSS-ZDJ-D90<\/div>\n<\/td>\n<td colspan=\"1\" rowspan=\"1\">\n<div class=\"magic-12\">32-90<\/div>\n<\/td>\n<td colspan=\"1\" rowspan=\"1\">\n<div class=\"magic-13\">2.0-3.8<\/div>\n<\/td>\n<td colspan=\"1\" rowspan=\"1\">\n<div class=\"magic-14\">760<\/div>\n<\/td>\n<td colspan=\"1\" rowspan=\"1\">\n<div class=\"magic-15\">2800<\/div>\n<\/td>\n<td colspan=\"1\" rowspan=\"1\">\n<div class=\"magic-16\">7.0<\/div>\n<\/td>\n<td colspan=\"1\" rowspan=\"1\">\n<div class=\"magic-17\">1350*1220*1050<\/div>\n<\/td>\n<\/tr>\n<tr>\n<td colspan=\"1\" rowspan=\"1\">\n<div class=\"magic-11\">SSS-ZDJ-D130<\/div>\n<\/td>\n<td colspan=\"1\" rowspan=\"1\">\n<div class=\"magic-12\">70-130<\/div>\n<\/td>\n<td colspan=\"1\" rowspan=\"1\">\n<div class=\"magic-13\">2.4-4.0<\/div>\n<\/td>\n<td colspan=\"1\" rowspan=\"1\">\n<div class=\"magic-14\">680<\/div>\n<\/td>\n<td colspan=\"1\" rowspan=\"1\">\n<div class=\"magic-15\">3500<\/div>\n<\/td>\n<td colspan=\"1\" rowspan=\"1\">\n<div class=\"magic-16\">9.7<\/div>\n<\/td>\n<td colspan=\"1\" rowspan=\"1\">\n<div class=\"magic-17\">1350*1220*1050<\/div>\n<\/td>\n<\/tr>\n<tr>\n<td colspan=\"1\" rowspan=\"1\">\n<div class=\"magic-11\">SSS-ZDJ-D150<\/div>\n<\/td>\n<td colspan=\"1\" rowspan=\"1\">\n<div class=\"magic-12\">70-150<\/div>\n<\/td>\n<td colspan=\"1\" rowspan=\"1\">\n<div class=\"magic-13\">2.5-5.0<\/div>\n<\/td>\n<td colspan=\"1\" rowspan=\"1\">\n<div class=\"magic-14\">600<\/div>\n<\/td>\n<td colspan=\"1\" rowspan=\"1\">\n<div class=\"magic-15\">4500<\/div>\n<\/td>\n<td colspan=\"1\" rowspan=\"1\">\n<div class=\"magic-16\">13.2<\/div>\n<\/td>\n<td colspan=\"1\" rowspan=\"1\">\n<div class=\"magic-17\">1650*1250*1300<\/div>\n<\/td>\n<\/tr>\n<\/tbody>\n<\/table>","protected":false},"excerpt":{"rendered":"<p>D\u00c9TAILS DU PRODUIT 1. longue dur\u00e9e de vie, pas moins que la machine \u00e0 fabriquer des clous traditionnelle, au moins sept ans.blanc [...]<\/p>","protected":false},"featured_media":1218,"template":"","meta":{"_monsterinsights_skip_tracking":false,"_monsterinsights_sitenote_active":false,"_monsterinsights_sitenote_note":"","_monsterinsights_sitenote_category":0,"site-sidebar-layout":"default","site-content-layout":"","ast-site-content-layout":"default","site-content-style":"default","site-sidebar-style":"default","ast-global-header-display":"","ast-banner-title-visibility":"","ast-main-header-display":"","ast-hfb-above-header-display":"","ast-hfb-below-header-display":"","ast-hfb-mobile-header-display":"","site-post-title":"","ast-breadcrumbs-content":"","ast-featured-img":"","footer-sml-layout":"","theme-transparent-header-meta":"default","adv-header-id-meta":"","stick-header-meta":"default","header-above-stick-meta":"","header-main-stick-meta":"","header-below-stick-meta":"","astra-migrate-meta-layouts":"set","ast-page-background-enabled":"default","ast-page-background-meta":{"desktop":{"background-color":"var(--ast-global-color-4)","background-image":"","background-repeat":"repeat","background-position":"center center","background-size":"auto","background-attachment":"scroll","background-type":"","background-media":"","overlay-type":"","overlay-color":"","overlay-opacity":"","overlay-gradient":""},"tablet":{"background-color":"","background-image":"","background-repeat":"repeat","background-position":"center center","background-size":"auto","background-attachment":"scroll","background-type":"","background-media":"","overlay-type":"","overlay-color":"","overlay-opacity":"","overlay-gradient":""},"mobile":{"background-color":"","background-image":"","background-repeat":"repeat","background-position":"center center","background-size":"auto","background-attachment":"scroll","background-type":"","background-media":"","overlay-type":"","overlay-color":"","overlay-opacity":"","overlay-gradient":""}},"ast-content-background-meta":{"desktop":{"background-color":"var(--ast-global-color-5)","background-image":"","background-repeat":"repeat","background-position":"center center","background-size":"auto","background-attachment":"scroll","background-type":"","background-media":"","overlay-type":"","overlay-color":"","overlay-opacity":"","overlay-gradient":""},"tablet":{"background-color":"var(--ast-global-color-5)","background-image":"","background-repeat":"repeat","background-position":"center center","background-size":"auto","background-attachment":"scroll","background-type":"","background-media":"","overlay-type":"","overlay-color":"","overlay-opacity":"","overlay-gradient":""},"mobile":{"background-color":"var(--ast-global-color-5)","background-image":"","background-repeat":"repeat","background-position":"center center","background-size":"auto","background-attachment":"scroll","background-type":"","background-media":"","overlay-type":"","overlay-color":"","overlay-opacity":"","overlay-gradient":""}}},"product_cat":[38],"product_tag":[],"class_list":{"0":"post-1216","1":"product","2":"type-product","3":"status-publish","4":"has-post-thumbnail","6":"product_cat-nail-machine","7":"desktop-align-left","8":"tablet-align-left","9":"mobile-align-left","10":"ast-product-gallery-layout-horizontal-slider","11":"ast-product-tabs-layout-horizontal","13":"first","14":"instock","15":"shipping-taxable","16":"product-type-simple"},"yoast_head":"<!-- This site is optimized with the Yoast SEO Premium plugin v22.6 (Yoast SEO v23.0) - https:\/\/yoast.com\/wordpress\/plugins\/seo\/ -->\n<title>Automatic High Speed Nail Making Machine Nail &amp; Bolts Making Machines - SSS Hardware Industry | Professional Hardware Manufacturing<\/title>\n<meta name=\"description\" content=\"Discover our high-speed nail making machine for efficient production. Explore features, specifications, and benefits of this advanced manufacturing equipment.\" \/>\n<meta name=\"robots\" content=\"index, follow, max-snippet:-1, max-image-preview:large, max-video-preview:-1\" \/>\n<link rel=\"canonical\" href=\"https:\/\/ssshardwaremachinery.com\/fr\/produit\/automatic-high-speed-nail-making-machine-nail-bolts-making-machines\/\" \/>\n<meta property=\"og:locale\" content=\"fr_FR\" \/>\n<meta property=\"og:type\" content=\"article\" \/>\n<meta property=\"og:title\" content=\"Automatic High Speed Nail Making Machine Nail &amp; Bolts Making Machines\" \/>\n<meta property=\"og:description\" content=\"Discover our high-speed nail making machine for efficient production. Explore features, specifications, and benefits of this advanced manufacturing equipment.\" \/>\n<meta property=\"og:url\" content=\"https:\/\/ssshardwaremachinery.com\/fr\/produit\/automatic-high-speed-nail-making-machine-nail-bolts-making-machines\/\" \/>\n<meta property=\"og:site_name\" content=\"SSS Hardware Industry | Professional Hardware Manufacturing\" \/>\n<meta property=\"article:modified_time\" content=\"2024-08-14T03:39:08+00:00\" \/>\n<meta property=\"og:image\" content=\"https:\/\/ssshardwaremachinery.com\/wp-content\/uploads\/2024\/08\/1.jpg\" \/>\n\t<meta property=\"og:image:width\" content=\"1000\" \/>\n\t<meta property=\"og:image:height\" content=\"1000\" \/>\n\t<meta property=\"og:image:type\" content=\"image\/jpeg\" \/>\n<meta name=\"twitter:card\" content=\"summary_large_image\" \/>\n<meta name=\"twitter:label1\" content=\"Dur\u00e9e de lecture estim\u00e9e\" \/>\n\t<meta name=\"twitter:data1\" content=\"2 minutes\" \/>\n<script type=\"application\/ld+json\" class=\"yoast-schema-graph\">{\"@context\":\"https:\/\/schema.org\",\"@graph\":[{\"@type\":\"WebPage\",\"@id\":\"https:\/\/ssshardwaremachinery.com\/product\/automatic-high-speed-nail-making-machine-nail-bolts-making-machines\/\",\"url\":\"https:\/\/ssshardwaremachinery.com\/product\/automatic-high-speed-nail-making-machine-nail-bolts-making-machines\/\",\"name\":\"Automatic High Speed Nail Making Machine Nail & Bolts Making Machines - SSS Hardware Industry | Professional Hardware Manufacturing\",\"isPartOf\":{\"@id\":\"https:\/\/ssshardwaremachinery.com\/#website\"},\"primaryImageOfPage\":{\"@id\":\"https:\/\/ssshardwaremachinery.com\/product\/automatic-high-speed-nail-making-machine-nail-bolts-making-machines\/#primaryimage\"},\"image\":{\"@id\":\"https:\/\/ssshardwaremachinery.com\/product\/automatic-high-speed-nail-making-machine-nail-bolts-making-machines\/#primaryimage\"},\"thumbnailUrl\":\"https:\/\/ssshardwaremachinery.com\/wp-content\/uploads\/2024\/08\/1.jpg\",\"datePublished\":\"2024-08-01T08:57:11+00:00\",\"dateModified\":\"2024-08-14T03:39:08+00:00\",\"description\":\"Discover our high-speed nail making machine for efficient production. Explore features, specifications, and benefits of this advanced manufacturing equipment.\",\"breadcrumb\":{\"@id\":\"https:\/\/ssshardwaremachinery.com\/product\/automatic-high-speed-nail-making-machine-nail-bolts-making-machines\/#breadcrumb\"},\"inLanguage\":\"fr-FR\",\"potentialAction\":[{\"@type\":\"ReadAction\",\"target\":[\"https:\/\/ssshardwaremachinery.com\/product\/automatic-high-speed-nail-making-machine-nail-bolts-making-machines\/\"]}]},{\"@type\":\"ImageObject\",\"inLanguage\":\"fr-FR\",\"@id\":\"https:\/\/ssshardwaremachinery.com\/product\/automatic-high-speed-nail-making-machine-nail-bolts-making-machines\/#primaryimage\",\"url\":\"https:\/\/ssshardwaremachinery.com\/wp-content\/uploads\/2024\/08\/1.jpg\",\"contentUrl\":\"https:\/\/ssshardwaremachinery.com\/wp-content\/uploads\/2024\/08\/1.jpg\",\"width\":1000,\"height\":1000,\"caption\":\"high speed nail making machine\"},{\"@type\":\"BreadcrumbList\",\"@id\":\"https:\/\/ssshardwaremachinery.com\/product\/automatic-high-speed-nail-making-machine-nail-bolts-making-machines\/#breadcrumb\",\"itemListElement\":[{\"@type\":\"ListItem\",\"position\":1,\"name\":\"\u9996\u9875\",\"item\":\"https:\/\/ssshardwaremachinery.com\/\"},{\"@type\":\"ListItem\",\"position\":2,\"name\":\"Products\",\"item\":\"https:\/\/ssshardwaremachinery.com\/products\/\"},{\"@type\":\"ListItem\",\"position\":3,\"name\":\"Automatic High Speed Nail Making Machine Nail &#038; Bolts Making Machines\"}]},{\"@type\":\"WebSite\",\"@id\":\"https:\/\/ssshardwaremachinery.com\/#website\",\"url\":\"https:\/\/ssshardwaremachinery.com\/\",\"name\":\"SSS Hardware Industry | Professional Hardware Manufacturing\",\"description\":\"&quot;Your Source for Professional Hardware Machinery Manufacturing at SSS Hardware Industry&quot;\",\"publisher\":{\"@id\":\"https:\/\/ssshardwaremachinery.com\/#organization\"},\"potentialAction\":[{\"@type\":\"SearchAction\",\"target\":{\"@type\":\"EntryPoint\",\"urlTemplate\":\"https:\/\/ssshardwaremachinery.com\/?s={search_term_string}\"},\"query-input\":\"required name=search_term_string\"}],\"inLanguage\":\"fr-FR\"},{\"@type\":\"Organization\",\"@id\":\"https:\/\/ssshardwaremachinery.com\/#organization\",\"name\":\"SSS Hardware Industry | Professional Hardware Manufacturing\",\"url\":\"https:\/\/ssshardwaremachinery.com\/\",\"logo\":{\"@type\":\"ImageObject\",\"inLanguage\":\"fr-FR\",\"@id\":\"https:\/\/ssshardwaremachinery.com\/#\/schema\/logo\/image\/\",\"url\":\"https:\/\/ssshardwaremachinery.com\/wp-content\/uploads\/2024\/07\/cropped-cropped-\u5fae\u4fe1\u56fe\u7247_20240708153705-1.png\",\"contentUrl\":\"https:\/\/ssshardwaremachinery.com\/wp-content\/uploads\/2024\/07\/cropped-cropped-\u5fae\u4fe1\u56fe\u7247_20240708153705-1.png\",\"width\":512,\"height\":336,\"caption\":\"SSS Hardware Industry | Professional Hardware Manufacturing\"},\"image\":{\"@id\":\"https:\/\/ssshardwaremachinery.com\/#\/schema\/logo\/image\/\"}}]}<\/script>\n<!-- \/ Yoast SEO Premium plugin. -->","yoast_head_json":{"title":"Automatic High Speed Nail Making Machine Nail & Bolts Making Machines - SSS Hardware Industry | Professional Hardware Manufacturing","description":"Discover our high-speed nail making machine for efficient production. Explore features, specifications, and benefits of this advanced manufacturing equipment.","robots":{"index":"index","follow":"follow","max-snippet":"max-snippet:-1","max-image-preview":"max-image-preview:large","max-video-preview":"max-video-preview:-1"},"canonical":"https:\/\/ssshardwaremachinery.com\/fr\/produit\/automatic-high-speed-nail-making-machine-nail-bolts-making-machines\/","og_locale":"fr_FR","og_type":"article","og_title":"Automatic High Speed Nail Making Machine Nail & Bolts Making Machines","og_description":"Discover our high-speed nail making machine for efficient production. Explore features, specifications, and benefits of this advanced manufacturing equipment.","og_url":"https:\/\/ssshardwaremachinery.com\/fr\/produit\/automatic-high-speed-nail-making-machine-nail-bolts-making-machines\/","og_site_name":"SSS Hardware Industry | Professional Hardware Manufacturing","article_modified_time":"2024-08-14T03:39:08+00:00","og_image":[{"width":1000,"height":1000,"url":"https:\/\/ssshardwaremachinery.com\/wp-content\/uploads\/2024\/08\/1.jpg","type":"image\/jpeg"}],"twitter_card":"summary_large_image","twitter_misc":{"Dur\u00e9e de lecture estim\u00e9e":"2 minutes"},"schema":{"@context":"https:\/\/schema.org","@graph":[{"@type":"WebPage","@id":"https:\/\/ssshardwaremachinery.com\/product\/automatic-high-speed-nail-making-machine-nail-bolts-making-machines\/","url":"https:\/\/ssshardwaremachinery.com\/product\/automatic-high-speed-nail-making-machine-nail-bolts-making-machines\/","name":"Automatic High Speed Nail Making Machine Nail & Bolts Making Machines - SSS Hardware Industry | Professional Hardware Manufacturing","isPartOf":{"@id":"https:\/\/ssshardwaremachinery.com\/#website"},"primaryImageOfPage":{"@id":"https:\/\/ssshardwaremachinery.com\/product\/automatic-high-speed-nail-making-machine-nail-bolts-making-machines\/#primaryimage"},"image":{"@id":"https:\/\/ssshardwaremachinery.com\/product\/automatic-high-speed-nail-making-machine-nail-bolts-making-machines\/#primaryimage"},"thumbnailUrl":"https:\/\/ssshardwaremachinery.com\/wp-content\/uploads\/2024\/08\/1.jpg","datePublished":"2024-08-01T08:57:11+00:00","dateModified":"2024-08-14T03:39:08+00:00","description":"Discover our high-speed nail making machine for efficient production. Explore features, specifications, and benefits of this advanced manufacturing equipment.","breadcrumb":{"@id":"https:\/\/ssshardwaremachinery.com\/product\/automatic-high-speed-nail-making-machine-nail-bolts-making-machines\/#breadcrumb"},"inLanguage":"fr-FR","potentialAction":[{"@type":"ReadAction","target":["https:\/\/ssshardwaremachinery.com\/product\/automatic-high-speed-nail-making-machine-nail-bolts-making-machines\/"]}]},{"@type":"ImageObject","inLanguage":"fr-FR","@id":"https:\/\/ssshardwaremachinery.com\/product\/automatic-high-speed-nail-making-machine-nail-bolts-making-machines\/#primaryimage","url":"https:\/\/ssshardwaremachinery.com\/wp-content\/uploads\/2024\/08\/1.jpg","contentUrl":"https:\/\/ssshardwaremachinery.com\/wp-content\/uploads\/2024\/08\/1.jpg","width":1000,"height":1000,"caption":"high speed nail making machine"},{"@type":"BreadcrumbList","@id":"https:\/\/ssshardwaremachinery.com\/product\/automatic-high-speed-nail-making-machine-nail-bolts-making-machines\/#breadcrumb","itemListElement":[{"@type":"ListItem","position":1,"name":"\u9996\u9875","item":"https:\/\/ssshardwaremachinery.com\/"},{"@type":"ListItem","position":2,"name":"Products","item":"https:\/\/ssshardwaremachinery.com\/products\/"},{"@type":"ListItem","position":3,"name":"Automatic High Speed Nail Making Machine Nail &#038; Bolts Making Machines"}]},{"@type":"WebSite","@id":"https:\/\/ssshardwaremachinery.com\/#website","url":"https:\/\/ssshardwaremachinery.com\/","name":"SSS Hardware Industry | Professional Hardware Manufacturing","description":"&quot;Your Source for Professional Hardware Machinery Manufacturing at SSS Hardware Industry&quot;","publisher":{"@id":"https:\/\/ssshardwaremachinery.com\/#organization"},"potentialAction":[{"@type":"SearchAction","target":{"@type":"EntryPoint","urlTemplate":"https:\/\/ssshardwaremachinery.com\/?s={search_term_string}"},"query-input":"required name=search_term_string"}],"inLanguage":"fr-FR"},{"@type":"Organization","@id":"https:\/\/ssshardwaremachinery.com\/#organization","name":"SSS Hardware Industry | Professional Hardware Manufacturing","url":"https:\/\/ssshardwaremachinery.com\/","logo":{"@type":"ImageObject","inLanguage":"fr-FR","@id":"https:\/\/ssshardwaremachinery.com\/#\/schema\/logo\/image\/","url":"https:\/\/ssshardwaremachinery.com\/wp-content\/uploads\/2024\/07\/cropped-cropped-\u5fae\u4fe1\u56fe\u7247_20240708153705-1.png","contentUrl":"https:\/\/ssshardwaremachinery.com\/wp-content\/uploads\/2024\/07\/cropped-cropped-\u5fae\u4fe1\u56fe\u7247_20240708153705-1.png","width":512,"height":336,"caption":"SSS Hardware Industry | Professional Hardware Manufacturing"},"image":{"@id":"https:\/\/ssshardwaremachinery.com\/#\/schema\/logo\/image\/"}}]}},"_links":{"self":[{"href":"https:\/\/ssshardwaremachinery.com\/fr\/wp-json\/wp\/v2\/product\/1216"}],"collection":[{"href":"https:\/\/ssshardwaremachinery.com\/fr\/wp-json\/wp\/v2\/product"}],"about":[{"href":"https:\/\/ssshardwaremachinery.com\/fr\/wp-json\/wp\/v2\/types\/product"}],"wp:featuredmedia":[{"embeddable":true,"href":"https:\/\/ssshardwaremachinery.com\/fr\/wp-json\/wp\/v2\/media\/1218"}],"wp:attachment":[{"href":"https:\/\/ssshardwaremachinery.com\/fr\/wp-json\/wp\/v2\/media?parent=1216"}],"wp:term":[{"taxonomy":"product_cat","embeddable":true,"href":"https:\/\/ssshardwaremachinery.com\/fr\/wp-json\/wp\/v2\/product_cat?post=1216"},{"taxonomy":"product_tag","embeddable":true,"href":"https:\/\/ssshardwaremachinery.com\/fr\/wp-json\/wp\/v2\/product_tag?post=1216"}],"curies":[{"name":"wp","href":"https:\/\/api.w.org\/{rel}","templated":true}]}}