{"id":1196,"date":"2024-08-01T07:40:45","date_gmt":"2024-08-01T07:40:45","guid":{"rendered":"https:\/\/ssshardwaremachinery.com\/?post_type=product&#038;p=1196"},"modified":"2024-08-14T03:45:27","modified_gmt":"2024-08-14T03:45:27","slug":"z94-series-automatic-steel-wire-common-nail-making-machine-price","status":"publish","type":"product","link":"https:\/\/ssshardwaremachinery.com\/fr\/produit\/z94-series-automatic-steel-wire-common-nail-making-machine-price\/","title":{"rendered":"Prix de la machine automatique \u00e0 fabriquer des clous communs en fil d'acier de la s\u00e9rie Z94"},"content":{"rendered":"<h1><span style=\"color: #0000ff;\">D\u00c9TAILS DU PRODUIT<\/span><\/h1>\n<hr \/>\n<p>Nos machines de la s\u00e9rie Z ont une longue dur\u00e9e de vie, sont peu bruyantes et tr\u00e8s performantes. La machine automatique de fabrication de clous est principalement utilis\u00e9e pour fabriquer des clous en acier. La machine est \u00e9galement capable de fabriquer d'autres clous en acier avec des sp\u00e9cifications sp\u00e9ciales, tels que le clou \u00e0 double chapeau, le clou en feutre, le clou en V, le clou \u00e0 plaque ondul\u00e9e, le clou en U, le clou \u00e0 injection, le clou \u00e0 pistolet, etc. apr\u00e8s une l\u00e9g\u00e8re reformation. Les clous fabriqu\u00e9s peuvent \u00eatre largement utilis\u00e9s dans l'industrie, la construction, la r\u00e9paration, etc.<\/p>\n<h2><span style=\"color: #0000ff;\">DONN\u00c9ES SUR LES \u00c9QUIPEMENTS<\/span><\/h2>\n<hr \/>\n<table class=\"has-title all magic-17\" width=\"NaN\" data-id=\"table0\">\n<tbody>\n<tr class=\"firstRow\">\n<td colspan=\"1\" rowspan=\"1\" height=\"20\">\n<div data-spm-anchor-id=\"0.wholesale.0.i23.6131e8bfmcSCGQ\">\n<div>Mod\u00e8le<\/div>\n<\/div>\n<\/td>\n<td colspan=\"1\" rowspan=\"1\" height=\"20\">\n<div>\n<div>GS-100<\/div>\n<\/div>\n<\/td>\n<\/tr>\n<tr>\n<td colspan=\"1\" rowspan=\"1\" height=\"20\">\n<div>\n<div>Vitesse<\/div>\n<\/div>\n<\/td>\n<td colspan=\"1\" rowspan=\"1\" height=\"20\">\n<div>\n<div>1000-1500pcs\/min<\/div>\n<\/div>\n<\/td>\n<\/tr>\n<tr>\n<td colspan=\"1\" rowspan=\"1\" height=\"20\">\n<div>\n<div>Gamme de diam\u00e8tres de clous<\/div>\n<\/div>\n<\/td>\n<td colspan=\"1\" rowspan=\"1\" height=\"20\">\n<div>\n<div>2,0-4,2 mm<\/div>\n<\/div>\n<\/td>\n<\/tr>\n<tr>\n<td colspan=\"1\" rowspan=\"1\" height=\"20\">\n<div>\n<div>Gamme de longueur des ongles<\/div>\n<\/div>\n<\/td>\n<td colspan=\"1\" rowspan=\"1\" height=\"20\">\n<div>\n<div>30-100mm<\/div>\n<\/div>\n<\/td>\n<\/tr>\n<tr>\n<td colspan=\"1\" rowspan=\"1\" height=\"20\">\n<div>\n<div>Puissance du moteur<\/div>\n<\/div>\n<\/td>\n<td colspan=\"1\" rowspan=\"1\" height=\"20\">\n<div>\n<div>5,5 kW<\/div>\n<\/div>\n<\/td>\n<\/tr>\n<tr>\n<td colspan=\"1\" rowspan=\"1\" height=\"20\">\n<div>\n<div>Poids<\/div>\n<\/div>\n<\/td>\n<td colspan=\"1\" rowspan=\"1\" height=\"20\">\n<div>\n<div>1500kg<\/div>\n<\/div>\n<\/td>\n<\/tr>\n<\/tbody>\n<\/table>\n<p><img fetchpriority=\"high\" decoding=\"async\" class=\"alignnone wp-image-1203\" src=\"https:\/\/ssshardwaremachinery.com\/wp-content\/uploads\/2024\/08\/4-300x300.jpg\" alt=\"\" width=\"598\" height=\"598\" srcset=\"https:\/\/ssshardwaremachinery.com\/wp-content\/uploads\/2024\/08\/4-300x300.jpg 300w, https:\/\/ssshardwaremachinery.com\/wp-content\/uploads\/2024\/08\/4-150x150.jpg 150w, https:\/\/ssshardwaremachinery.com\/wp-content\/uploads\/2024\/08\/4-768x768.jpg 768w, https:\/\/ssshardwaremachinery.com\/wp-content\/uploads\/2024\/08\/4-12x12.jpg 12w, https:\/\/ssshardwaremachinery.com\/wp-content\/uploads\/2024\/08\/4-600x600.jpg 600w, https:\/\/ssshardwaremachinery.com\/wp-content\/uploads\/2024\/08\/4-100x100.jpg 100w, https:\/\/ssshardwaremachinery.com\/wp-content\/uploads\/2024\/08\/4.jpg 800w\" sizes=\"(max-width: 598px) 100vw, 598px\" \/> <img decoding=\"async\" class=\"alignnone wp-image-1204\" src=\"https:\/\/ssshardwaremachinery.com\/wp-content\/uploads\/2024\/08\/6-300x300.jpg\" alt=\"\" width=\"521\" height=\"521\" srcset=\"https:\/\/ssshardwaremachinery.com\/wp-content\/uploads\/2024\/08\/6-300x300.jpg 300w, https:\/\/ssshardwaremachinery.com\/wp-content\/uploads\/2024\/08\/6-150x150.jpg 150w, https:\/\/ssshardwaremachinery.com\/wp-content\/uploads\/2024\/08\/6-768x768.jpg 768w, https:\/\/ssshardwaremachinery.com\/wp-content\/uploads\/2024\/08\/6-12x12.jpg 12w, https:\/\/ssshardwaremachinery.com\/wp-content\/uploads\/2024\/08\/6-600x600.jpg 600w, https:\/\/ssshardwaremachinery.com\/wp-content\/uploads\/2024\/08\/6-100x100.jpg 100w, https:\/\/ssshardwaremachinery.com\/wp-content\/uploads\/2024\/08\/6.jpg 800w\" sizes=\"(max-width: 521px) 100vw, 521px\" \/><\/p>\n<p>&nbsp;<\/p>","protected":false},"excerpt":{"rendered":"<p>PRODUCT DETAILS Our Z series machines are long life service, low noise with super performance. Automatic nail making machine is [&hellip;]<\/p>","protected":false},"featured_media":1198,"template":"","meta":{"_monsterinsights_skip_tracking":false,"_monsterinsights_sitenote_active":false,"_monsterinsights_sitenote_note":"","_monsterinsights_sitenote_category":0,"site-sidebar-layout":"default","site-content-layout":"","ast-site-content-layout":"default","site-content-style":"default","site-sidebar-style":"default","ast-global-header-display":"","ast-banner-title-visibility":"","ast-main-header-display":"","ast-hfb-above-header-display":"","ast-hfb-below-header-display":"","ast-hfb-mobile-header-display":"","site-post-title":"","ast-breadcrumbs-content":"","ast-featured-img":"","footer-sml-layout":"","theme-transparent-header-meta":"default","adv-header-id-meta":"","stick-header-meta":"default","header-above-stick-meta":"","header-main-stick-meta":"","header-below-stick-meta":"","astra-migrate-meta-layouts":"set","ast-page-background-enabled":"default","ast-page-background-meta":{"desktop":{"background-color":"var(--ast-global-color-4)","background-image":"","background-repeat":"repeat","background-position":"center center","background-size":"auto","background-attachment":"scroll","background-type":"","background-media":"","overlay-type":"","overlay-color":"","overlay-opacity":"","overlay-gradient":""},"tablet":{"background-color":"","background-image":"","background-repeat":"repeat","background-position":"center center","background-size":"auto","background-attachment":"scroll","background-type":"","background-media":"","overlay-type":"","overlay-color":"","overlay-opacity":"","overlay-gradient":""},"mobile":{"background-color":"","background-image":"","background-repeat":"repeat","background-position":"center center","background-size":"auto","background-attachment":"scroll","background-type":"","background-media":"","overlay-type":"","overlay-color":"","overlay-opacity":"","overlay-gradient":""}},"ast-content-background-meta":{"desktop":{"background-color":"var(--ast-global-color-5)","background-image":"","background-repeat":"repeat","background-position":"center center","background-size":"auto","background-attachment":"scroll","background-type":"","background-media":"","overlay-type":"","overlay-color":"","overlay-opacity":"","overlay-gradient":""},"tablet":{"background-color":"var(--ast-global-color-5)","background-image":"","background-repeat":"repeat","background-position":"center center","background-size":"auto","background-attachment":"scroll","background-type":"","background-media":"","overlay-type":"","overlay-color":"","overlay-opacity":"","overlay-gradient":""},"mobile":{"background-color":"var(--ast-global-color-5)","background-image":"","background-repeat":"repeat","background-position":"center center","background-size":"auto","background-attachment":"scroll","background-type":"","background-media":"","overlay-type":"","overlay-color":"","overlay-opacity":"","overlay-gradient":""}}},"product_cat":[40],"product_tag":[],"class_list":{"0":"post-1196","1":"product","2":"type-product","3":"status-publish","4":"has-post-thumbnail","6":"product_cat-staple-nail-making-machine","7":"desktop-align-left","8":"tablet-align-left","9":"mobile-align-left","10":"ast-product-gallery-layout-horizontal-slider","11":"ast-product-tabs-layout-horizontal","13":"first","14":"instock","15":"shipping-taxable","16":"product-type-simple"},"yoast_head":"<!-- This site is optimized with the Yoast SEO Premium plugin v22.6 (Yoast SEO v23.0) - https:\/\/yoast.com\/wordpress\/plugins\/seo\/ -->\n<title>Z94 series automatic steel wire common nail making machine price - SSS Hardware Industry | Professional Hardware Manufacturing<\/title>\n<meta name=\"description\" content=\"Discover efficient automatic steel wire nail making machines for high-volume production. Explore features, specifications, and benefits\" \/>\n<meta name=\"robots\" content=\"index, follow, max-snippet:-1, max-image-preview:large, max-video-preview:-1\" \/>\n<link rel=\"canonical\" href=\"https:\/\/ssshardwaremachinery.com\/fr\/produit\/z94-series-automatic-steel-wire-common-nail-making-machine-price\/\" \/>\n<meta property=\"og:locale\" content=\"fr_FR\" \/>\n<meta property=\"og:type\" content=\"article\" \/>\n<meta property=\"og:title\" content=\"Z94 series automatic steel wire common nail making machine price\" \/>\n<meta property=\"og:description\" content=\"Discover efficient automatic steel wire nail making machines for high-volume production. Explore features, specifications, and benefits\" \/>\n<meta property=\"og:url\" content=\"https:\/\/ssshardwaremachinery.com\/fr\/produit\/z94-series-automatic-steel-wire-common-nail-making-machine-price\/\" \/>\n<meta property=\"og:site_name\" content=\"SSS Hardware Industry | Professional Hardware Manufacturing\" \/>\n<meta property=\"article:modified_time\" content=\"2024-08-14T03:45:27+00:00\" \/>\n<meta property=\"og:image\" content=\"https:\/\/ssshardwaremachinery.com\/wp-content\/uploads\/2024\/08\/\u666e\u901a\u673a\u4e3b\u56fe111.png\" \/>\n\t<meta property=\"og:image:width\" content=\"750\" \/>\n\t<meta property=\"og:image:height\" content=\"750\" \/>\n\t<meta property=\"og:image:type\" content=\"image\/png\" \/>\n<meta name=\"twitter:card\" content=\"summary_large_image\" \/>\n<meta name=\"twitter:label1\" content=\"Dur\u00e9e de lecture estim\u00e9e\" \/>\n\t<meta name=\"twitter:data1\" content=\"1 minute\" \/>\n<script type=\"application\/ld+json\" class=\"yoast-schema-graph\">{\"@context\":\"https:\/\/schema.org\",\"@graph\":[{\"@type\":\"WebPage\",\"@id\":\"https:\/\/ssshardwaremachinery.com\/product\/z94-series-automatic-steel-wire-common-nail-making-machine-price\/\",\"url\":\"https:\/\/ssshardwaremachinery.com\/product\/z94-series-automatic-steel-wire-common-nail-making-machine-price\/\",\"name\":\"Z94 series automatic steel wire common nail making machine price - SSS Hardware Industry | Professional Hardware Manufacturing\",\"isPartOf\":{\"@id\":\"https:\/\/ssshardwaremachinery.com\/#website\"},\"primaryImageOfPage\":{\"@id\":\"https:\/\/ssshardwaremachinery.com\/product\/z94-series-automatic-steel-wire-common-nail-making-machine-price\/#primaryimage\"},\"image\":{\"@id\":\"https:\/\/ssshardwaremachinery.com\/product\/z94-series-automatic-steel-wire-common-nail-making-machine-price\/#primaryimage\"},\"thumbnailUrl\":\"https:\/\/ssshardwaremachinery.com\/wp-content\/uploads\/2024\/08\/\u666e\u901a\u673a\u4e3b\u56fe111.png\",\"datePublished\":\"2024-08-01T07:40:45+00:00\",\"dateModified\":\"2024-08-14T03:45:27+00:00\",\"description\":\"Discover efficient automatic steel wire nail making machines for high-volume production. Explore features, specifications, and benefits\",\"breadcrumb\":{\"@id\":\"https:\/\/ssshardwaremachinery.com\/product\/z94-series-automatic-steel-wire-common-nail-making-machine-price\/#breadcrumb\"},\"inLanguage\":\"fr-FR\",\"potentialAction\":[{\"@type\":\"ReadAction\",\"target\":[\"https:\/\/ssshardwaremachinery.com\/product\/z94-series-automatic-steel-wire-common-nail-making-machine-price\/\"]}]},{\"@type\":\"ImageObject\",\"inLanguage\":\"fr-FR\",\"@id\":\"https:\/\/ssshardwaremachinery.com\/product\/z94-series-automatic-steel-wire-common-nail-making-machine-price\/#primaryimage\",\"url\":\"https:\/\/ssshardwaremachinery.com\/wp-content\/uploads\/2024\/08\/\u666e\u901a\u673a\u4e3b\u56fe111.png\",\"contentUrl\":\"https:\/\/ssshardwaremachinery.com\/wp-content\/uploads\/2024\/08\/\u666e\u901a\u673a\u4e3b\u56fe111.png\",\"width\":750,\"height\":750,\"caption\":\"steel wire common nail making machine\"},{\"@type\":\"BreadcrumbList\",\"@id\":\"https:\/\/ssshardwaremachinery.com\/product\/z94-series-automatic-steel-wire-common-nail-making-machine-price\/#breadcrumb\",\"itemListElement\":[{\"@type\":\"ListItem\",\"position\":1,\"name\":\"\u9996\u9875\",\"item\":\"https:\/\/ssshardwaremachinery.com\/\"},{\"@type\":\"ListItem\",\"position\":2,\"name\":\"Products\",\"item\":\"https:\/\/ssshardwaremachinery.com\/products\/\"},{\"@type\":\"ListItem\",\"position\":3,\"name\":\"Z94 series automatic steel wire common nail making machine price\"}]},{\"@type\":\"WebSite\",\"@id\":\"https:\/\/ssshardwaremachinery.com\/#website\",\"url\":\"https:\/\/ssshardwaremachinery.com\/\",\"name\":\"SSS Hardware Industry | Professional Hardware Manufacturing\",\"description\":\"&quot;Your Source for Professional Hardware Machinery Manufacturing at SSS Hardware Industry&quot;\",\"publisher\":{\"@id\":\"https:\/\/ssshardwaremachinery.com\/#organization\"},\"potentialAction\":[{\"@type\":\"SearchAction\",\"target\":{\"@type\":\"EntryPoint\",\"urlTemplate\":\"https:\/\/ssshardwaremachinery.com\/?s={search_term_string}\"},\"query-input\":\"required name=search_term_string\"}],\"inLanguage\":\"fr-FR\"},{\"@type\":\"Organization\",\"@id\":\"https:\/\/ssshardwaremachinery.com\/#organization\",\"name\":\"SSS Hardware Industry | Professional Hardware Manufacturing\",\"url\":\"https:\/\/ssshardwaremachinery.com\/\",\"logo\":{\"@type\":\"ImageObject\",\"inLanguage\":\"fr-FR\",\"@id\":\"https:\/\/ssshardwaremachinery.com\/#\/schema\/logo\/image\/\",\"url\":\"https:\/\/ssshardwaremachinery.com\/wp-content\/uploads\/2024\/07\/cropped-cropped-\u5fae\u4fe1\u56fe\u7247_20240708153705-1.png\",\"contentUrl\":\"https:\/\/ssshardwaremachinery.com\/wp-content\/uploads\/2024\/07\/cropped-cropped-\u5fae\u4fe1\u56fe\u7247_20240708153705-1.png\",\"width\":512,\"height\":336,\"caption\":\"SSS Hardware Industry | Professional Hardware Manufacturing\"},\"image\":{\"@id\":\"https:\/\/ssshardwaremachinery.com\/#\/schema\/logo\/image\/\"}}]}<\/script>\n<!-- \/ Yoast SEO Premium plugin. -->","yoast_head_json":{"title":"Z94 series automatic steel wire common nail making machine price - SSS Hardware Industry | Professional Hardware Manufacturing","description":"Discover efficient automatic steel wire nail making machines for high-volume production. Explore features, specifications, and benefits","robots":{"index":"index","follow":"follow","max-snippet":"max-snippet:-1","max-image-preview":"max-image-preview:large","max-video-preview":"max-video-preview:-1"},"canonical":"https:\/\/ssshardwaremachinery.com\/fr\/produit\/z94-series-automatic-steel-wire-common-nail-making-machine-price\/","og_locale":"fr_FR","og_type":"article","og_title":"Z94 series automatic steel wire common nail making machine price","og_description":"Discover efficient automatic steel wire nail making machines for high-volume production. Explore features, specifications, and benefits","og_url":"https:\/\/ssshardwaremachinery.com\/fr\/produit\/z94-series-automatic-steel-wire-common-nail-making-machine-price\/","og_site_name":"SSS Hardware Industry | Professional Hardware Manufacturing","article_modified_time":"2024-08-14T03:45:27+00:00","og_image":[{"width":750,"height":750,"url":"https:\/\/ssshardwaremachinery.com\/wp-content\/uploads\/2024\/08\/\u666e\u901a\u673a\u4e3b\u56fe111.png","type":"image\/png"}],"twitter_card":"summary_large_image","twitter_misc":{"Dur\u00e9e de lecture estim\u00e9e":"1 minute"},"schema":{"@context":"https:\/\/schema.org","@graph":[{"@type":"WebPage","@id":"https:\/\/ssshardwaremachinery.com\/product\/z94-series-automatic-steel-wire-common-nail-making-machine-price\/","url":"https:\/\/ssshardwaremachinery.com\/product\/z94-series-automatic-steel-wire-common-nail-making-machine-price\/","name":"Z94 series automatic steel wire common nail making machine price - SSS Hardware Industry | Professional Hardware Manufacturing","isPartOf":{"@id":"https:\/\/ssshardwaremachinery.com\/#website"},"primaryImageOfPage":{"@id":"https:\/\/ssshardwaremachinery.com\/product\/z94-series-automatic-steel-wire-common-nail-making-machine-price\/#primaryimage"},"image":{"@id":"https:\/\/ssshardwaremachinery.com\/product\/z94-series-automatic-steel-wire-common-nail-making-machine-price\/#primaryimage"},"thumbnailUrl":"https:\/\/ssshardwaremachinery.com\/wp-content\/uploads\/2024\/08\/\u666e\u901a\u673a\u4e3b\u56fe111.png","datePublished":"2024-08-01T07:40:45+00:00","dateModified":"2024-08-14T03:45:27+00:00","description":"Discover efficient automatic steel wire nail making machines for high-volume production. Explore features, specifications, and benefits","breadcrumb":{"@id":"https:\/\/ssshardwaremachinery.com\/product\/z94-series-automatic-steel-wire-common-nail-making-machine-price\/#breadcrumb"},"inLanguage":"fr-FR","potentialAction":[{"@type":"ReadAction","target":["https:\/\/ssshardwaremachinery.com\/product\/z94-series-automatic-steel-wire-common-nail-making-machine-price\/"]}]},{"@type":"ImageObject","inLanguage":"fr-FR","@id":"https:\/\/ssshardwaremachinery.com\/product\/z94-series-automatic-steel-wire-common-nail-making-machine-price\/#primaryimage","url":"https:\/\/ssshardwaremachinery.com\/wp-content\/uploads\/2024\/08\/\u666e\u901a\u673a\u4e3b\u56fe111.png","contentUrl":"https:\/\/ssshardwaremachinery.com\/wp-content\/uploads\/2024\/08\/\u666e\u901a\u673a\u4e3b\u56fe111.png","width":750,"height":750,"caption":"steel wire common nail making machine"},{"@type":"BreadcrumbList","@id":"https:\/\/ssshardwaremachinery.com\/product\/z94-series-automatic-steel-wire-common-nail-making-machine-price\/#breadcrumb","itemListElement":[{"@type":"ListItem","position":1,"name":"\u9996\u9875","item":"https:\/\/ssshardwaremachinery.com\/"},{"@type":"ListItem","position":2,"name":"Products","item":"https:\/\/ssshardwaremachinery.com\/products\/"},{"@type":"ListItem","position":3,"name":"Z94 series automatic steel wire common nail making machine price"}]},{"@type":"WebSite","@id":"https:\/\/ssshardwaremachinery.com\/#website","url":"https:\/\/ssshardwaremachinery.com\/","name":"SSS Hardware Industry | Professional Hardware Manufacturing","description":"&quot;Your Source for Professional Hardware Machinery Manufacturing at SSS Hardware Industry&quot;","publisher":{"@id":"https:\/\/ssshardwaremachinery.com\/#organization"},"potentialAction":[{"@type":"SearchAction","target":{"@type":"EntryPoint","urlTemplate":"https:\/\/ssshardwaremachinery.com\/?s={search_term_string}"},"query-input":"required name=search_term_string"}],"inLanguage":"fr-FR"},{"@type":"Organization","@id":"https:\/\/ssshardwaremachinery.com\/#organization","name":"SSS Hardware Industry | Professional Hardware Manufacturing","url":"https:\/\/ssshardwaremachinery.com\/","logo":{"@type":"ImageObject","inLanguage":"fr-FR","@id":"https:\/\/ssshardwaremachinery.com\/#\/schema\/logo\/image\/","url":"https:\/\/ssshardwaremachinery.com\/wp-content\/uploads\/2024\/07\/cropped-cropped-\u5fae\u4fe1\u56fe\u7247_20240708153705-1.png","contentUrl":"https:\/\/ssshardwaremachinery.com\/wp-content\/uploads\/2024\/07\/cropped-cropped-\u5fae\u4fe1\u56fe\u7247_20240708153705-1.png","width":512,"height":336,"caption":"SSS Hardware Industry | Professional Hardware Manufacturing"},"image":{"@id":"https:\/\/ssshardwaremachinery.com\/#\/schema\/logo\/image\/"}}]}},"_links":{"self":[{"href":"https:\/\/ssshardwaremachinery.com\/fr\/wp-json\/wp\/v2\/product\/1196"}],"collection":[{"href":"https:\/\/ssshardwaremachinery.com\/fr\/wp-json\/wp\/v2\/product"}],"about":[{"href":"https:\/\/ssshardwaremachinery.com\/fr\/wp-json\/wp\/v2\/types\/product"}],"wp:featuredmedia":[{"embeddable":true,"href":"https:\/\/ssshardwaremachinery.com\/fr\/wp-json\/wp\/v2\/media\/1198"}],"wp:attachment":[{"href":"https:\/\/ssshardwaremachinery.com\/fr\/wp-json\/wp\/v2\/media?parent=1196"}],"wp:term":[{"taxonomy":"product_cat","embeddable":true,"href":"https:\/\/ssshardwaremachinery.com\/fr\/wp-json\/wp\/v2\/product_cat?post=1196"},{"taxonomy":"product_tag","embeddable":true,"href":"https:\/\/ssshardwaremachinery.com\/fr\/wp-json\/wp\/v2\/product_tag?post=1196"}],"curies":[{"name":"wp","href":"https:\/\/api.w.org\/{rel}","templated":true}]}}