{"id":856,"date":"2024-07-18T02:34:23","date_gmt":"2024-07-18T02:34:23","guid":{"rendered":"https:\/\/ssshardwaremachinery.com\/?post_type=product&#038;p=856"},"modified":"2024-08-27T03:02:19","modified_gmt":"2024-08-27T03:02:19","slug":"high-speed-automatic-steel-nails-making-machine-complete-nails-production-line","status":"publish","type":"product","link":"https:\/\/ssshardwaremachinery.com\/es\/producto\/high-speed-automatic-steel-nails-making-machine-complete-nails-production-line\/","title":{"rendered":"Clavos de acero autom\u00e1ticos de alta velocidad que hacen la m\u00e1quina completa de la producci\u00f3n LIne de los clavos"},"content":{"rendered":"<h1><span style=\"color: #0000ff;\">Descripci\u00f3n del producto<\/span><\/h1>\n<hr \/>\n<p>1. F\u00e1cil operaci\u00f3n, 20 minutos para cambiar y ajustar los cortadores, las matrices de agarre y la unidad de alimentaci\u00f3n mientras se cambia el di\u00e1metro y la longitud del v\u00e1stago del clavo. 2. Mantenimiento simplificado, sistema autom\u00e1tico de engrase interior, no necesita grasa. 3. Cabeza de clavo muy redonda, dos veces de perforaci\u00f3n para asegurar muy buenas cabezas de clavo. 4. 4. Longitud consistente de la ca\u00f1a del clavo, buena para hacer clavos en bobina y clavos en tiras de papel\/pl\u00e1stico. 5. 24 horas de trabajo sin parar 6. Segura y menos ruidosa Segura y menos ruidosa 7. Herramientas duraderas y m\u00e1s baratas, menor coste de uso. 8. Reduce los costes de producci\u00f3n<\/p>\n<h2><span style=\"color: #0000ff;\">DATOS DEL EQUIPO<\/span><\/h2>\n<hr \/>\n<table class=\"table\" border=\"1\" cellspacing=\"1\" cellpadding=\"1\">\n<tbody>\n<tr>\n<td colspan=\"1\" rowspan=\"1\">\n<div class=\"magic-16\"><strong>N\u00famero de modelo<\/strong><\/div>\n<\/td>\n<td colspan=\"1\" rowspan=\"1\">\n<div class=\"magic-17\"><strong>SSS-ZDJ-X90<\/strong><\/div>\n<\/td>\n<td colspan=\"1\" rowspan=\"1\">\n<div class=\"magic-18\"><strong>SSS-ZDJ-X130<\/strong><\/div>\n<\/td>\n<td colspan=\"1\" rowspan=\"1\">\n<div class=\"magic-19\"><strong>SSS-ZDJ-X150<\/strong><\/div>\n<\/td>\n<\/tr>\n<tr>\n<td colspan=\"1\" rowspan=\"1\">\n<div class=\"magic-16\"><strong>Di\u00e1metro de la u\u00f1a<\/strong><\/div>\n<\/td>\n<td colspan=\"1\" rowspan=\"1\">\n<div class=\"magic-17\">1,9-3,6 mm<\/div>\n<\/td>\n<td colspan=\"1\" rowspan=\"1\">\n<div class=\"magic-18\">2,5-5,0 mm<\/div>\n<\/td>\n<td colspan=\"1\" rowspan=\"1\">\n<div class=\"magic-19\">2,5-6,0 mm<\/div>\n<\/td>\n<\/tr>\n<tr>\n<td colspan=\"1\" rowspan=\"1\">\n<div class=\"magic-16\"><strong>Longitud de la u\u00f1a<\/strong><\/div>\n<\/td>\n<td colspan=\"1\" rowspan=\"1\">\n<div class=\"magic-17\">38-90mm<\/div>\n<\/td>\n<td colspan=\"1\" rowspan=\"1\">\n<div class=\"magic-18\">50-130 mm<\/div>\n<\/td>\n<td colspan=\"1\" rowspan=\"1\">\n<div class=\"magic-19\">70-160 mm<\/div>\n<\/td>\n<\/tr>\n<tr>\n<td colspan=\"1\" rowspan=\"1\">\n<div class=\"magic-16\"><strong>Velocidad<\/strong><\/div>\n<\/td>\n<td colspan=\"1\" rowspan=\"1\">\n<div class=\"magic-17\">\u2264 760 piezas\/min<\/div>\n<\/td>\n<td colspan=\"1\" rowspan=\"1\">\n<div class=\"magic-18\">500-650 piezas\/min<\/div>\n<\/td>\n<td colspan=\"1\" rowspan=\"1\">\n<div class=\"magic-19\">500-650 piezas\/min<\/div>\n<\/td>\n<\/tr>\n<tr>\n<td colspan=\"1\" rowspan=\"1\">\n<div class=\"magic-16\"><strong>Potencia nominal<\/strong><\/div>\n<\/td>\n<td colspan=\"1\" rowspan=\"1\">\n<div class=\"magic-17\">7 kw<\/div>\n<\/td>\n<td colspan=\"1\" rowspan=\"1\">\n<div class=\"magic-18\">9,7 kw<\/div>\n<\/td>\n<td colspan=\"1\" rowspan=\"1\">\n<div class=\"magic-19\">13,2 kw<\/div>\n<\/td>\n<\/tr>\n<tr>\n<td colspan=\"1\" rowspan=\"1\">\n<div class=\"magic-16\"><strong>Dimensiones<\/strong><\/div>\n<\/td>\n<td colspan=\"1\" rowspan=\"1\">\n<div class=\"magic-17\">\n<p>1520*1380*1580 mm<\/p>\n<div>1580*1020*1700 mm<\/div>\n<div>420*700*1050 mm<\/div>\n<\/div>\n<\/td>\n<td colspan=\"1\" rowspan=\"1\">\n<div class=\"magic-18\">\n<div>2200*1300*1300 mm<\/div>\n<div>1700*1100*1700 mm<\/div>\n<div>420*700*1050 mm<\/div>\n<div><\/div>\n<\/div>\n<\/td>\n<td colspan=\"1\" rowspan=\"1\">\n<div class=\"magic-19\">\n<p>2400*1400*1400 mm<\/p>\n<div>1700*1100*1700 mm<\/div>\n<div>420*700*1050 mm<\/div>\n<\/div>\n<\/td>\n<\/tr>\n<tr>\n<td colspan=\"1\" rowspan=\"1\">\n<div class=\"magic-16\"><strong>Peso de la m\u00e1quina<\/strong><\/div>\n<\/td>\n<td colspan=\"1\" rowspan=\"1\">\n<div class=\"magic-17\">4200kg<\/div>\n<\/td>\n<td colspan=\"1\" rowspan=\"1\">\n<div class=\"magic-18\">4000kg<\/div>\n<\/td>\n<td colspan=\"1\" rowspan=\"1\">\n<div class=\"magic-19\">4500kg<\/div>\n<\/td>\n<\/tr>\n<\/tbody>\n<\/table>","protected":false},"excerpt":{"rendered":"<p>Descripci\u00f3n del producto F\u00e1cil operaci\u00f3n, 20 minutos para cambiar y ajustar los cortadores, los troqueles de agarre y la unidad de alimentaci\u00f3n mientras se cambia [...]<\/p>","protected":false},"featured_media":967,"template":"","meta":{"_monsterinsights_skip_tracking":false,"_monsterinsights_sitenote_active":false,"_monsterinsights_sitenote_note":"","_monsterinsights_sitenote_category":0,"site-sidebar-layout":"default","site-content-layout":"","ast-site-content-layout":"default","site-content-style":"default","site-sidebar-style":"default","ast-global-header-display":"","ast-banner-title-visibility":"","ast-main-header-display":"","ast-hfb-above-header-display":"","ast-hfb-below-header-display":"","ast-hfb-mobile-header-display":"","site-post-title":"","ast-breadcrumbs-content":"","ast-featured-img":"","footer-sml-layout":"","theme-transparent-header-meta":"default","adv-header-id-meta":"","stick-header-meta":"default","header-above-stick-meta":"","header-main-stick-meta":"","header-below-stick-meta":"","astra-migrate-meta-layouts":"set","ast-page-background-enabled":"default","ast-page-background-meta":{"desktop":{"background-color":"var(--ast-global-color-4)","background-image":"","background-repeat":"repeat","background-position":"center center","background-size":"auto","background-attachment":"scroll","background-type":"","background-media":"","overlay-type":"","overlay-color":"","overlay-opacity":"","overlay-gradient":""},"tablet":{"background-color":"","background-image":"","background-repeat":"repeat","background-position":"center center","background-size":"auto","background-attachment":"scroll","background-type":"","background-media":"","overlay-type":"","overlay-color":"","overlay-opacity":"","overlay-gradient":""},"mobile":{"background-color":"","background-image":"","background-repeat":"repeat","background-position":"center center","background-size":"auto","background-attachment":"scroll","background-type":"","background-media":"","overlay-type":"","overlay-color":"","overlay-opacity":"","overlay-gradient":""}},"ast-content-background-meta":{"desktop":{"background-color":"var(--ast-global-color-5)","background-image":"","background-repeat":"repeat","background-position":"center center","background-size":"auto","background-attachment":"scroll","background-type":"","background-media":"","overlay-type":"","overlay-color":"","overlay-opacity":"","overlay-gradient":""},"tablet":{"background-color":"var(--ast-global-color-5)","background-image":"","background-repeat":"repeat","background-position":"center center","background-size":"auto","background-attachment":"scroll","background-type":"","background-media":"","overlay-type":"","overlay-color":"","overlay-opacity":"","overlay-gradient":""},"mobile":{"background-color":"var(--ast-global-color-5)","background-image":"","background-repeat":"repeat","background-position":"center center","background-size":"auto","background-attachment":"scroll","background-type":"","background-media":"","overlay-type":"","overlay-color":"","overlay-opacity":"","overlay-gradient":""}}},"product_cat":[38],"product_tag":[],"class_list":{"0":"post-856","1":"product","2":"type-product","3":"status-publish","4":"has-post-thumbnail","6":"product_cat-nail-machine","7":"desktop-align-left","8":"tablet-align-left","9":"mobile-align-left","10":"ast-product-gallery-layout-horizontal-slider","11":"ast-product-tabs-layout-horizontal","13":"first","14":"instock","15":"shipping-taxable","16":"product-type-simple"},"yoast_head":"<!-- This site is optimized with the Yoast SEO Premium plugin v22.6 (Yoast SEO v23.0) - https:\/\/yoast.com\/wordpress\/plugins\/seo\/ -->\n<title>High Speed Automatic Steel Nails Making Machine Complete Nails Production LIne - SSS Hardware Industry | Professional Hardware Manufacturing<\/title>\n<meta name=\"description\" content=\"Boost productivity with our high-speed automatic steel nails making machine. Complete production line ensures efficiency and quality. Invest in cutting-edge technology for your nail manufacturing needs. Get superior results fast!\" \/>\n<meta name=\"robots\" content=\"index, follow, max-snippet:-1, max-image-preview:large, max-video-preview:-1\" \/>\n<link rel=\"canonical\" href=\"https:\/\/ssshardwaremachinery.com\/es\/producto\/high-speed-automatic-steel-nails-making-machine-complete-nails-production-line\/\" \/>\n<meta property=\"og:locale\" content=\"es_ES\" \/>\n<meta property=\"og:type\" content=\"article\" \/>\n<meta property=\"og:title\" content=\"High Speed Automatic Steel Nails Making Machine Complete Nails Production LIne\" \/>\n<meta property=\"og:description\" content=\"Boost productivity with our high-speed automatic steel nails making machine. Complete production line ensures efficiency and quality. Invest in cutting-edge technology for your nail manufacturing needs. Get superior results fast!\" \/>\n<meta property=\"og:url\" content=\"https:\/\/ssshardwaremachinery.com\/es\/producto\/high-speed-automatic-steel-nails-making-machine-complete-nails-production-line\/\" \/>\n<meta property=\"og:site_name\" content=\"SSS Hardware Industry | Professional Hardware Manufacturing\" \/>\n<meta property=\"article:modified_time\" content=\"2024-08-27T03:02:19+00:00\" \/>\n<meta property=\"og:image\" content=\"https:\/\/ssshardwaremachinery.com\/wp-content\/uploads\/2024\/07\/17-1.jpg\" \/>\n\t<meta property=\"og:image:width\" content=\"800\" \/>\n\t<meta property=\"og:image:height\" content=\"800\" \/>\n\t<meta property=\"og:image:type\" content=\"image\/jpeg\" \/>\n<meta name=\"twitter:card\" content=\"summary_large_image\" \/>\n<meta name=\"twitter:label1\" content=\"Tiempo de lectura\" \/>\n\t<meta name=\"twitter:data1\" content=\"1 minuto\" \/>\n<script type=\"application\/ld+json\" class=\"yoast-schema-graph\">{\"@context\":\"https:\/\/schema.org\",\"@graph\":[{\"@type\":\"WebPage\",\"@id\":\"https:\/\/ssshardwaremachinery.com\/product\/high-speed-automatic-steel-nails-making-machine-complete-nails-production-line\/\",\"url\":\"https:\/\/ssshardwaremachinery.com\/product\/high-speed-automatic-steel-nails-making-machine-complete-nails-production-line\/\",\"name\":\"High Speed Automatic Steel Nails Making Machine Complete Nails Production LIne - SSS Hardware Industry | Professional Hardware Manufacturing\",\"isPartOf\":{\"@id\":\"https:\/\/ssshardwaremachinery.com\/#website\"},\"primaryImageOfPage\":{\"@id\":\"https:\/\/ssshardwaremachinery.com\/product\/high-speed-automatic-steel-nails-making-machine-complete-nails-production-line\/#primaryimage\"},\"image\":{\"@id\":\"https:\/\/ssshardwaremachinery.com\/product\/high-speed-automatic-steel-nails-making-machine-complete-nails-production-line\/#primaryimage\"},\"thumbnailUrl\":\"https:\/\/ssshardwaremachinery.com\/wp-content\/uploads\/2024\/07\/17-1.jpg\",\"datePublished\":\"2024-07-18T02:34:23+00:00\",\"dateModified\":\"2024-08-27T03:02:19+00:00\",\"description\":\"Boost productivity with our high-speed automatic steel nails making machine. Complete production line ensures efficiency and quality. Invest in cutting-edge technology for your nail manufacturing needs. Get superior results fast!\",\"breadcrumb\":{\"@id\":\"https:\/\/ssshardwaremachinery.com\/product\/high-speed-automatic-steel-nails-making-machine-complete-nails-production-line\/#breadcrumb\"},\"inLanguage\":\"es-AR\",\"potentialAction\":[{\"@type\":\"ReadAction\",\"target\":[\"https:\/\/ssshardwaremachinery.com\/product\/high-speed-automatic-steel-nails-making-machine-complete-nails-production-line\/\"]}]},{\"@type\":\"ImageObject\",\"inLanguage\":\"es-AR\",\"@id\":\"https:\/\/ssshardwaremachinery.com\/product\/high-speed-automatic-steel-nails-making-machine-complete-nails-production-line\/#primaryimage\",\"url\":\"https:\/\/ssshardwaremachinery.com\/wp-content\/uploads\/2024\/07\/17-1.jpg\",\"contentUrl\":\"https:\/\/ssshardwaremachinery.com\/wp-content\/uploads\/2024\/07\/17-1.jpg\",\"width\":800,\"height\":800,\"caption\":\"Wire Roll Nail Making Machine\"},{\"@type\":\"BreadcrumbList\",\"@id\":\"https:\/\/ssshardwaremachinery.com\/product\/high-speed-automatic-steel-nails-making-machine-complete-nails-production-line\/#breadcrumb\",\"itemListElement\":[{\"@type\":\"ListItem\",\"position\":1,\"name\":\"\u9996\u9875\",\"item\":\"https:\/\/ssshardwaremachinery.com\/\"},{\"@type\":\"ListItem\",\"position\":2,\"name\":\"Products\",\"item\":\"https:\/\/ssshardwaremachinery.com\/products\/\"},{\"@type\":\"ListItem\",\"position\":3,\"name\":\"High Speed Automatic Steel Nails Making Machine Complete Nails Production LIne\"}]},{\"@type\":\"WebSite\",\"@id\":\"https:\/\/ssshardwaremachinery.com\/#website\",\"url\":\"https:\/\/ssshardwaremachinery.com\/\",\"name\":\"SSS Hardware Industry | Professional Hardware Manufacturing\",\"description\":\"&quot;Your Source for Professional Hardware Machinery Manufacturing at SSS Hardware Industry&quot;\",\"publisher\":{\"@id\":\"https:\/\/ssshardwaremachinery.com\/#organization\"},\"potentialAction\":[{\"@type\":\"SearchAction\",\"target\":{\"@type\":\"EntryPoint\",\"urlTemplate\":\"https:\/\/ssshardwaremachinery.com\/?s={search_term_string}\"},\"query-input\":\"required name=search_term_string\"}],\"inLanguage\":\"es-AR\"},{\"@type\":\"Organization\",\"@id\":\"https:\/\/ssshardwaremachinery.com\/#organization\",\"name\":\"SSS Hardware Industry | Professional Hardware Manufacturing\",\"url\":\"https:\/\/ssshardwaremachinery.com\/\",\"logo\":{\"@type\":\"ImageObject\",\"inLanguage\":\"es-AR\",\"@id\":\"https:\/\/ssshardwaremachinery.com\/#\/schema\/logo\/image\/\",\"url\":\"https:\/\/ssshardwaremachinery.com\/wp-content\/uploads\/2024\/07\/cropped-cropped-\u5fae\u4fe1\u56fe\u7247_20240708153705-1.png\",\"contentUrl\":\"https:\/\/ssshardwaremachinery.com\/wp-content\/uploads\/2024\/07\/cropped-cropped-\u5fae\u4fe1\u56fe\u7247_20240708153705-1.png\",\"width\":512,\"height\":336,\"caption\":\"SSS Hardware Industry | Professional Hardware Manufacturing\"},\"image\":{\"@id\":\"https:\/\/ssshardwaremachinery.com\/#\/schema\/logo\/image\/\"}}]}<\/script>\n<!-- \/ Yoast SEO Premium plugin. -->","yoast_head_json":{"title":"High Speed Automatic Steel Nails Making Machine Complete Nails Production LIne - SSS Hardware Industry | Professional Hardware Manufacturing","description":"Boost productivity with our high-speed automatic steel nails making machine. Complete production line ensures efficiency and quality. Invest in cutting-edge technology for your nail manufacturing needs. Get superior results fast!","robots":{"index":"index","follow":"follow","max-snippet":"max-snippet:-1","max-image-preview":"max-image-preview:large","max-video-preview":"max-video-preview:-1"},"canonical":"https:\/\/ssshardwaremachinery.com\/es\/producto\/high-speed-automatic-steel-nails-making-machine-complete-nails-production-line\/","og_locale":"es_ES","og_type":"article","og_title":"High Speed Automatic Steel Nails Making Machine Complete Nails Production LIne","og_description":"Boost productivity with our high-speed automatic steel nails making machine. Complete production line ensures efficiency and quality. Invest in cutting-edge technology for your nail manufacturing needs. Get superior results fast!","og_url":"https:\/\/ssshardwaremachinery.com\/es\/producto\/high-speed-automatic-steel-nails-making-machine-complete-nails-production-line\/","og_site_name":"SSS Hardware Industry | Professional Hardware Manufacturing","article_modified_time":"2024-08-27T03:02:19+00:00","og_image":[{"width":800,"height":800,"url":"https:\/\/ssshardwaremachinery.com\/wp-content\/uploads\/2024\/07\/17-1.jpg","type":"image\/jpeg"}],"twitter_card":"summary_large_image","twitter_misc":{"Tiempo de lectura":"1 minuto"},"schema":{"@context":"https:\/\/schema.org","@graph":[{"@type":"WebPage","@id":"https:\/\/ssshardwaremachinery.com\/product\/high-speed-automatic-steel-nails-making-machine-complete-nails-production-line\/","url":"https:\/\/ssshardwaremachinery.com\/product\/high-speed-automatic-steel-nails-making-machine-complete-nails-production-line\/","name":"High Speed Automatic Steel Nails Making Machine Complete Nails Production LIne - SSS Hardware Industry | Professional Hardware Manufacturing","isPartOf":{"@id":"https:\/\/ssshardwaremachinery.com\/#website"},"primaryImageOfPage":{"@id":"https:\/\/ssshardwaremachinery.com\/product\/high-speed-automatic-steel-nails-making-machine-complete-nails-production-line\/#primaryimage"},"image":{"@id":"https:\/\/ssshardwaremachinery.com\/product\/high-speed-automatic-steel-nails-making-machine-complete-nails-production-line\/#primaryimage"},"thumbnailUrl":"https:\/\/ssshardwaremachinery.com\/wp-content\/uploads\/2024\/07\/17-1.jpg","datePublished":"2024-07-18T02:34:23+00:00","dateModified":"2024-08-27T03:02:19+00:00","description":"Boost productivity with our high-speed automatic steel nails making machine. Complete production line ensures efficiency and quality. Invest in cutting-edge technology for your nail manufacturing needs. Get superior results fast!","breadcrumb":{"@id":"https:\/\/ssshardwaremachinery.com\/product\/high-speed-automatic-steel-nails-making-machine-complete-nails-production-line\/#breadcrumb"},"inLanguage":"es-AR","potentialAction":[{"@type":"ReadAction","target":["https:\/\/ssshardwaremachinery.com\/product\/high-speed-automatic-steel-nails-making-machine-complete-nails-production-line\/"]}]},{"@type":"ImageObject","inLanguage":"es-AR","@id":"https:\/\/ssshardwaremachinery.com\/product\/high-speed-automatic-steel-nails-making-machine-complete-nails-production-line\/#primaryimage","url":"https:\/\/ssshardwaremachinery.com\/wp-content\/uploads\/2024\/07\/17-1.jpg","contentUrl":"https:\/\/ssshardwaremachinery.com\/wp-content\/uploads\/2024\/07\/17-1.jpg","width":800,"height":800,"caption":"Wire Roll Nail Making Machine"},{"@type":"BreadcrumbList","@id":"https:\/\/ssshardwaremachinery.com\/product\/high-speed-automatic-steel-nails-making-machine-complete-nails-production-line\/#breadcrumb","itemListElement":[{"@type":"ListItem","position":1,"name":"\u9996\u9875","item":"https:\/\/ssshardwaremachinery.com\/"},{"@type":"ListItem","position":2,"name":"Products","item":"https:\/\/ssshardwaremachinery.com\/products\/"},{"@type":"ListItem","position":3,"name":"High Speed Automatic Steel Nails Making Machine Complete Nails Production LIne"}]},{"@type":"WebSite","@id":"https:\/\/ssshardwaremachinery.com\/#website","url":"https:\/\/ssshardwaremachinery.com\/","name":"SSS Hardware Industry | Professional Hardware Manufacturing","description":"&quot;Your Source for Professional Hardware Machinery Manufacturing at SSS Hardware Industry&quot;","publisher":{"@id":"https:\/\/ssshardwaremachinery.com\/#organization"},"potentialAction":[{"@type":"SearchAction","target":{"@type":"EntryPoint","urlTemplate":"https:\/\/ssshardwaremachinery.com\/?s={search_term_string}"},"query-input":"required name=search_term_string"}],"inLanguage":"es-AR"},{"@type":"Organization","@id":"https:\/\/ssshardwaremachinery.com\/#organization","name":"SSS Hardware Industry | Professional Hardware Manufacturing","url":"https:\/\/ssshardwaremachinery.com\/","logo":{"@type":"ImageObject","inLanguage":"es-AR","@id":"https:\/\/ssshardwaremachinery.com\/#\/schema\/logo\/image\/","url":"https:\/\/ssshardwaremachinery.com\/wp-content\/uploads\/2024\/07\/cropped-cropped-\u5fae\u4fe1\u56fe\u7247_20240708153705-1.png","contentUrl":"https:\/\/ssshardwaremachinery.com\/wp-content\/uploads\/2024\/07\/cropped-cropped-\u5fae\u4fe1\u56fe\u7247_20240708153705-1.png","width":512,"height":336,"caption":"SSS Hardware Industry | Professional Hardware Manufacturing"},"image":{"@id":"https:\/\/ssshardwaremachinery.com\/#\/schema\/logo\/image\/"}}]}},"_links":{"self":[{"href":"https:\/\/ssshardwaremachinery.com\/es\/wp-json\/wp\/v2\/product\/856"}],"collection":[{"href":"https:\/\/ssshardwaremachinery.com\/es\/wp-json\/wp\/v2\/product"}],"about":[{"href":"https:\/\/ssshardwaremachinery.com\/es\/wp-json\/wp\/v2\/types\/product"}],"wp:featuredmedia":[{"embeddable":true,"href":"https:\/\/ssshardwaremachinery.com\/es\/wp-json\/wp\/v2\/media\/967"}],"wp:attachment":[{"href":"https:\/\/ssshardwaremachinery.com\/es\/wp-json\/wp\/v2\/media?parent=856"}],"wp:term":[{"taxonomy":"product_cat","embeddable":true,"href":"https:\/\/ssshardwaremachinery.com\/es\/wp-json\/wp\/v2\/product_cat?post=856"},{"taxonomy":"product_tag","embeddable":true,"href":"https:\/\/ssshardwaremachinery.com\/es\/wp-json\/wp\/v2\/product_tag?post=856"}],"curies":[{"name":"wp","href":"https:\/\/api.w.org\/{rel}","templated":true}]}}