{"id":1046,"date":"2024-07-22T03:05:41","date_gmt":"2024-07-22T03:05:41","guid":{"rendered":"https:\/\/ssshardwaremachinery.com\/?post_type=product&#038;p=1046"},"modified":"2024-08-14T06:30:09","modified_gmt":"2024-08-14T06:30:09","slug":"automatic-self-tapping-cold-heading-nail-making-high-speed-screw-bolt-nut-producing-machine","status":"publish","type":"product","link":"https:\/\/ssshardwaremachinery.com\/es\/producto\/automatic-self-tapping-cold-heading-nail-making-high-speed-screw-bolt-nut-producing-machine\/","title":{"rendered":"M\u00e1quina autom\u00e1tica de fabricaci\u00f3n de clavos autorroscantes en fr\u00edo M\u00e1quina de producci\u00f3n de tuercas para tornillos de alta velocidad"},"content":{"rendered":"<h1><span style=\"color: #0000ff;\">Detalles del producto<\/span><\/h1>\n<p>Esta l\u00ednea de producci\u00f3n se utiliza para fabricar tornillos para paneles de yeso. Incluye m\u00e1quina de cabecera fr\u00eda, m\u00e1quina de laminaci\u00f3n de roscas y horno.<\/p>\n<p><strong>1.Cizalla en fr\u00edo<\/strong><strong>\u00a0<\/strong>TFD5-6<\/p>\n<p>La m\u00e1quina adopta el modo de cabezal en fr\u00edo para realizar el recalcado del alambr\u00f3n haciendo doble clic en toda la forma del molde. Acabado Alimentaci\u00f3n, enderezamiento, material de corte, formaci\u00f3n, descarga por una m\u00e1quina.<\/p>\n<h2><span style=\"color: #0000ff;\">Datos del equipo<\/span><\/h2>\n<table width=\"1060\">\n<tbody>\n<tr class=\"firstRow\">\n<td colspan=\"2\">Laminadora de roscas<\/td>\n<\/tr>\n<tr>\n<td>Di\u00e1metro<\/td>\n<td>2,7-6,0 mm<\/td>\n<\/tr>\n<tr>\n<td>Longitud<\/td>\n<td>15-80 mm<\/td>\n<\/tr>\n<tr>\n<td>Velocidad de trabajo<\/td>\n<td>80-110 piezas\/min<\/td>\n<\/tr>\n<tr>\n<td>Salida<\/td>\n<td>10-30 kg\/h<\/td>\n<\/tr>\n<tr>\n<td>Potencia del motor<\/td>\n<td>5,5 KW<\/td>\n<\/tr>\n<tr>\n<td>Peso<\/td>\n<td>1300 kgs<\/td>\n<\/tr>\n<\/tbody>\n<\/table>\n<p>&nbsp;<\/p>\n<p>&nbsp;<\/p>","protected":false},"excerpt":{"rendered":"<p>Product Deatails This production line is used for making drywall screws. It include Cold Heading Machine, Thread Rolling Machine and [&hellip;]<\/p>","protected":false},"featured_media":1048,"template":"","meta":{"_monsterinsights_skip_tracking":false,"_monsterinsights_sitenote_active":false,"_monsterinsights_sitenote_note":"","_monsterinsights_sitenote_category":0,"site-sidebar-layout":"default","site-content-layout":"","ast-site-content-layout":"default","site-content-style":"default","site-sidebar-style":"default","ast-global-header-display":"","ast-banner-title-visibility":"","ast-main-header-display":"","ast-hfb-above-header-display":"","ast-hfb-below-header-display":"","ast-hfb-mobile-header-display":"","site-post-title":"","ast-breadcrumbs-content":"","ast-featured-img":"","footer-sml-layout":"","theme-transparent-header-meta":"default","adv-header-id-meta":"","stick-header-meta":"default","header-above-stick-meta":"","header-main-stick-meta":"","header-below-stick-meta":"","astra-migrate-meta-layouts":"set","ast-page-background-enabled":"default","ast-page-background-meta":{"desktop":{"background-color":"var(--ast-global-color-4)","background-image":"","background-repeat":"repeat","background-position":"center center","background-size":"auto","background-attachment":"scroll","background-type":"","background-media":"","overlay-type":"","overlay-color":"","overlay-opacity":"","overlay-gradient":""},"tablet":{"background-color":"","background-image":"","background-repeat":"repeat","background-position":"center center","background-size":"auto","background-attachment":"scroll","background-type":"","background-media":"","overlay-type":"","overlay-color":"","overlay-opacity":"","overlay-gradient":""},"mobile":{"background-color":"","background-image":"","background-repeat":"repeat","background-position":"center center","background-size":"auto","background-attachment":"scroll","background-type":"","background-media":"","overlay-type":"","overlay-color":"","overlay-opacity":"","overlay-gradient":""}},"ast-content-background-meta":{"desktop":{"background-color":"var(--ast-global-color-5)","background-image":"","background-repeat":"repeat","background-position":"center center","background-size":"auto","background-attachment":"scroll","background-type":"","background-media":"","overlay-type":"","overlay-color":"","overlay-opacity":"","overlay-gradient":""},"tablet":{"background-color":"var(--ast-global-color-5)","background-image":"","background-repeat":"repeat","background-position":"center center","background-size":"auto","background-attachment":"scroll","background-type":"","background-media":"","overlay-type":"","overlay-color":"","overlay-opacity":"","overlay-gradient":""},"mobile":{"background-color":"var(--ast-global-color-5)","background-image":"","background-repeat":"repeat","background-position":"center center","background-size":"auto","background-attachment":"scroll","background-type":"","background-media":"","overlay-type":"","overlay-color":"","overlay-opacity":"","overlay-gradient":""}}},"product_cat":[38],"product_tag":[],"class_list":{"0":"post-1046","1":"product","2":"type-product","3":"status-publish","4":"has-post-thumbnail","6":"product_cat-nail-machine","7":"desktop-align-left","8":"tablet-align-left","9":"mobile-align-left","10":"ast-product-gallery-layout-horizontal-slider","11":"ast-product-tabs-layout-horizontal","13":"first","14":"instock","15":"shipping-taxable","16":"product-type-simple"},"yoast_head":"<!-- This site is optimized with the Yoast SEO Premium plugin v22.6 (Yoast SEO v23.0) - https:\/\/yoast.com\/wordpress\/plugins\/seo\/ -->\n<title>Automatic Self-tapping Cold Heading Nail Making High Speed Screw Bolt Nut Producing Machine - SSS Hardware Industry | Professional Hardware Manufacturing<\/title>\n<meta name=\"description\" content=\"Discover our advanced High Speed Screw Bolt Nut Producing Machine for efficient manufacturing. Boost productivity with precision engineering.\" \/>\n<meta name=\"robots\" content=\"index, follow, max-snippet:-1, max-image-preview:large, max-video-preview:-1\" \/>\n<link rel=\"canonical\" href=\"https:\/\/ssshardwaremachinery.com\/es\/producto\/automatic-self-tapping-cold-heading-nail-making-high-speed-screw-bolt-nut-producing-machine\/\" \/>\n<meta property=\"og:locale\" content=\"es_ES\" \/>\n<meta property=\"og:type\" content=\"article\" \/>\n<meta property=\"og:title\" content=\"Automatic Self-tapping Cold Heading Nail Making High Speed Screw Bolt Nut Producing Machine\" \/>\n<meta property=\"og:description\" content=\"Discover our advanced High Speed Screw Bolt Nut Producing Machine for efficient manufacturing. Boost productivity with precision engineering.\" \/>\n<meta property=\"og:url\" content=\"https:\/\/ssshardwaremachinery.com\/es\/producto\/automatic-self-tapping-cold-heading-nail-making-high-speed-screw-bolt-nut-producing-machine\/\" \/>\n<meta property=\"og:site_name\" content=\"SSS Hardware Industry | Professional Hardware Manufacturing\" \/>\n<meta property=\"article:modified_time\" content=\"2024-08-14T06:30:09+00:00\" \/>\n<meta property=\"og:image\" content=\"https:\/\/ssshardwaremachinery.com\/wp-content\/uploads\/2024\/07\/02-1.jpg\" \/>\n\t<meta property=\"og:image:width\" content=\"1000\" \/>\n\t<meta property=\"og:image:height\" content=\"1000\" \/>\n\t<meta property=\"og:image:type\" content=\"image\/jpeg\" \/>\n<meta name=\"twitter:card\" content=\"summary_large_image\" \/>\n<meta name=\"twitter:label1\" content=\"Tiempo de lectura\" \/>\n\t<meta name=\"twitter:data1\" content=\"1 minuto\" \/>\n<script type=\"application\/ld+json\" class=\"yoast-schema-graph\">{\"@context\":\"https:\/\/schema.org\",\"@graph\":[{\"@type\":\"WebPage\",\"@id\":\"https:\/\/ssshardwaremachinery.com\/product\/automatic-self-tapping-cold-heading-nail-making-high-speed-screw-bolt-nut-producing-machine\/\",\"url\":\"https:\/\/ssshardwaremachinery.com\/product\/automatic-self-tapping-cold-heading-nail-making-high-speed-screw-bolt-nut-producing-machine\/\",\"name\":\"Automatic Self-tapping Cold Heading Nail Making High Speed Screw Bolt Nut Producing Machine - SSS Hardware Industry | Professional Hardware Manufacturing\",\"isPartOf\":{\"@id\":\"https:\/\/ssshardwaremachinery.com\/#website\"},\"primaryImageOfPage\":{\"@id\":\"https:\/\/ssshardwaremachinery.com\/product\/automatic-self-tapping-cold-heading-nail-making-high-speed-screw-bolt-nut-producing-machine\/#primaryimage\"},\"image\":{\"@id\":\"https:\/\/ssshardwaremachinery.com\/product\/automatic-self-tapping-cold-heading-nail-making-high-speed-screw-bolt-nut-producing-machine\/#primaryimage\"},\"thumbnailUrl\":\"https:\/\/ssshardwaremachinery.com\/wp-content\/uploads\/2024\/07\/02-1.jpg\",\"datePublished\":\"2024-07-22T03:05:41+00:00\",\"dateModified\":\"2024-08-14T06:30:09+00:00\",\"description\":\"Discover our advanced High Speed Screw Bolt Nut Producing Machine for efficient manufacturing. Boost productivity with precision engineering.\",\"breadcrumb\":{\"@id\":\"https:\/\/ssshardwaremachinery.com\/product\/automatic-self-tapping-cold-heading-nail-making-high-speed-screw-bolt-nut-producing-machine\/#breadcrumb\"},\"inLanguage\":\"es-AR\",\"potentialAction\":[{\"@type\":\"ReadAction\",\"target\":[\"https:\/\/ssshardwaremachinery.com\/product\/automatic-self-tapping-cold-heading-nail-making-high-speed-screw-bolt-nut-producing-machine\/\"]}]},{\"@type\":\"ImageObject\",\"inLanguage\":\"es-AR\",\"@id\":\"https:\/\/ssshardwaremachinery.com\/product\/automatic-self-tapping-cold-heading-nail-making-high-speed-screw-bolt-nut-producing-machine\/#primaryimage\",\"url\":\"https:\/\/ssshardwaremachinery.com\/wp-content\/uploads\/2024\/07\/02-1.jpg\",\"contentUrl\":\"https:\/\/ssshardwaremachinery.com\/wp-content\/uploads\/2024\/07\/02-1.jpg\",\"width\":1000,\"height\":1000},{\"@type\":\"BreadcrumbList\",\"@id\":\"https:\/\/ssshardwaremachinery.com\/product\/automatic-self-tapping-cold-heading-nail-making-high-speed-screw-bolt-nut-producing-machine\/#breadcrumb\",\"itemListElement\":[{\"@type\":\"ListItem\",\"position\":1,\"name\":\"\u9996\u9875\",\"item\":\"https:\/\/ssshardwaremachinery.com\/\"},{\"@type\":\"ListItem\",\"position\":2,\"name\":\"Products\",\"item\":\"https:\/\/ssshardwaremachinery.com\/products\/\"},{\"@type\":\"ListItem\",\"position\":3,\"name\":\"Automatic Self-tapping Cold Heading Nail Making High Speed Screw Bolt Nut Producing Machine\"}]},{\"@type\":\"WebSite\",\"@id\":\"https:\/\/ssshardwaremachinery.com\/#website\",\"url\":\"https:\/\/ssshardwaremachinery.com\/\",\"name\":\"SSS Hardware Industry | Professional Hardware Manufacturing\",\"description\":\"&quot;Your Source for Professional Hardware Machinery Manufacturing at SSS Hardware Industry&quot;\",\"publisher\":{\"@id\":\"https:\/\/ssshardwaremachinery.com\/#organization\"},\"potentialAction\":[{\"@type\":\"SearchAction\",\"target\":{\"@type\":\"EntryPoint\",\"urlTemplate\":\"https:\/\/ssshardwaremachinery.com\/?s={search_term_string}\"},\"query-input\":\"required name=search_term_string\"}],\"inLanguage\":\"es-AR\"},{\"@type\":\"Organization\",\"@id\":\"https:\/\/ssshardwaremachinery.com\/#organization\",\"name\":\"SSS Hardware Industry | Professional Hardware Manufacturing\",\"url\":\"https:\/\/ssshardwaremachinery.com\/\",\"logo\":{\"@type\":\"ImageObject\",\"inLanguage\":\"es-AR\",\"@id\":\"https:\/\/ssshardwaremachinery.com\/#\/schema\/logo\/image\/\",\"url\":\"https:\/\/ssshardwaremachinery.com\/wp-content\/uploads\/2024\/07\/cropped-cropped-\u5fae\u4fe1\u56fe\u7247_20240708153705-1.png\",\"contentUrl\":\"https:\/\/ssshardwaremachinery.com\/wp-content\/uploads\/2024\/07\/cropped-cropped-\u5fae\u4fe1\u56fe\u7247_20240708153705-1.png\",\"width\":512,\"height\":336,\"caption\":\"SSS Hardware Industry | Professional Hardware Manufacturing\"},\"image\":{\"@id\":\"https:\/\/ssshardwaremachinery.com\/#\/schema\/logo\/image\/\"}}]}<\/script>\n<!-- \/ Yoast SEO Premium plugin. -->","yoast_head_json":{"title":"Automatic Self-tapping Cold Heading Nail Making High Speed Screw Bolt Nut Producing Machine - SSS Hardware Industry | Professional Hardware Manufacturing","description":"Discover our advanced High Speed Screw Bolt Nut Producing Machine for efficient manufacturing. Boost productivity with precision engineering.","robots":{"index":"index","follow":"follow","max-snippet":"max-snippet:-1","max-image-preview":"max-image-preview:large","max-video-preview":"max-video-preview:-1"},"canonical":"https:\/\/ssshardwaremachinery.com\/es\/producto\/automatic-self-tapping-cold-heading-nail-making-high-speed-screw-bolt-nut-producing-machine\/","og_locale":"es_ES","og_type":"article","og_title":"Automatic Self-tapping Cold Heading Nail Making High Speed Screw Bolt Nut Producing Machine","og_description":"Discover our advanced High Speed Screw Bolt Nut Producing Machine for efficient manufacturing. Boost productivity with precision engineering.","og_url":"https:\/\/ssshardwaremachinery.com\/es\/producto\/automatic-self-tapping-cold-heading-nail-making-high-speed-screw-bolt-nut-producing-machine\/","og_site_name":"SSS Hardware Industry | Professional Hardware Manufacturing","article_modified_time":"2024-08-14T06:30:09+00:00","og_image":[{"width":1000,"height":1000,"url":"https:\/\/ssshardwaremachinery.com\/wp-content\/uploads\/2024\/07\/02-1.jpg","type":"image\/jpeg"}],"twitter_card":"summary_large_image","twitter_misc":{"Tiempo de lectura":"1 minuto"},"schema":{"@context":"https:\/\/schema.org","@graph":[{"@type":"WebPage","@id":"https:\/\/ssshardwaremachinery.com\/product\/automatic-self-tapping-cold-heading-nail-making-high-speed-screw-bolt-nut-producing-machine\/","url":"https:\/\/ssshardwaremachinery.com\/product\/automatic-self-tapping-cold-heading-nail-making-high-speed-screw-bolt-nut-producing-machine\/","name":"Automatic Self-tapping Cold Heading Nail Making High Speed Screw Bolt Nut Producing Machine - SSS Hardware Industry | Professional Hardware Manufacturing","isPartOf":{"@id":"https:\/\/ssshardwaremachinery.com\/#website"},"primaryImageOfPage":{"@id":"https:\/\/ssshardwaremachinery.com\/product\/automatic-self-tapping-cold-heading-nail-making-high-speed-screw-bolt-nut-producing-machine\/#primaryimage"},"image":{"@id":"https:\/\/ssshardwaremachinery.com\/product\/automatic-self-tapping-cold-heading-nail-making-high-speed-screw-bolt-nut-producing-machine\/#primaryimage"},"thumbnailUrl":"https:\/\/ssshardwaremachinery.com\/wp-content\/uploads\/2024\/07\/02-1.jpg","datePublished":"2024-07-22T03:05:41+00:00","dateModified":"2024-08-14T06:30:09+00:00","description":"Discover our advanced High Speed Screw Bolt Nut Producing Machine for efficient manufacturing. Boost productivity with precision engineering.","breadcrumb":{"@id":"https:\/\/ssshardwaremachinery.com\/product\/automatic-self-tapping-cold-heading-nail-making-high-speed-screw-bolt-nut-producing-machine\/#breadcrumb"},"inLanguage":"es-AR","potentialAction":[{"@type":"ReadAction","target":["https:\/\/ssshardwaremachinery.com\/product\/automatic-self-tapping-cold-heading-nail-making-high-speed-screw-bolt-nut-producing-machine\/"]}]},{"@type":"ImageObject","inLanguage":"es-AR","@id":"https:\/\/ssshardwaremachinery.com\/product\/automatic-self-tapping-cold-heading-nail-making-high-speed-screw-bolt-nut-producing-machine\/#primaryimage","url":"https:\/\/ssshardwaremachinery.com\/wp-content\/uploads\/2024\/07\/02-1.jpg","contentUrl":"https:\/\/ssshardwaremachinery.com\/wp-content\/uploads\/2024\/07\/02-1.jpg","width":1000,"height":1000},{"@type":"BreadcrumbList","@id":"https:\/\/ssshardwaremachinery.com\/product\/automatic-self-tapping-cold-heading-nail-making-high-speed-screw-bolt-nut-producing-machine\/#breadcrumb","itemListElement":[{"@type":"ListItem","position":1,"name":"\u9996\u9875","item":"https:\/\/ssshardwaremachinery.com\/"},{"@type":"ListItem","position":2,"name":"Products","item":"https:\/\/ssshardwaremachinery.com\/products\/"},{"@type":"ListItem","position":3,"name":"Automatic Self-tapping Cold Heading Nail Making High Speed Screw Bolt Nut Producing Machine"}]},{"@type":"WebSite","@id":"https:\/\/ssshardwaremachinery.com\/#website","url":"https:\/\/ssshardwaremachinery.com\/","name":"SSS Hardware Industry | Professional Hardware Manufacturing","description":"&quot;Your Source for Professional Hardware Machinery Manufacturing at SSS Hardware Industry&quot;","publisher":{"@id":"https:\/\/ssshardwaremachinery.com\/#organization"},"potentialAction":[{"@type":"SearchAction","target":{"@type":"EntryPoint","urlTemplate":"https:\/\/ssshardwaremachinery.com\/?s={search_term_string}"},"query-input":"required name=search_term_string"}],"inLanguage":"es-AR"},{"@type":"Organization","@id":"https:\/\/ssshardwaremachinery.com\/#organization","name":"SSS Hardware Industry | Professional Hardware Manufacturing","url":"https:\/\/ssshardwaremachinery.com\/","logo":{"@type":"ImageObject","inLanguage":"es-AR","@id":"https:\/\/ssshardwaremachinery.com\/#\/schema\/logo\/image\/","url":"https:\/\/ssshardwaremachinery.com\/wp-content\/uploads\/2024\/07\/cropped-cropped-\u5fae\u4fe1\u56fe\u7247_20240708153705-1.png","contentUrl":"https:\/\/ssshardwaremachinery.com\/wp-content\/uploads\/2024\/07\/cropped-cropped-\u5fae\u4fe1\u56fe\u7247_20240708153705-1.png","width":512,"height":336,"caption":"SSS Hardware Industry | Professional Hardware Manufacturing"},"image":{"@id":"https:\/\/ssshardwaremachinery.com\/#\/schema\/logo\/image\/"}}]}},"_links":{"self":[{"href":"https:\/\/ssshardwaremachinery.com\/es\/wp-json\/wp\/v2\/product\/1046"}],"collection":[{"href":"https:\/\/ssshardwaremachinery.com\/es\/wp-json\/wp\/v2\/product"}],"about":[{"href":"https:\/\/ssshardwaremachinery.com\/es\/wp-json\/wp\/v2\/types\/product"}],"wp:featuredmedia":[{"embeddable":true,"href":"https:\/\/ssshardwaremachinery.com\/es\/wp-json\/wp\/v2\/media\/1048"}],"wp:attachment":[{"href":"https:\/\/ssshardwaremachinery.com\/es\/wp-json\/wp\/v2\/media?parent=1046"}],"wp:term":[{"taxonomy":"product_cat","embeddable":true,"href":"https:\/\/ssshardwaremachinery.com\/es\/wp-json\/wp\/v2\/product_cat?post=1046"},{"taxonomy":"product_tag","embeddable":true,"href":"https:\/\/ssshardwaremachinery.com\/es\/wp-json\/wp\/v2\/product_tag?post=1046"}],"curies":[{"name":"wp","href":"https:\/\/api.w.org\/{rel}","templated":true}]}}