{"id":935,"date":"2024-07-18T06:37:29","date_gmt":"2024-07-18T06:37:29","guid":{"rendered":"https:\/\/ssshardwaremachinery.com\/?post_type=product&#038;p=935"},"modified":"2024-08-27T02:38:32","modified_gmt":"2024-08-27T02:38:32","slug":"high-quality-galvanized-roofing-screw-coil-nail-products","status":"publish","type":"product","link":"https:\/\/ssshardwaremachinery.com\/de\/produkt\/high-quality-galvanized-roofing-screw-coil-nail-products\/","title":{"rendered":"Hochwertige verzinkte Bedachung Schraube Spule Nagel Produkte"},"content":{"rendered":"<h1><span style=\"color: #0000ff;\">PRODUKTANGABEN<\/span><\/h1>\n<hr \/>\n<p>Die umgekehrte Drahtziehmaschine der Serie LDD nimmt die umgekehrte Struktur der Zugspule an, und Roofing Screw Coil Nail ist mit einer Drahtst\u00fctze und einem Drahtaufnahmewagen unter der Spule ausgestattet, die das Aufwickeln der gro\u00dfen Spule realisieren k\u00f6nnen. Die invertierte Drahtziehmaschine der Serie LDD wird haupts\u00e4chlich f\u00fcr das schwere Ziehen von hochfestem, dickem Metalldraht verwendet.<\/p>\n<h2><span style=\"color: #0000ff;\">AUSR\u00dcSTUNGSDATEN<\/span><\/h2>\n<hr \/>\n<table border=\"1\" cellspacing=\"0\">\n<tbody>\n<tr class=\"firstRow\">\n<td valign=\"top\" width=\"103\">Artikel<\/td>\n<td valign=\"top\" width=\"192\">Spezifikation<\/td>\n<\/tr>\n<tr>\n<td valign=\"top\" width=\"103\">Umgekehrte Drahtziehmaschine<\/td>\n<td valign=\"top\" width=\"192\">LDD-800<\/p>\n<p>Einlass-\u00d8-Bereich:16-10<\/p>\n<p>Leistung:45-55kw<\/td>\n<\/tr>\n<tr>\n<td valign=\"top\" width=\"103\">Auszahlungsautomat<\/td>\n<td valign=\"top\" width=\"192\">Vertikaler Zylinder, 2,5 t<\/td>\n<\/tr>\n<tr>\n<td valign=\"top\" width=\"103\">Richtmaschine<\/td>\n<td valign=\"top\" width=\"192\">F-120,12-4mm<\/td>\n<\/tr>\n<\/tbody>\n<\/table>","protected":false},"excerpt":{"rendered":"<p>PRODUCT DETAILS The LDD series inverted wire drawing machine adopts the inverted structure of the drawing traction reel, and Roofing [&hellip;]<\/p>","protected":false},"featured_media":975,"template":"","meta":{"_monsterinsights_skip_tracking":false,"_monsterinsights_sitenote_active":false,"_monsterinsights_sitenote_note":"","_monsterinsights_sitenote_category":0,"site-sidebar-layout":"default","site-content-layout":"","ast-site-content-layout":"default","site-content-style":"default","site-sidebar-style":"default","ast-global-header-display":"","ast-banner-title-visibility":"","ast-main-header-display":"","ast-hfb-above-header-display":"","ast-hfb-below-header-display":"","ast-hfb-mobile-header-display":"","site-post-title":"","ast-breadcrumbs-content":"","ast-featured-img":"","footer-sml-layout":"","theme-transparent-header-meta":"default","adv-header-id-meta":"","stick-header-meta":"default","header-above-stick-meta":"","header-main-stick-meta":"","header-below-stick-meta":"","astra-migrate-meta-layouts":"set","ast-page-background-enabled":"default","ast-page-background-meta":{"desktop":{"background-color":"var(--ast-global-color-4)","background-image":"","background-repeat":"repeat","background-position":"center center","background-size":"auto","background-attachment":"scroll","background-type":"","background-media":"","overlay-type":"","overlay-color":"","overlay-opacity":"","overlay-gradient":""},"tablet":{"background-color":"","background-image":"","background-repeat":"repeat","background-position":"center center","background-size":"auto","background-attachment":"scroll","background-type":"","background-media":"","overlay-type":"","overlay-color":"","overlay-opacity":"","overlay-gradient":""},"mobile":{"background-color":"","background-image":"","background-repeat":"repeat","background-position":"center center","background-size":"auto","background-attachment":"scroll","background-type":"","background-media":"","overlay-type":"","overlay-color":"","overlay-opacity":"","overlay-gradient":""}},"ast-content-background-meta":{"desktop":{"background-color":"var(--ast-global-color-5)","background-image":"","background-repeat":"repeat","background-position":"center center","background-size":"auto","background-attachment":"scroll","background-type":"","background-media":"","overlay-type":"","overlay-color":"","overlay-opacity":"","overlay-gradient":""},"tablet":{"background-color":"var(--ast-global-color-5)","background-image":"","background-repeat":"repeat","background-position":"center center","background-size":"auto","background-attachment":"scroll","background-type":"","background-media":"","overlay-type":"","overlay-color":"","overlay-opacity":"","overlay-gradient":""},"mobile":{"background-color":"var(--ast-global-color-5)","background-image":"","background-repeat":"repeat","background-position":"center center","background-size":"auto","background-attachment":"scroll","background-type":"","background-media":"","overlay-type":"","overlay-color":"","overlay-opacity":"","overlay-gradient":""}}},"product_cat":[27],"product_tag":[],"class_list":{"0":"post-935","1":"product","2":"type-product","3":"status-publish","4":"has-post-thumbnail","6":"product_cat-wire-drawing-machine","7":"desktop-align-left","8":"tablet-align-left","9":"mobile-align-left","10":"ast-product-gallery-layout-horizontal-slider","11":"ast-product-tabs-layout-horizontal","13":"first","14":"instock","15":"shipping-taxable","16":"product-type-simple"},"yoast_head":"<!-- This site is optimized with the Yoast SEO Premium plugin v22.6 (Yoast SEO v23.0) - https:\/\/yoast.com\/wordpress\/plugins\/seo\/ -->\n<title>High Quality Galvanized Roofing Screw Coil Nail Products - SSS Hardware Industry | Professional Hardware Manufacturing<\/title>\n<meta name=\"description\" content=\"High-quality roofing screw coil nails for secure and efficient installation. Designed for durability and weather resistance.\" \/>\n<meta name=\"robots\" content=\"index, follow, max-snippet:-1, max-image-preview:large, max-video-preview:-1\" \/>\n<link rel=\"canonical\" href=\"https:\/\/ssshardwaremachinery.com\/de\/produkt\/high-quality-galvanized-roofing-screw-coil-nail-products\/\" \/>\n<meta property=\"og:locale\" content=\"de_DE\" \/>\n<meta property=\"og:type\" content=\"article\" \/>\n<meta property=\"og:title\" content=\"High Quality Galvanized Roofing Screw Coil Nail Products\" \/>\n<meta property=\"og:description\" content=\"High-quality roofing screw coil nails for secure and efficient installation. Designed for durability and weather resistance.\" \/>\n<meta property=\"og:url\" content=\"https:\/\/ssshardwaremachinery.com\/de\/produkt\/high-quality-galvanized-roofing-screw-coil-nail-products\/\" \/>\n<meta property=\"og:site_name\" content=\"SSS Hardware Industry | Professional Hardware Manufacturing\" \/>\n<meta property=\"article:modified_time\" content=\"2024-08-27T02:38:32+00:00\" \/>\n<meta property=\"og:image\" content=\"https:\/\/ssshardwaremachinery.com\/wp-content\/uploads\/2024\/07\/5.jpg\" \/>\n\t<meta property=\"og:image:width\" content=\"750\" \/>\n\t<meta property=\"og:image:height\" content=\"750\" \/>\n\t<meta property=\"og:image:type\" content=\"image\/jpeg\" \/>\n<meta name=\"twitter:card\" content=\"summary_large_image\" \/>\n<meta name=\"twitter:label1\" content=\"Gesch\u00e4tzte Lesezeit\" \/>\n\t<meta name=\"twitter:data1\" content=\"1\u00a0Minute\" \/>\n<script type=\"application\/ld+json\" class=\"yoast-schema-graph\">{\"@context\":\"https:\/\/schema.org\",\"@graph\":[{\"@type\":\"WebPage\",\"@id\":\"https:\/\/ssshardwaremachinery.com\/product\/high-quality-galvanized-roofing-screw-coil-nail-products\/\",\"url\":\"https:\/\/ssshardwaremachinery.com\/product\/high-quality-galvanized-roofing-screw-coil-nail-products\/\",\"name\":\"High Quality Galvanized Roofing Screw Coil Nail Products - SSS Hardware Industry | Professional Hardware Manufacturing\",\"isPartOf\":{\"@id\":\"https:\/\/ssshardwaremachinery.com\/#website\"},\"primaryImageOfPage\":{\"@id\":\"https:\/\/ssshardwaremachinery.com\/product\/high-quality-galvanized-roofing-screw-coil-nail-products\/#primaryimage\"},\"image\":{\"@id\":\"https:\/\/ssshardwaremachinery.com\/product\/high-quality-galvanized-roofing-screw-coil-nail-products\/#primaryimage\"},\"thumbnailUrl\":\"https:\/\/ssshardwaremachinery.com\/wp-content\/uploads\/2024\/07\/5.jpg\",\"datePublished\":\"2024-07-18T06:37:29+00:00\",\"dateModified\":\"2024-08-27T02:38:32+00:00\",\"description\":\"High-quality roofing screw coil nails for secure and efficient installation. Designed for durability and weather resistance.\",\"breadcrumb\":{\"@id\":\"https:\/\/ssshardwaremachinery.com\/product\/high-quality-galvanized-roofing-screw-coil-nail-products\/#breadcrumb\"},\"inLanguage\":\"de\",\"potentialAction\":[{\"@type\":\"ReadAction\",\"target\":[\"https:\/\/ssshardwaremachinery.com\/product\/high-quality-galvanized-roofing-screw-coil-nail-products\/\"]}]},{\"@type\":\"ImageObject\",\"inLanguage\":\"de\",\"@id\":\"https:\/\/ssshardwaremachinery.com\/product\/high-quality-galvanized-roofing-screw-coil-nail-products\/#primaryimage\",\"url\":\"https:\/\/ssshardwaremachinery.com\/wp-content\/uploads\/2024\/07\/5.jpg\",\"contentUrl\":\"https:\/\/ssshardwaremachinery.com\/wp-content\/uploads\/2024\/07\/5.jpg\",\"width\":750,\"height\":750},{\"@type\":\"BreadcrumbList\",\"@id\":\"https:\/\/ssshardwaremachinery.com\/product\/high-quality-galvanized-roofing-screw-coil-nail-products\/#breadcrumb\",\"itemListElement\":[{\"@type\":\"ListItem\",\"position\":1,\"name\":\"\u9996\u9875\",\"item\":\"https:\/\/ssshardwaremachinery.com\/\"},{\"@type\":\"ListItem\",\"position\":2,\"name\":\"Products\",\"item\":\"https:\/\/ssshardwaremachinery.com\/products\/\"},{\"@type\":\"ListItem\",\"position\":3,\"name\":\"High Quality Galvanized Roofing Screw Coil Nail Products\"}]},{\"@type\":\"WebSite\",\"@id\":\"https:\/\/ssshardwaremachinery.com\/#website\",\"url\":\"https:\/\/ssshardwaremachinery.com\/\",\"name\":\"SSS Hardware Industry | Professional Hardware Manufacturing\",\"description\":\"&quot;Your Source for Professional Hardware Machinery Manufacturing at SSS Hardware Industry&quot;\",\"publisher\":{\"@id\":\"https:\/\/ssshardwaremachinery.com\/#organization\"},\"potentialAction\":[{\"@type\":\"SearchAction\",\"target\":{\"@type\":\"EntryPoint\",\"urlTemplate\":\"https:\/\/ssshardwaremachinery.com\/?s={search_term_string}\"},\"query-input\":\"required name=search_term_string\"}],\"inLanguage\":\"de\"},{\"@type\":\"Organization\",\"@id\":\"https:\/\/ssshardwaremachinery.com\/#organization\",\"name\":\"SSS Hardware Industry | Professional Hardware Manufacturing\",\"url\":\"https:\/\/ssshardwaremachinery.com\/\",\"logo\":{\"@type\":\"ImageObject\",\"inLanguage\":\"de\",\"@id\":\"https:\/\/ssshardwaremachinery.com\/#\/schema\/logo\/image\/\",\"url\":\"https:\/\/ssshardwaremachinery.com\/wp-content\/uploads\/2024\/07\/cropped-cropped-\u5fae\u4fe1\u56fe\u7247_20240708153705-1.png\",\"contentUrl\":\"https:\/\/ssshardwaremachinery.com\/wp-content\/uploads\/2024\/07\/cropped-cropped-\u5fae\u4fe1\u56fe\u7247_20240708153705-1.png\",\"width\":512,\"height\":336,\"caption\":\"SSS Hardware Industry | Professional Hardware Manufacturing\"},\"image\":{\"@id\":\"https:\/\/ssshardwaremachinery.com\/#\/schema\/logo\/image\/\"}}]}<\/script>\n<!-- \/ Yoast SEO Premium plugin. -->","yoast_head_json":{"title":"High Quality Galvanized Roofing Screw Coil Nail Products - SSS Hardware Industry | Professional Hardware Manufacturing","description":"High-quality roofing screw coil nails for secure and efficient installation. Designed for durability and weather resistance.","robots":{"index":"index","follow":"follow","max-snippet":"max-snippet:-1","max-image-preview":"max-image-preview:large","max-video-preview":"max-video-preview:-1"},"canonical":"https:\/\/ssshardwaremachinery.com\/de\/produkt\/high-quality-galvanized-roofing-screw-coil-nail-products\/","og_locale":"de_DE","og_type":"article","og_title":"High Quality Galvanized Roofing Screw Coil Nail Products","og_description":"High-quality roofing screw coil nails for secure and efficient installation. Designed for durability and weather resistance.","og_url":"https:\/\/ssshardwaremachinery.com\/de\/produkt\/high-quality-galvanized-roofing-screw-coil-nail-products\/","og_site_name":"SSS Hardware Industry | Professional Hardware Manufacturing","article_modified_time":"2024-08-27T02:38:32+00:00","og_image":[{"width":750,"height":750,"url":"https:\/\/ssshardwaremachinery.com\/wp-content\/uploads\/2024\/07\/5.jpg","type":"image\/jpeg"}],"twitter_card":"summary_large_image","twitter_misc":{"Gesch\u00e4tzte Lesezeit":"1\u00a0Minute"},"schema":{"@context":"https:\/\/schema.org","@graph":[{"@type":"WebPage","@id":"https:\/\/ssshardwaremachinery.com\/product\/high-quality-galvanized-roofing-screw-coil-nail-products\/","url":"https:\/\/ssshardwaremachinery.com\/product\/high-quality-galvanized-roofing-screw-coil-nail-products\/","name":"High Quality Galvanized Roofing Screw Coil Nail Products - SSS Hardware Industry | Professional Hardware Manufacturing","isPartOf":{"@id":"https:\/\/ssshardwaremachinery.com\/#website"},"primaryImageOfPage":{"@id":"https:\/\/ssshardwaremachinery.com\/product\/high-quality-galvanized-roofing-screw-coil-nail-products\/#primaryimage"},"image":{"@id":"https:\/\/ssshardwaremachinery.com\/product\/high-quality-galvanized-roofing-screw-coil-nail-products\/#primaryimage"},"thumbnailUrl":"https:\/\/ssshardwaremachinery.com\/wp-content\/uploads\/2024\/07\/5.jpg","datePublished":"2024-07-18T06:37:29+00:00","dateModified":"2024-08-27T02:38:32+00:00","description":"High-quality roofing screw coil nails for secure and efficient installation. Designed for durability and weather resistance.","breadcrumb":{"@id":"https:\/\/ssshardwaremachinery.com\/product\/high-quality-galvanized-roofing-screw-coil-nail-products\/#breadcrumb"},"inLanguage":"de","potentialAction":[{"@type":"ReadAction","target":["https:\/\/ssshardwaremachinery.com\/product\/high-quality-galvanized-roofing-screw-coil-nail-products\/"]}]},{"@type":"ImageObject","inLanguage":"de","@id":"https:\/\/ssshardwaremachinery.com\/product\/high-quality-galvanized-roofing-screw-coil-nail-products\/#primaryimage","url":"https:\/\/ssshardwaremachinery.com\/wp-content\/uploads\/2024\/07\/5.jpg","contentUrl":"https:\/\/ssshardwaremachinery.com\/wp-content\/uploads\/2024\/07\/5.jpg","width":750,"height":750},{"@type":"BreadcrumbList","@id":"https:\/\/ssshardwaremachinery.com\/product\/high-quality-galvanized-roofing-screw-coil-nail-products\/#breadcrumb","itemListElement":[{"@type":"ListItem","position":1,"name":"\u9996\u9875","item":"https:\/\/ssshardwaremachinery.com\/"},{"@type":"ListItem","position":2,"name":"Products","item":"https:\/\/ssshardwaremachinery.com\/products\/"},{"@type":"ListItem","position":3,"name":"High Quality Galvanized Roofing Screw Coil Nail Products"}]},{"@type":"WebSite","@id":"https:\/\/ssshardwaremachinery.com\/#website","url":"https:\/\/ssshardwaremachinery.com\/","name":"SSS Hardware Industry | Professional Hardware Manufacturing","description":"&quot;Your Source for Professional Hardware Machinery Manufacturing at SSS Hardware Industry&quot;","publisher":{"@id":"https:\/\/ssshardwaremachinery.com\/#organization"},"potentialAction":[{"@type":"SearchAction","target":{"@type":"EntryPoint","urlTemplate":"https:\/\/ssshardwaremachinery.com\/?s={search_term_string}"},"query-input":"required name=search_term_string"}],"inLanguage":"de"},{"@type":"Organization","@id":"https:\/\/ssshardwaremachinery.com\/#organization","name":"SSS Hardware Industry | Professional Hardware Manufacturing","url":"https:\/\/ssshardwaremachinery.com\/","logo":{"@type":"ImageObject","inLanguage":"de","@id":"https:\/\/ssshardwaremachinery.com\/#\/schema\/logo\/image\/","url":"https:\/\/ssshardwaremachinery.com\/wp-content\/uploads\/2024\/07\/cropped-cropped-\u5fae\u4fe1\u56fe\u7247_20240708153705-1.png","contentUrl":"https:\/\/ssshardwaremachinery.com\/wp-content\/uploads\/2024\/07\/cropped-cropped-\u5fae\u4fe1\u56fe\u7247_20240708153705-1.png","width":512,"height":336,"caption":"SSS Hardware Industry | Professional Hardware Manufacturing"},"image":{"@id":"https:\/\/ssshardwaremachinery.com\/#\/schema\/logo\/image\/"}}]}},"_links":{"self":[{"href":"https:\/\/ssshardwaremachinery.com\/de\/wp-json\/wp\/v2\/product\/935"}],"collection":[{"href":"https:\/\/ssshardwaremachinery.com\/de\/wp-json\/wp\/v2\/product"}],"about":[{"href":"https:\/\/ssshardwaremachinery.com\/de\/wp-json\/wp\/v2\/types\/product"}],"wp:featuredmedia":[{"embeddable":true,"href":"https:\/\/ssshardwaremachinery.com\/de\/wp-json\/wp\/v2\/media\/975"}],"wp:attachment":[{"href":"https:\/\/ssshardwaremachinery.com\/de\/wp-json\/wp\/v2\/media?parent=935"}],"wp:term":[{"taxonomy":"product_cat","embeddable":true,"href":"https:\/\/ssshardwaremachinery.com\/de\/wp-json\/wp\/v2\/product_cat?post=935"},{"taxonomy":"product_tag","embeddable":true,"href":"https:\/\/ssshardwaremachinery.com\/de\/wp-json\/wp\/v2\/product_tag?post=935"}],"curies":[{"name":"wp","href":"https:\/\/api.w.org\/{rel}","templated":true}]}}