{"id":856,"date":"2024-07-18T02:34:23","date_gmt":"2024-07-18T02:34:23","guid":{"rendered":"https:\/\/ssshardwaremachinery.com\/?post_type=product&#038;p=856"},"modified":"2024-08-27T03:02:19","modified_gmt":"2024-08-27T03:02:19","slug":"high-speed-automatic-steel-nails-making-machine-complete-nails-production-line","status":"publish","type":"product","link":"https:\/\/ssshardwaremachinery.com\/de\/produkt\/high-speed-automatic-steel-nails-making-machine-complete-nails-production-line\/","title":{"rendered":"Automatische Hochgeschwindigkeitsmaschine zur Herstellung von Stahln\u00e4geln Komplette Nagelproduktion LIne"},"content":{"rendered":"<h1><span style=\"color: #0000ff;\">Beschreibung des Produkts<\/span><\/h1>\n<hr \/>\n<p>1. Einfache Bedienung, 20 Minuten zum Wechseln und Einstellen der Fr\u00e4ser, Greifwerkzeuge und Zuf\u00fchreinheit beim \u00c4ndern von Nagelschaftdurchmesser und -l\u00e4nge. 2. Vereinfachte Wartung, automatisches Innen\u00f6lsystem, kein Fett erforderlich. 3. Sehr runder Nagelkopf, zweimaliges Stanzen, um sehr gute Nagelk\u00f6pfe zu gew\u00e4hrleisten. 4. Konsistente Nagelschaftl\u00e4nge, gut f\u00fcr die Herstellung von Coiln\u00e4geln und Papier\/Plastikstreifenn\u00e4geln. 5. 24 Stunden ohne Unterbrechung arbeiten 6. Sicher und weniger L\u00e4rm 7. Langlebige und billigere Werkzeuge, niedrigere Kosten zu verwenden. 8. Verringern Sie Ihre Produktionskosten<\/p>\n<h2><span style=\"color: #0000ff;\">AUSR\u00dcSTUNGSDATEN<\/span><\/h2>\n<hr \/>\n<table class=\"table\" border=\"1\" cellspacing=\"1\" cellpadding=\"1\">\n<tbody>\n<tr>\n<td colspan=\"1\" rowspan=\"1\">\n<div class=\"magic-16\"><strong>Modellnummer<\/strong><\/div>\n<\/td>\n<td colspan=\"1\" rowspan=\"1\">\n<div class=\"magic-17\"><strong>SSS-ZDJ-X90<\/strong><\/div>\n<\/td>\n<td colspan=\"1\" rowspan=\"1\">\n<div class=\"magic-18\"><strong>SSS-ZDJ-X130<\/strong><\/div>\n<\/td>\n<td colspan=\"1\" rowspan=\"1\">\n<div class=\"magic-19\"><strong>SSS-ZDJ-X150<\/strong><\/div>\n<\/td>\n<\/tr>\n<tr>\n<td colspan=\"1\" rowspan=\"1\">\n<div class=\"magic-16\"><strong>Durchmesser der N\u00e4gel<\/strong><\/div>\n<\/td>\n<td colspan=\"1\" rowspan=\"1\">\n<div class=\"magic-17\">1,9-3,6 mm<\/div>\n<\/td>\n<td colspan=\"1\" rowspan=\"1\">\n<div class=\"magic-18\">2,5-5,0 mm<\/div>\n<\/td>\n<td colspan=\"1\" rowspan=\"1\">\n<div class=\"magic-19\">2,5-6,0 mm<\/div>\n<\/td>\n<\/tr>\n<tr>\n<td colspan=\"1\" rowspan=\"1\">\n<div class=\"magic-16\"><strong>L\u00e4nge der N\u00e4gel<\/strong><\/div>\n<\/td>\n<td colspan=\"1\" rowspan=\"1\">\n<div class=\"magic-17\">38-90mm<\/div>\n<\/td>\n<td colspan=\"1\" rowspan=\"1\">\n<div class=\"magic-18\">50-130mm<\/div>\n<\/td>\n<td colspan=\"1\" rowspan=\"1\">\n<div class=\"magic-19\">70-160mm<\/div>\n<\/td>\n<\/tr>\n<tr>\n<td colspan=\"1\" rowspan=\"1\">\n<div class=\"magic-16\"><strong>Geschwindigkeit<\/strong><\/div>\n<\/td>\n<td colspan=\"1\" rowspan=\"1\">\n<div class=\"magic-17\">\u2264 760 St\u00fcck\/min<\/div>\n<\/td>\n<td colspan=\"1\" rowspan=\"1\">\n<div class=\"magic-18\">500-650 St\u00fcck\/min<\/div>\n<\/td>\n<td colspan=\"1\" rowspan=\"1\">\n<div class=\"magic-19\">500-650 St\u00fcck\/min<\/div>\n<\/td>\n<\/tr>\n<tr>\n<td colspan=\"1\" rowspan=\"1\">\n<div class=\"magic-16\"><strong>Nennleistung<\/strong><\/div>\n<\/td>\n<td colspan=\"1\" rowspan=\"1\">\n<div class=\"magic-17\">7 kw<\/div>\n<\/td>\n<td colspan=\"1\" rowspan=\"1\">\n<div class=\"magic-18\">9,7 kw<\/div>\n<\/td>\n<td colspan=\"1\" rowspan=\"1\">\n<div class=\"magic-19\">13,2 kw<\/div>\n<\/td>\n<\/tr>\n<tr>\n<td colspan=\"1\" rowspan=\"1\">\n<div class=\"magic-16\"><strong>Abmessungen<\/strong><\/div>\n<\/td>\n<td colspan=\"1\" rowspan=\"1\">\n<div class=\"magic-17\">\n<p>1520*1380*1580 mm<\/p>\n<div>1580*1020*1700 mm<\/div>\n<div>420*700*1050 mm<\/div>\n<\/div>\n<\/td>\n<td colspan=\"1\" rowspan=\"1\">\n<div class=\"magic-18\">\n<div>2200*1300*1300 mm<\/div>\n<div>1700*1100*1700 mm<\/div>\n<div>420*700*1050 mm<\/div>\n<div><\/div>\n<\/div>\n<\/td>\n<td colspan=\"1\" rowspan=\"1\">\n<div class=\"magic-19\">\n<p>2400*1400*1400 mm<\/p>\n<div>1700*1100*1700 mm<\/div>\n<div>420*700*1050 mm<\/div>\n<\/div>\n<\/td>\n<\/tr>\n<tr>\n<td colspan=\"1\" rowspan=\"1\">\n<div class=\"magic-16\"><strong>Gewicht der Maschine<\/strong><\/div>\n<\/td>\n<td colspan=\"1\" rowspan=\"1\">\n<div class=\"magic-17\">4200kg<\/div>\n<\/td>\n<td colspan=\"1\" rowspan=\"1\">\n<div class=\"magic-18\">4000kg<\/div>\n<\/td>\n<td colspan=\"1\" rowspan=\"1\">\n<div class=\"magic-19\">4500kg<\/div>\n<\/td>\n<\/tr>\n<\/tbody>\n<\/table>","protected":false},"excerpt":{"rendered":"<p>Produktbeschreibung 1. Einfache Bedienung, 20 Minuten zum Wechseln und Einstellen der Messer, Greifwerkzeuge und Vorschubeinheit beim Wechsel [...]<\/p>","protected":false},"featured_media":967,"template":"","meta":{"_monsterinsights_skip_tracking":false,"_monsterinsights_sitenote_active":false,"_monsterinsights_sitenote_note":"","_monsterinsights_sitenote_category":0,"site-sidebar-layout":"default","site-content-layout":"","ast-site-content-layout":"default","site-content-style":"default","site-sidebar-style":"default","ast-global-header-display":"","ast-banner-title-visibility":"","ast-main-header-display":"","ast-hfb-above-header-display":"","ast-hfb-below-header-display":"","ast-hfb-mobile-header-display":"","site-post-title":"","ast-breadcrumbs-content":"","ast-featured-img":"","footer-sml-layout":"","theme-transparent-header-meta":"default","adv-header-id-meta":"","stick-header-meta":"default","header-above-stick-meta":"","header-main-stick-meta":"","header-below-stick-meta":"","astra-migrate-meta-layouts":"set","ast-page-background-enabled":"default","ast-page-background-meta":{"desktop":{"background-color":"var(--ast-global-color-4)","background-image":"","background-repeat":"repeat","background-position":"center center","background-size":"auto","background-attachment":"scroll","background-type":"","background-media":"","overlay-type":"","overlay-color":"","overlay-opacity":"","overlay-gradient":""},"tablet":{"background-color":"","background-image":"","background-repeat":"repeat","background-position":"center center","background-size":"auto","background-attachment":"scroll","background-type":"","background-media":"","overlay-type":"","overlay-color":"","overlay-opacity":"","overlay-gradient":""},"mobile":{"background-color":"","background-image":"","background-repeat":"repeat","background-position":"center center","background-size":"auto","background-attachment":"scroll","background-type":"","background-media":"","overlay-type":"","overlay-color":"","overlay-opacity":"","overlay-gradient":""}},"ast-content-background-meta":{"desktop":{"background-color":"var(--ast-global-color-5)","background-image":"","background-repeat":"repeat","background-position":"center center","background-size":"auto","background-attachment":"scroll","background-type":"","background-media":"","overlay-type":"","overlay-color":"","overlay-opacity":"","overlay-gradient":""},"tablet":{"background-color":"var(--ast-global-color-5)","background-image":"","background-repeat":"repeat","background-position":"center center","background-size":"auto","background-attachment":"scroll","background-type":"","background-media":"","overlay-type":"","overlay-color":"","overlay-opacity":"","overlay-gradient":""},"mobile":{"background-color":"var(--ast-global-color-5)","background-image":"","background-repeat":"repeat","background-position":"center center","background-size":"auto","background-attachment":"scroll","background-type":"","background-media":"","overlay-type":"","overlay-color":"","overlay-opacity":"","overlay-gradient":""}}},"product_cat":[38],"product_tag":[],"class_list":{"0":"post-856","1":"product","2":"type-product","3":"status-publish","4":"has-post-thumbnail","6":"product_cat-nail-machine","7":"desktop-align-left","8":"tablet-align-left","9":"mobile-align-left","10":"ast-product-gallery-layout-horizontal-slider","11":"ast-product-tabs-layout-horizontal","13":"first","14":"instock","15":"shipping-taxable","16":"product-type-simple"},"yoast_head":"<!-- This site is optimized with the Yoast SEO Premium plugin v22.6 (Yoast SEO v23.0) - https:\/\/yoast.com\/wordpress\/plugins\/seo\/ -->\n<title>High Speed Automatic Steel Nails Making Machine Complete Nails Production LIne - SSS Hardware Industry | Professional Hardware Manufacturing<\/title>\n<meta name=\"description\" content=\"Boost productivity with our high-speed automatic steel nails making machine. Complete production line ensures efficiency and quality. Invest in cutting-edge technology for your nail manufacturing needs. Get superior results fast!\" \/>\n<meta name=\"robots\" content=\"index, follow, max-snippet:-1, max-image-preview:large, max-video-preview:-1\" \/>\n<link rel=\"canonical\" href=\"https:\/\/ssshardwaremachinery.com\/de\/produkt\/high-speed-automatic-steel-nails-making-machine-complete-nails-production-line\/\" \/>\n<meta property=\"og:locale\" content=\"de_DE\" \/>\n<meta property=\"og:type\" content=\"article\" \/>\n<meta property=\"og:title\" content=\"High Speed Automatic Steel Nails Making Machine Complete Nails Production LIne\" \/>\n<meta property=\"og:description\" content=\"Boost productivity with our high-speed automatic steel nails making machine. Complete production line ensures efficiency and quality. Invest in cutting-edge technology for your nail manufacturing needs. Get superior results fast!\" \/>\n<meta property=\"og:url\" content=\"https:\/\/ssshardwaremachinery.com\/de\/produkt\/high-speed-automatic-steel-nails-making-machine-complete-nails-production-line\/\" \/>\n<meta property=\"og:site_name\" content=\"SSS Hardware Industry | Professional Hardware Manufacturing\" \/>\n<meta property=\"article:modified_time\" content=\"2024-08-27T03:02:19+00:00\" \/>\n<meta property=\"og:image\" content=\"https:\/\/ssshardwaremachinery.com\/wp-content\/uploads\/2024\/07\/17-1.jpg\" \/>\n\t<meta property=\"og:image:width\" content=\"800\" \/>\n\t<meta property=\"og:image:height\" content=\"800\" \/>\n\t<meta property=\"og:image:type\" content=\"image\/jpeg\" \/>\n<meta name=\"twitter:card\" content=\"summary_large_image\" \/>\n<meta name=\"twitter:label1\" content=\"Gesch\u00e4tzte Lesezeit\" \/>\n\t<meta name=\"twitter:data1\" content=\"1\u00a0Minute\" \/>\n<script type=\"application\/ld+json\" class=\"yoast-schema-graph\">{\"@context\":\"https:\/\/schema.org\",\"@graph\":[{\"@type\":\"WebPage\",\"@id\":\"https:\/\/ssshardwaremachinery.com\/product\/high-speed-automatic-steel-nails-making-machine-complete-nails-production-line\/\",\"url\":\"https:\/\/ssshardwaremachinery.com\/product\/high-speed-automatic-steel-nails-making-machine-complete-nails-production-line\/\",\"name\":\"High Speed Automatic Steel Nails Making Machine Complete Nails Production LIne - SSS Hardware Industry | Professional Hardware Manufacturing\",\"isPartOf\":{\"@id\":\"https:\/\/ssshardwaremachinery.com\/#website\"},\"primaryImageOfPage\":{\"@id\":\"https:\/\/ssshardwaremachinery.com\/product\/high-speed-automatic-steel-nails-making-machine-complete-nails-production-line\/#primaryimage\"},\"image\":{\"@id\":\"https:\/\/ssshardwaremachinery.com\/product\/high-speed-automatic-steel-nails-making-machine-complete-nails-production-line\/#primaryimage\"},\"thumbnailUrl\":\"https:\/\/ssshardwaremachinery.com\/wp-content\/uploads\/2024\/07\/17-1.jpg\",\"datePublished\":\"2024-07-18T02:34:23+00:00\",\"dateModified\":\"2024-08-27T03:02:19+00:00\",\"description\":\"Boost productivity with our high-speed automatic steel nails making machine. Complete production line ensures efficiency and quality. Invest in cutting-edge technology for your nail manufacturing needs. Get superior results fast!\",\"breadcrumb\":{\"@id\":\"https:\/\/ssshardwaremachinery.com\/product\/high-speed-automatic-steel-nails-making-machine-complete-nails-production-line\/#breadcrumb\"},\"inLanguage\":\"de\",\"potentialAction\":[{\"@type\":\"ReadAction\",\"target\":[\"https:\/\/ssshardwaremachinery.com\/product\/high-speed-automatic-steel-nails-making-machine-complete-nails-production-line\/\"]}]},{\"@type\":\"ImageObject\",\"inLanguage\":\"de\",\"@id\":\"https:\/\/ssshardwaremachinery.com\/product\/high-speed-automatic-steel-nails-making-machine-complete-nails-production-line\/#primaryimage\",\"url\":\"https:\/\/ssshardwaremachinery.com\/wp-content\/uploads\/2024\/07\/17-1.jpg\",\"contentUrl\":\"https:\/\/ssshardwaremachinery.com\/wp-content\/uploads\/2024\/07\/17-1.jpg\",\"width\":800,\"height\":800,\"caption\":\"Wire Roll Nail Making Machine\"},{\"@type\":\"BreadcrumbList\",\"@id\":\"https:\/\/ssshardwaremachinery.com\/product\/high-speed-automatic-steel-nails-making-machine-complete-nails-production-line\/#breadcrumb\",\"itemListElement\":[{\"@type\":\"ListItem\",\"position\":1,\"name\":\"\u9996\u9875\",\"item\":\"https:\/\/ssshardwaremachinery.com\/\"},{\"@type\":\"ListItem\",\"position\":2,\"name\":\"Products\",\"item\":\"https:\/\/ssshardwaremachinery.com\/products\/\"},{\"@type\":\"ListItem\",\"position\":3,\"name\":\"High Speed Automatic Steel Nails Making Machine Complete Nails Production LIne\"}]},{\"@type\":\"WebSite\",\"@id\":\"https:\/\/ssshardwaremachinery.com\/#website\",\"url\":\"https:\/\/ssshardwaremachinery.com\/\",\"name\":\"SSS Hardware Industry | Professional Hardware Manufacturing\",\"description\":\"&quot;Your Source for Professional Hardware Machinery Manufacturing at SSS Hardware Industry&quot;\",\"publisher\":{\"@id\":\"https:\/\/ssshardwaremachinery.com\/#organization\"},\"potentialAction\":[{\"@type\":\"SearchAction\",\"target\":{\"@type\":\"EntryPoint\",\"urlTemplate\":\"https:\/\/ssshardwaremachinery.com\/?s={search_term_string}\"},\"query-input\":\"required name=search_term_string\"}],\"inLanguage\":\"de\"},{\"@type\":\"Organization\",\"@id\":\"https:\/\/ssshardwaremachinery.com\/#organization\",\"name\":\"SSS Hardware Industry | Professional Hardware Manufacturing\",\"url\":\"https:\/\/ssshardwaremachinery.com\/\",\"logo\":{\"@type\":\"ImageObject\",\"inLanguage\":\"de\",\"@id\":\"https:\/\/ssshardwaremachinery.com\/#\/schema\/logo\/image\/\",\"url\":\"https:\/\/ssshardwaremachinery.com\/wp-content\/uploads\/2024\/07\/cropped-cropped-\u5fae\u4fe1\u56fe\u7247_20240708153705-1.png\",\"contentUrl\":\"https:\/\/ssshardwaremachinery.com\/wp-content\/uploads\/2024\/07\/cropped-cropped-\u5fae\u4fe1\u56fe\u7247_20240708153705-1.png\",\"width\":512,\"height\":336,\"caption\":\"SSS Hardware Industry | Professional Hardware Manufacturing\"},\"image\":{\"@id\":\"https:\/\/ssshardwaremachinery.com\/#\/schema\/logo\/image\/\"}}]}<\/script>\n<!-- \/ Yoast SEO Premium plugin. -->","yoast_head_json":{"title":"High Speed Automatic Steel Nails Making Machine Complete Nails Production LIne - SSS Hardware Industry | Professional Hardware Manufacturing","description":"Boost productivity with our high-speed automatic steel nails making machine. Complete production line ensures efficiency and quality. Invest in cutting-edge technology for your nail manufacturing needs. Get superior results fast!","robots":{"index":"index","follow":"follow","max-snippet":"max-snippet:-1","max-image-preview":"max-image-preview:large","max-video-preview":"max-video-preview:-1"},"canonical":"https:\/\/ssshardwaremachinery.com\/de\/produkt\/high-speed-automatic-steel-nails-making-machine-complete-nails-production-line\/","og_locale":"de_DE","og_type":"article","og_title":"High Speed Automatic Steel Nails Making Machine Complete Nails Production LIne","og_description":"Boost productivity with our high-speed automatic steel nails making machine. Complete production line ensures efficiency and quality. Invest in cutting-edge technology for your nail manufacturing needs. Get superior results fast!","og_url":"https:\/\/ssshardwaremachinery.com\/de\/produkt\/high-speed-automatic-steel-nails-making-machine-complete-nails-production-line\/","og_site_name":"SSS Hardware Industry | Professional Hardware Manufacturing","article_modified_time":"2024-08-27T03:02:19+00:00","og_image":[{"width":800,"height":800,"url":"https:\/\/ssshardwaremachinery.com\/wp-content\/uploads\/2024\/07\/17-1.jpg","type":"image\/jpeg"}],"twitter_card":"summary_large_image","twitter_misc":{"Gesch\u00e4tzte Lesezeit":"1\u00a0Minute"},"schema":{"@context":"https:\/\/schema.org","@graph":[{"@type":"WebPage","@id":"https:\/\/ssshardwaremachinery.com\/product\/high-speed-automatic-steel-nails-making-machine-complete-nails-production-line\/","url":"https:\/\/ssshardwaremachinery.com\/product\/high-speed-automatic-steel-nails-making-machine-complete-nails-production-line\/","name":"High Speed Automatic Steel Nails Making Machine Complete Nails Production LIne - SSS Hardware Industry | Professional Hardware Manufacturing","isPartOf":{"@id":"https:\/\/ssshardwaremachinery.com\/#website"},"primaryImageOfPage":{"@id":"https:\/\/ssshardwaremachinery.com\/product\/high-speed-automatic-steel-nails-making-machine-complete-nails-production-line\/#primaryimage"},"image":{"@id":"https:\/\/ssshardwaremachinery.com\/product\/high-speed-automatic-steel-nails-making-machine-complete-nails-production-line\/#primaryimage"},"thumbnailUrl":"https:\/\/ssshardwaremachinery.com\/wp-content\/uploads\/2024\/07\/17-1.jpg","datePublished":"2024-07-18T02:34:23+00:00","dateModified":"2024-08-27T03:02:19+00:00","description":"Boost productivity with our high-speed automatic steel nails making machine. Complete production line ensures efficiency and quality. Invest in cutting-edge technology for your nail manufacturing needs. Get superior results fast!","breadcrumb":{"@id":"https:\/\/ssshardwaremachinery.com\/product\/high-speed-automatic-steel-nails-making-machine-complete-nails-production-line\/#breadcrumb"},"inLanguage":"de","potentialAction":[{"@type":"ReadAction","target":["https:\/\/ssshardwaremachinery.com\/product\/high-speed-automatic-steel-nails-making-machine-complete-nails-production-line\/"]}]},{"@type":"ImageObject","inLanguage":"de","@id":"https:\/\/ssshardwaremachinery.com\/product\/high-speed-automatic-steel-nails-making-machine-complete-nails-production-line\/#primaryimage","url":"https:\/\/ssshardwaremachinery.com\/wp-content\/uploads\/2024\/07\/17-1.jpg","contentUrl":"https:\/\/ssshardwaremachinery.com\/wp-content\/uploads\/2024\/07\/17-1.jpg","width":800,"height":800,"caption":"Wire Roll Nail Making Machine"},{"@type":"BreadcrumbList","@id":"https:\/\/ssshardwaremachinery.com\/product\/high-speed-automatic-steel-nails-making-machine-complete-nails-production-line\/#breadcrumb","itemListElement":[{"@type":"ListItem","position":1,"name":"\u9996\u9875","item":"https:\/\/ssshardwaremachinery.com\/"},{"@type":"ListItem","position":2,"name":"Products","item":"https:\/\/ssshardwaremachinery.com\/products\/"},{"@type":"ListItem","position":3,"name":"High Speed Automatic Steel Nails Making Machine Complete Nails Production LIne"}]},{"@type":"WebSite","@id":"https:\/\/ssshardwaremachinery.com\/#website","url":"https:\/\/ssshardwaremachinery.com\/","name":"SSS Hardware Industry | Professional Hardware Manufacturing","description":"&quot;Your Source for Professional Hardware Machinery Manufacturing at SSS Hardware Industry&quot;","publisher":{"@id":"https:\/\/ssshardwaremachinery.com\/#organization"},"potentialAction":[{"@type":"SearchAction","target":{"@type":"EntryPoint","urlTemplate":"https:\/\/ssshardwaremachinery.com\/?s={search_term_string}"},"query-input":"required name=search_term_string"}],"inLanguage":"de"},{"@type":"Organization","@id":"https:\/\/ssshardwaremachinery.com\/#organization","name":"SSS Hardware Industry | Professional Hardware Manufacturing","url":"https:\/\/ssshardwaremachinery.com\/","logo":{"@type":"ImageObject","inLanguage":"de","@id":"https:\/\/ssshardwaremachinery.com\/#\/schema\/logo\/image\/","url":"https:\/\/ssshardwaremachinery.com\/wp-content\/uploads\/2024\/07\/cropped-cropped-\u5fae\u4fe1\u56fe\u7247_20240708153705-1.png","contentUrl":"https:\/\/ssshardwaremachinery.com\/wp-content\/uploads\/2024\/07\/cropped-cropped-\u5fae\u4fe1\u56fe\u7247_20240708153705-1.png","width":512,"height":336,"caption":"SSS Hardware Industry | Professional Hardware Manufacturing"},"image":{"@id":"https:\/\/ssshardwaremachinery.com\/#\/schema\/logo\/image\/"}}]}},"_links":{"self":[{"href":"https:\/\/ssshardwaremachinery.com\/de\/wp-json\/wp\/v2\/product\/856"}],"collection":[{"href":"https:\/\/ssshardwaremachinery.com\/de\/wp-json\/wp\/v2\/product"}],"about":[{"href":"https:\/\/ssshardwaremachinery.com\/de\/wp-json\/wp\/v2\/types\/product"}],"wp:featuredmedia":[{"embeddable":true,"href":"https:\/\/ssshardwaremachinery.com\/de\/wp-json\/wp\/v2\/media\/967"}],"wp:attachment":[{"href":"https:\/\/ssshardwaremachinery.com\/de\/wp-json\/wp\/v2\/media?parent=856"}],"wp:term":[{"taxonomy":"product_cat","embeddable":true,"href":"https:\/\/ssshardwaremachinery.com\/de\/wp-json\/wp\/v2\/product_cat?post=856"},{"taxonomy":"product_tag","embeddable":true,"href":"https:\/\/ssshardwaremachinery.com\/de\/wp-json\/wp\/v2\/product_tag?post=856"}],"curies":[{"name":"wp","href":"https:\/\/api.w.org\/{rel}","templated":true}]}}