{"id":1362,"date":"2024-10-28T03:03:23","date_gmt":"2024-10-28T03:03:23","guid":{"rendered":"https:\/\/ssshardwaremachinery.com\/?post_type=product&#038;p=1362"},"modified":"2024-10-28T03:03:23","modified_gmt":"2024-10-28T03:03:23","slug":"two-roller-screw-flat-automatic-thread-rolling-machine","status":"publish","type":"product","link":"https:\/\/ssshardwaremachinery.com\/de\/produkt\/two-roller-screw-flat-automatic-thread-rolling-machine\/","title":{"rendered":"Automatische Gewindewalzmaschine mit zwei Rollen und flacher Schraube"},"content":{"rendered":"<h1><span style=\"color: #0000ff;\">PRODUKTANGABEN<\/span><\/h1>\n<ul>\n<li>Ver\u00e4ndern Sie Ihren Fertigungsprozess mit der automatischen Gewindewalzmaschine mit zwei Walzen f\u00fcr flache Gewinde - ein H\u00f6hepunkt an Effizienz und Pr\u00e4zision. Diese hochmoderne Maschine wurde speziell f\u00fcr die hocheffiziente Bearbeitung von Gewinden entwickelt und ist Ihre L\u00f6sung f\u00fcr die konsistente Herstellung dichter, glatter und robuster Gewinde auf Bolzen, Schrauben, Getriebewellen und vielem mehr.<\/li>\n<li>Stellen Sie sich den Vorteil von Gewinden vor, die nicht nur \u00e4sthetisch anspruchsvoll sind, sondern auch eine h\u00f6here Festigkeit und Verschlei\u00dffestigkeit aufweisen. Unsere Maschine erreicht dies durch eine synchronisierte Doppelrollenrotation unter hohem Druck, die sicherstellt, dass jedes Metallwerkst\u00fcck den h\u00f6chsten Qualit\u00e4tsstandards entspricht.<\/li>\n<li>Lassen Sie nicht zu, dass minderwertige Gewindewerkzeuge Ihre Produktionslinie ausbremsen. Steigern Sie die Qualit\u00e4t und Effizienz Ihrer Produktion mit der automatischen Gewindewalzmaschine mit zwei Rollen und flachem Gewinde. Investieren Sie noch heute in diese Maschine, um Ihren Gewindeschneidprozess zu revolutionieren und sich einen Wettbewerbsvorteil auf dem Markt zu sichern!<\/li>\n<\/ul>\n<h2><span style=\"color: #0000ff;\">AUSR\u00dcSTUNGSDATEN<\/span><\/h2>\n<table class=\"aliDataTable\">\n<tbody>\n<tr>\n<td colspan=\"2\">\n<div>\n<div><span data-spm-anchor-id=\"a2700.details.0.i42.682e68feF7cWwr\">\u00a0 \u00a0 \u00a0 \u00a0<strong>\u00a0Wichtigste technische Parameter<\/strong><\/span><\/div>\n<\/div>\n<\/td>\n<\/tr>\n<tr>\n<td>\n<div>Modell<\/div>\n<\/td>\n<td>\n<div>GS-100<\/div>\n<\/td>\n<\/tr>\n<tr>\n<td>\n<div>Geschwindigkeit<\/div>\n<\/td>\n<td>\n<div>1000-1500 St\u00fcck\/Min.<\/div>\n<\/td>\n<\/tr>\n<tr>\n<td>\n<div>Nagel-Durchmesser<\/div>\n<\/td>\n<td>\n<div>1,5-4,5 mm<\/div>\n<\/td>\n<\/tr>\n<tr>\n<td>\n<div>L\u00e4nge der N\u00e4gel<\/div>\n<\/td>\n<td>\n<div>20-100mm<\/div>\n<\/td>\n<\/tr>\n<tr>\n<td>\n<div>Motorleistung<\/div>\n<\/td>\n<td>\n<div>5,5KW<\/div>\n<\/td>\n<\/tr>\n<tr>\n<td>\n<div>Gewicht<\/div>\n<\/td>\n<td>\n<div>1500KGS<\/div>\n<\/td>\n<\/tr>\n<\/tbody>\n<\/table>","protected":false},"excerpt":{"rendered":"<p>PRODUCT DETAILS Transform your manufacturing process with the Two Roller Screw Flat Automatic Thread Rolling Machine\u2014a pinnacle of efficiency and [&hellip;]<\/p>","protected":false},"featured_media":1367,"template":"","meta":{"_monsterinsights_skip_tracking":false,"_monsterinsights_sitenote_active":false,"_monsterinsights_sitenote_note":"","_monsterinsights_sitenote_category":0,"site-sidebar-layout":"default","site-content-layout":"","ast-site-content-layout":"default","site-content-style":"default","site-sidebar-style":"default","ast-global-header-display":"","ast-banner-title-visibility":"","ast-main-header-display":"","ast-hfb-above-header-display":"","ast-hfb-below-header-display":"","ast-hfb-mobile-header-display":"","site-post-title":"","ast-breadcrumbs-content":"","ast-featured-img":"","footer-sml-layout":"","theme-transparent-header-meta":"default","adv-header-id-meta":"","stick-header-meta":"default","header-above-stick-meta":"","header-main-stick-meta":"","header-below-stick-meta":"","astra-migrate-meta-layouts":"set","ast-page-background-enabled":"default","ast-page-background-meta":{"desktop":{"background-color":"var(--ast-global-color-4)","background-image":"","background-repeat":"repeat","background-position":"center center","background-size":"auto","background-attachment":"scroll","background-type":"","background-media":"","overlay-type":"","overlay-color":"","overlay-opacity":"","overlay-gradient":""},"tablet":{"background-color":"","background-image":"","background-repeat":"repeat","background-position":"center center","background-size":"auto","background-attachment":"scroll","background-type":"","background-media":"","overlay-type":"","overlay-color":"","overlay-opacity":"","overlay-gradient":""},"mobile":{"background-color":"","background-image":"","background-repeat":"repeat","background-position":"center center","background-size":"auto","background-attachment":"scroll","background-type":"","background-media":"","overlay-type":"","overlay-color":"","overlay-opacity":"","overlay-gradient":""}},"ast-content-background-meta":{"desktop":{"background-color":"var(--ast-global-color-5)","background-image":"","background-repeat":"repeat","background-position":"center center","background-size":"auto","background-attachment":"scroll","background-type":"","background-media":"","overlay-type":"","overlay-color":"","overlay-opacity":"","overlay-gradient":""},"tablet":{"background-color":"var(--ast-global-color-5)","background-image":"","background-repeat":"repeat","background-position":"center center","background-size":"auto","background-attachment":"scroll","background-type":"","background-media":"","overlay-type":"","overlay-color":"","overlay-opacity":"","overlay-gradient":""},"mobile":{"background-color":"var(--ast-global-color-5)","background-image":"","background-repeat":"repeat","background-position":"center center","background-size":"auto","background-attachment":"scroll","background-type":"","background-media":"","overlay-type":"","overlay-color":"","overlay-opacity":"","overlay-gradient":""}}},"product_cat":[38],"product_tag":[],"class_list":{"0":"post-1362","1":"product","2":"type-product","3":"status-publish","4":"has-post-thumbnail","6":"product_cat-nail-machine","7":"desktop-align-left","8":"tablet-align-left","9":"mobile-align-left","10":"ast-product-gallery-layout-horizontal-slider","11":"ast-product-tabs-layout-horizontal","13":"first","14":"instock","15":"shipping-taxable","16":"product-type-simple"},"yoast_head":"<!-- This site is optimized with the Yoast SEO Premium plugin v22.6 (Yoast SEO v23.0) - https:\/\/yoast.com\/wordpress\/plugins\/seo\/ -->\n<title>Two Roller Screw Flat Automatic Thread Rolling Machine - SSS Hardware Industry | Professional Hardware Manufacturing<\/title>\n<meta name=\"robots\" content=\"index, follow, max-snippet:-1, max-image-preview:large, max-video-preview:-1\" \/>\n<link rel=\"canonical\" href=\"https:\/\/ssshardwaremachinery.com\/de\/produkt\/two-roller-screw-flat-automatic-thread-rolling-machine\/\" \/>\n<meta property=\"og:locale\" content=\"de_DE\" \/>\n<meta property=\"og:type\" content=\"article\" \/>\n<meta property=\"og:title\" content=\"Two Roller Screw Flat Automatic Thread Rolling Machine\" \/>\n<meta property=\"og:description\" content=\"PRODUCT DETAILS Transform your manufacturing process with the Two Roller Screw Flat Automatic Thread Rolling Machine\u2014a pinnacle of efficiency and [&hellip;]\" \/>\n<meta property=\"og:url\" content=\"https:\/\/ssshardwaremachinery.com\/de\/produkt\/two-roller-screw-flat-automatic-thread-rolling-machine\/\" \/>\n<meta property=\"og:site_name\" content=\"SSS Hardware Industry | Professional Hardware Manufacturing\" \/>\n<meta property=\"og:image\" content=\"https:\/\/ssshardwaremachinery.com\/wp-content\/uploads\/2024\/10\/H6b2d20e21e0049cf8d8b7bf2fa8495faK.jpg_1200x1200q50.jpg\" \/>\n\t<meta property=\"og:image:width\" content=\"1000\" \/>\n\t<meta property=\"og:image:height\" content=\"1000\" \/>\n\t<meta property=\"og:image:type\" content=\"image\/jpeg\" \/>\n<meta name=\"twitter:card\" content=\"summary_large_image\" \/>\n<meta name=\"twitter:label1\" content=\"Gesch\u00e4tzte Lesezeit\" \/>\n\t<meta name=\"twitter:data1\" content=\"1\u00a0Minute\" \/>\n<script type=\"application\/ld+json\" class=\"yoast-schema-graph\">{\"@context\":\"https:\/\/schema.org\",\"@graph\":[{\"@type\":\"WebPage\",\"@id\":\"https:\/\/ssshardwaremachinery.com\/product\/two-roller-screw-flat-automatic-thread-rolling-machine\/\",\"url\":\"https:\/\/ssshardwaremachinery.com\/product\/two-roller-screw-flat-automatic-thread-rolling-machine\/\",\"name\":\"Two Roller Screw Flat Automatic Thread Rolling Machine - SSS Hardware Industry | Professional Hardware Manufacturing\",\"isPartOf\":{\"@id\":\"https:\/\/ssshardwaremachinery.com\/#website\"},\"primaryImageOfPage\":{\"@id\":\"https:\/\/ssshardwaremachinery.com\/product\/two-roller-screw-flat-automatic-thread-rolling-machine\/#primaryimage\"},\"image\":{\"@id\":\"https:\/\/ssshardwaremachinery.com\/product\/two-roller-screw-flat-automatic-thread-rolling-machine\/#primaryimage\"},\"thumbnailUrl\":\"https:\/\/ssshardwaremachinery.com\/wp-content\/uploads\/2024\/10\/H6b2d20e21e0049cf8d8b7bf2fa8495faK.jpg_1200x1200q50.jpg\",\"datePublished\":\"2024-10-28T03:03:23+00:00\",\"dateModified\":\"2024-10-28T03:03:23+00:00\",\"breadcrumb\":{\"@id\":\"https:\/\/ssshardwaremachinery.com\/product\/two-roller-screw-flat-automatic-thread-rolling-machine\/#breadcrumb\"},\"inLanguage\":\"de\",\"potentialAction\":[{\"@type\":\"ReadAction\",\"target\":[\"https:\/\/ssshardwaremachinery.com\/product\/two-roller-screw-flat-automatic-thread-rolling-machine\/\"]}]},{\"@type\":\"ImageObject\",\"inLanguage\":\"de\",\"@id\":\"https:\/\/ssshardwaremachinery.com\/product\/two-roller-screw-flat-automatic-thread-rolling-machine\/#primaryimage\",\"url\":\"https:\/\/ssshardwaremachinery.com\/wp-content\/uploads\/2024\/10\/H6b2d20e21e0049cf8d8b7bf2fa8495faK.jpg_1200x1200q50.jpg\",\"contentUrl\":\"https:\/\/ssshardwaremachinery.com\/wp-content\/uploads\/2024\/10\/H6b2d20e21e0049cf8d8b7bf2fa8495faK.jpg_1200x1200q50.jpg\",\"width\":1000,\"height\":1000,\"caption\":\"Thread Rolling Machine\"},{\"@type\":\"BreadcrumbList\",\"@id\":\"https:\/\/ssshardwaremachinery.com\/product\/two-roller-screw-flat-automatic-thread-rolling-machine\/#breadcrumb\",\"itemListElement\":[{\"@type\":\"ListItem\",\"position\":1,\"name\":\"\u9996\u9875\",\"item\":\"https:\/\/ssshardwaremachinery.com\/\"},{\"@type\":\"ListItem\",\"position\":2,\"name\":\"Products\",\"item\":\"https:\/\/ssshardwaremachinery.com\/products\/\"},{\"@type\":\"ListItem\",\"position\":3,\"name\":\"Two Roller Screw Flat Automatic Thread Rolling Machine\"}]},{\"@type\":\"WebSite\",\"@id\":\"https:\/\/ssshardwaremachinery.com\/#website\",\"url\":\"https:\/\/ssshardwaremachinery.com\/\",\"name\":\"SSS Hardware Industry | Professional Hardware Manufacturing\",\"description\":\"&quot;Your Source for Professional Hardware Machinery Manufacturing at SSS Hardware Industry&quot;\",\"publisher\":{\"@id\":\"https:\/\/ssshardwaremachinery.com\/#organization\"},\"potentialAction\":[{\"@type\":\"SearchAction\",\"target\":{\"@type\":\"EntryPoint\",\"urlTemplate\":\"https:\/\/ssshardwaremachinery.com\/?s={search_term_string}\"},\"query-input\":\"required name=search_term_string\"}],\"inLanguage\":\"de\"},{\"@type\":\"Organization\",\"@id\":\"https:\/\/ssshardwaremachinery.com\/#organization\",\"name\":\"SSS Hardware Industry | Professional Hardware Manufacturing\",\"url\":\"https:\/\/ssshardwaremachinery.com\/\",\"logo\":{\"@type\":\"ImageObject\",\"inLanguage\":\"de\",\"@id\":\"https:\/\/ssshardwaremachinery.com\/#\/schema\/logo\/image\/\",\"url\":\"https:\/\/ssshardwaremachinery.com\/wp-content\/uploads\/2024\/07\/cropped-cropped-\u5fae\u4fe1\u56fe\u7247_20240708153705-1.png\",\"contentUrl\":\"https:\/\/ssshardwaremachinery.com\/wp-content\/uploads\/2024\/07\/cropped-cropped-\u5fae\u4fe1\u56fe\u7247_20240708153705-1.png\",\"width\":512,\"height\":336,\"caption\":\"SSS Hardware Industry | Professional Hardware Manufacturing\"},\"image\":{\"@id\":\"https:\/\/ssshardwaremachinery.com\/#\/schema\/logo\/image\/\"}}]}<\/script>\n<!-- \/ Yoast SEO Premium plugin. -->","yoast_head_json":{"title":"Two Roller Screw Flat Automatic Thread Rolling Machine - SSS Hardware Industry | Professional Hardware Manufacturing","robots":{"index":"index","follow":"follow","max-snippet":"max-snippet:-1","max-image-preview":"max-image-preview:large","max-video-preview":"max-video-preview:-1"},"canonical":"https:\/\/ssshardwaremachinery.com\/de\/produkt\/two-roller-screw-flat-automatic-thread-rolling-machine\/","og_locale":"de_DE","og_type":"article","og_title":"Two Roller Screw Flat Automatic Thread Rolling Machine","og_description":"PRODUCT DETAILS Transform your manufacturing process with the Two Roller Screw Flat Automatic Thread Rolling Machine\u2014a pinnacle of efficiency and [&hellip;]","og_url":"https:\/\/ssshardwaremachinery.com\/de\/produkt\/two-roller-screw-flat-automatic-thread-rolling-machine\/","og_site_name":"SSS Hardware Industry | Professional Hardware Manufacturing","og_image":[{"width":1000,"height":1000,"url":"https:\/\/ssshardwaremachinery.com\/wp-content\/uploads\/2024\/10\/H6b2d20e21e0049cf8d8b7bf2fa8495faK.jpg_1200x1200q50.jpg","type":"image\/jpeg"}],"twitter_card":"summary_large_image","twitter_misc":{"Gesch\u00e4tzte Lesezeit":"1\u00a0Minute"},"schema":{"@context":"https:\/\/schema.org","@graph":[{"@type":"WebPage","@id":"https:\/\/ssshardwaremachinery.com\/product\/two-roller-screw-flat-automatic-thread-rolling-machine\/","url":"https:\/\/ssshardwaremachinery.com\/product\/two-roller-screw-flat-automatic-thread-rolling-machine\/","name":"Two Roller Screw Flat Automatic Thread Rolling Machine - SSS Hardware Industry | Professional Hardware Manufacturing","isPartOf":{"@id":"https:\/\/ssshardwaremachinery.com\/#website"},"primaryImageOfPage":{"@id":"https:\/\/ssshardwaremachinery.com\/product\/two-roller-screw-flat-automatic-thread-rolling-machine\/#primaryimage"},"image":{"@id":"https:\/\/ssshardwaremachinery.com\/product\/two-roller-screw-flat-automatic-thread-rolling-machine\/#primaryimage"},"thumbnailUrl":"https:\/\/ssshardwaremachinery.com\/wp-content\/uploads\/2024\/10\/H6b2d20e21e0049cf8d8b7bf2fa8495faK.jpg_1200x1200q50.jpg","datePublished":"2024-10-28T03:03:23+00:00","dateModified":"2024-10-28T03:03:23+00:00","breadcrumb":{"@id":"https:\/\/ssshardwaremachinery.com\/product\/two-roller-screw-flat-automatic-thread-rolling-machine\/#breadcrumb"},"inLanguage":"de","potentialAction":[{"@type":"ReadAction","target":["https:\/\/ssshardwaremachinery.com\/product\/two-roller-screw-flat-automatic-thread-rolling-machine\/"]}]},{"@type":"ImageObject","inLanguage":"de","@id":"https:\/\/ssshardwaremachinery.com\/product\/two-roller-screw-flat-automatic-thread-rolling-machine\/#primaryimage","url":"https:\/\/ssshardwaremachinery.com\/wp-content\/uploads\/2024\/10\/H6b2d20e21e0049cf8d8b7bf2fa8495faK.jpg_1200x1200q50.jpg","contentUrl":"https:\/\/ssshardwaremachinery.com\/wp-content\/uploads\/2024\/10\/H6b2d20e21e0049cf8d8b7bf2fa8495faK.jpg_1200x1200q50.jpg","width":1000,"height":1000,"caption":"Thread Rolling Machine"},{"@type":"BreadcrumbList","@id":"https:\/\/ssshardwaremachinery.com\/product\/two-roller-screw-flat-automatic-thread-rolling-machine\/#breadcrumb","itemListElement":[{"@type":"ListItem","position":1,"name":"\u9996\u9875","item":"https:\/\/ssshardwaremachinery.com\/"},{"@type":"ListItem","position":2,"name":"Products","item":"https:\/\/ssshardwaremachinery.com\/products\/"},{"@type":"ListItem","position":3,"name":"Two Roller Screw Flat Automatic Thread Rolling Machine"}]},{"@type":"WebSite","@id":"https:\/\/ssshardwaremachinery.com\/#website","url":"https:\/\/ssshardwaremachinery.com\/","name":"SSS Hardware Industry | Professional Hardware Manufacturing","description":"&quot;Your Source for Professional Hardware Machinery Manufacturing at SSS Hardware Industry&quot;","publisher":{"@id":"https:\/\/ssshardwaremachinery.com\/#organization"},"potentialAction":[{"@type":"SearchAction","target":{"@type":"EntryPoint","urlTemplate":"https:\/\/ssshardwaremachinery.com\/?s={search_term_string}"},"query-input":"required name=search_term_string"}],"inLanguage":"de"},{"@type":"Organization","@id":"https:\/\/ssshardwaremachinery.com\/#organization","name":"SSS Hardware Industry | Professional Hardware Manufacturing","url":"https:\/\/ssshardwaremachinery.com\/","logo":{"@type":"ImageObject","inLanguage":"de","@id":"https:\/\/ssshardwaremachinery.com\/#\/schema\/logo\/image\/","url":"https:\/\/ssshardwaremachinery.com\/wp-content\/uploads\/2024\/07\/cropped-cropped-\u5fae\u4fe1\u56fe\u7247_20240708153705-1.png","contentUrl":"https:\/\/ssshardwaremachinery.com\/wp-content\/uploads\/2024\/07\/cropped-cropped-\u5fae\u4fe1\u56fe\u7247_20240708153705-1.png","width":512,"height":336,"caption":"SSS Hardware Industry | Professional Hardware Manufacturing"},"image":{"@id":"https:\/\/ssshardwaremachinery.com\/#\/schema\/logo\/image\/"}}]}},"_links":{"self":[{"href":"https:\/\/ssshardwaremachinery.com\/de\/wp-json\/wp\/v2\/product\/1362"}],"collection":[{"href":"https:\/\/ssshardwaremachinery.com\/de\/wp-json\/wp\/v2\/product"}],"about":[{"href":"https:\/\/ssshardwaremachinery.com\/de\/wp-json\/wp\/v2\/types\/product"}],"wp:featuredmedia":[{"embeddable":true,"href":"https:\/\/ssshardwaremachinery.com\/de\/wp-json\/wp\/v2\/media\/1367"}],"wp:attachment":[{"href":"https:\/\/ssshardwaremachinery.com\/de\/wp-json\/wp\/v2\/media?parent=1362"}],"wp:term":[{"taxonomy":"product_cat","embeddable":true,"href":"https:\/\/ssshardwaremachinery.com\/de\/wp-json\/wp\/v2\/product_cat?post=1362"},{"taxonomy":"product_tag","embeddable":true,"href":"https:\/\/ssshardwaremachinery.com\/de\/wp-json\/wp\/v2\/product_tag?post=1362"}],"curies":[{"name":"wp","href":"https:\/\/api.w.org\/{rel}","templated":true}]}}