{"id":1216,"date":"2024-08-01T08:57:11","date_gmt":"2024-08-01T08:57:11","guid":{"rendered":"https:\/\/ssshardwaremachinery.com\/?post_type=product&#038;p=1216"},"modified":"2024-08-14T03:39:08","modified_gmt":"2024-08-14T03:39:08","slug":"automatic-high-speed-nail-making-machine-nail-bolts-making-machines","status":"publish","type":"product","link":"https:\/\/ssshardwaremachinery.com\/de\/produkt\/automatic-high-speed-nail-making-machine-nail-bolts-making-machines\/","title":{"rendered":"Automatische Hochgeschwindigkeits-Nagelmaschine Maschinen zur Herstellung von N\u00e4geln und Bolzen"},"content":{"rendered":"<h1><span style=\"color: #0000ff;\">PRODUKTANGABEN<\/span><\/h1>\n<hr \/>\n<p>1. <b>Lange Lebensdauer<\/b>Wei\u00dfe G\u00fcrtel zu niedrigen Kosten und lange Lebensdauer, die 5-6 Monate ohne eine falsche Operation ist.<br \/>\n2. <b>Automatisches \u00d6len<\/b>Wenige Schmierpunkte, viel weniger als traditionelle Maschinen und andere Nagelmaschinen auf dem Markt. Es ist immer noch sehr ordentlich beim Betrieb.<br \/>\n3. <b>Hohe Produktion.<\/b> Setze die Spezifikation 2550 als Beispiel, etwa 750 kg \/ 8 Stunden.<br \/>\n4. <b>Keine Demontage<\/b> wenn nicht \u00e4ndern Nagelform Spezifikationen, die f\u00fcr 3 Monate arbeiten k\u00f6nnen. Nagelschneider 60 Klassen (8 Stunden \/ Tag, 2,5 Drahtdurchmesser). Punch Zeit ist f\u00fcnfmal als gew\u00f6hnliche Ausr\u00fcstung je nach der tats\u00e4chlichen Verwendung Status.<br \/>\n5. <b>Langlebig.<\/b> Nail Cutter tun Schneiden ohne Ber\u00fchrung, Scher Zahl kann mindestens 800 Millionen Mal erreichen (8.000.000 ist das Schneiden von Zeiten der Drahtdurchmesser 2,0 mm, grobe Drahtdurchmesser wird multipliziert); geringer Verbrauch von Nagel Schimmel, kein Riss, keine feste Form rohen Verschlei\u00df, keine Form verstopfen, ein einzelnes Paar von Nagel Schimmel kann mindestens 50 Millionen Mal geschnitten, Stanzen ist mehr als 25 Millionen Mal. Nagelschneider, Nagel Schimmel, Punsch kann f\u00fcr viele Male zu den gleichen Kosten im Vergleich mit allgemeinen Ausr\u00fcstung repariert werden.<br \/>\n6. <b>Super energiesparend<\/b>Der tats\u00e4chliche Verbrauch von High-Speed-Nagelmaschine ist etwa 3,5KW, 1 Tonne Nagel Ausgang kann Strom sparen etwa 20 Grad; w\u00e4hrend 2,5 S\u00e4tze von gew\u00f6hnlichen Nagelmaschine Verbrauch ist 5-6KW aufgrund der langen Schlitten Hub und Multi gleitende Reibung Teile<br \/>\n7. <b>60% arbeitssparend<\/b> wegen seiner hohen Effizienz. Coiling N\u00e4gel Effizienz gewinnt mindestens 50% mit einer Hochfrequenz-Schwei\u00dfmaschine als jeder Nagel ist Qualit\u00e4tsprodukt ohne stecken und stoppen, auch wenn in der Geschwindigkeit von 1900 N\u00e4gel\/min, Wickeln Geschwindigkeit kann 30% verbessern, so dass 40% Arbeitskosten reduzieren kann.<\/p>\n<h2><\/h2>\n<h2><span style=\"color: #0000ff;\">AUSR\u00dcSTUNGSDATEN<\/span><\/h2>\n<hr \/>\n<table class=\"has-title hight-light-first-column all magic-10\">\n<tbody>\n<tr>\n<td colspan=\"1\" rowspan=\"1\">\n<div class=\"magic-11\" data-spm-anchor-id=\"a2700.details.0.i47.507f498dNOVPrM\">P\/N<\/div>\n<\/td>\n<td colspan=\"1\" rowspan=\"1\">\n<div class=\"magic-12\">Nagell\u00e4nge (mm)<\/div>\n<\/td>\n<td colspan=\"1\" rowspan=\"1\">\n<div class=\"magic-13\">Nagel-Durchmesser (mm)<\/div>\n<\/td>\n<td colspan=\"1\" rowspan=\"1\">\n<div class=\"magic-14\">Produktion (St\u00fcck\/Min.)<\/div>\n<\/td>\n<td colspan=\"1\" rowspan=\"1\">\n<div class=\"magic-15\">Gewicht (kg)<\/div>\n<\/td>\n<td colspan=\"1\" rowspan=\"1\">\n<div class=\"magic-16\">Leistung (kw)<\/div>\n<\/td>\n<td colspan=\"1\" rowspan=\"1\">\n<div class=\"magic-17\">Abmessungen (mm)<\/div>\n<\/td>\n<\/tr>\n<tr>\n<td colspan=\"1\" rowspan=\"1\">\n<div class=\"magic-11\">SSS-ZDJ-D50<\/div>\n<\/td>\n<td colspan=\"1\" rowspan=\"1\">\n<div class=\"magic-12\">25-50<\/div>\n<\/td>\n<td colspan=\"1\" rowspan=\"1\">\n<div class=\"magic-13\">2.0-3.0<\/div>\n<\/td>\n<td colspan=\"1\" rowspan=\"1\">\n<div class=\"magic-14\">800<\/div>\n<\/td>\n<td colspan=\"1\" rowspan=\"1\">\n<div class=\"magic-15\">2500<\/div>\n<\/td>\n<td colspan=\"1\" rowspan=\"1\">\n<div class=\"magic-16\">7.0<\/div>\n<\/td>\n<td colspan=\"1\" rowspan=\"1\">\n<div class=\"magic-17\">1350*900*1050<\/div>\n<\/td>\n<\/tr>\n<tr>\n<td colspan=\"1\" rowspan=\"1\">\n<div class=\"magic-11\">SSS-ZDJ-D90<\/div>\n<\/td>\n<td colspan=\"1\" rowspan=\"1\">\n<div class=\"magic-12\">32-90<\/div>\n<\/td>\n<td colspan=\"1\" rowspan=\"1\">\n<div class=\"magic-13\">2.0-3.8<\/div>\n<\/td>\n<td colspan=\"1\" rowspan=\"1\">\n<div class=\"magic-14\">760<\/div>\n<\/td>\n<td colspan=\"1\" rowspan=\"1\">\n<div class=\"magic-15\">2800<\/div>\n<\/td>\n<td colspan=\"1\" rowspan=\"1\">\n<div class=\"magic-16\">7.0<\/div>\n<\/td>\n<td colspan=\"1\" rowspan=\"1\">\n<div class=\"magic-17\">1350*1220*1050<\/div>\n<\/td>\n<\/tr>\n<tr>\n<td colspan=\"1\" rowspan=\"1\">\n<div class=\"magic-11\">SSS-ZDJ-D130<\/div>\n<\/td>\n<td colspan=\"1\" rowspan=\"1\">\n<div class=\"magic-12\">70-130<\/div>\n<\/td>\n<td colspan=\"1\" rowspan=\"1\">\n<div class=\"magic-13\">2.4-4.0<\/div>\n<\/td>\n<td colspan=\"1\" rowspan=\"1\">\n<div class=\"magic-14\">680<\/div>\n<\/td>\n<td colspan=\"1\" rowspan=\"1\">\n<div class=\"magic-15\">3500<\/div>\n<\/td>\n<td colspan=\"1\" rowspan=\"1\">\n<div class=\"magic-16\">9.7<\/div>\n<\/td>\n<td colspan=\"1\" rowspan=\"1\">\n<div class=\"magic-17\">1350*1220*1050<\/div>\n<\/td>\n<\/tr>\n<tr>\n<td colspan=\"1\" rowspan=\"1\">\n<div class=\"magic-11\">SSS-ZDJ-D150<\/div>\n<\/td>\n<td colspan=\"1\" rowspan=\"1\">\n<div class=\"magic-12\">70-150<\/div>\n<\/td>\n<td colspan=\"1\" rowspan=\"1\">\n<div class=\"magic-13\">2.5-5.0<\/div>\n<\/td>\n<td colspan=\"1\" rowspan=\"1\">\n<div class=\"magic-14\">600<\/div>\n<\/td>\n<td colspan=\"1\" rowspan=\"1\">\n<div class=\"magic-15\">4500<\/div>\n<\/td>\n<td colspan=\"1\" rowspan=\"1\">\n<div class=\"magic-16\">13.2<\/div>\n<\/td>\n<td colspan=\"1\" rowspan=\"1\">\n<div class=\"magic-17\">1650*1250*1300<\/div>\n<\/td>\n<\/tr>\n<\/tbody>\n<\/table>","protected":false},"excerpt":{"rendered":"<p>PRODUKTDETAILS 1. lange Lebensdauer, nicht weniger als die traditionellen gemeinsamen Nagelmaschine, f\u00fcr mindestens sieben Jahre.wei\u00df [...]<\/p>","protected":false},"featured_media":1218,"template":"","meta":{"_monsterinsights_skip_tracking":false,"_monsterinsights_sitenote_active":false,"_monsterinsights_sitenote_note":"","_monsterinsights_sitenote_category":0,"site-sidebar-layout":"default","site-content-layout":"","ast-site-content-layout":"default","site-content-style":"default","site-sidebar-style":"default","ast-global-header-display":"","ast-banner-title-visibility":"","ast-main-header-display":"","ast-hfb-above-header-display":"","ast-hfb-below-header-display":"","ast-hfb-mobile-header-display":"","site-post-title":"","ast-breadcrumbs-content":"","ast-featured-img":"","footer-sml-layout":"","theme-transparent-header-meta":"default","adv-header-id-meta":"","stick-header-meta":"default","header-above-stick-meta":"","header-main-stick-meta":"","header-below-stick-meta":"","astra-migrate-meta-layouts":"set","ast-page-background-enabled":"default","ast-page-background-meta":{"desktop":{"background-color":"var(--ast-global-color-4)","background-image":"","background-repeat":"repeat","background-position":"center center","background-size":"auto","background-attachment":"scroll","background-type":"","background-media":"","overlay-type":"","overlay-color":"","overlay-opacity":"","overlay-gradient":""},"tablet":{"background-color":"","background-image":"","background-repeat":"repeat","background-position":"center center","background-size":"auto","background-attachment":"scroll","background-type":"","background-media":"","overlay-type":"","overlay-color":"","overlay-opacity":"","overlay-gradient":""},"mobile":{"background-color":"","background-image":"","background-repeat":"repeat","background-position":"center center","background-size":"auto","background-attachment":"scroll","background-type":"","background-media":"","overlay-type":"","overlay-color":"","overlay-opacity":"","overlay-gradient":""}},"ast-content-background-meta":{"desktop":{"background-color":"var(--ast-global-color-5)","background-image":"","background-repeat":"repeat","background-position":"center center","background-size":"auto","background-attachment":"scroll","background-type":"","background-media":"","overlay-type":"","overlay-color":"","overlay-opacity":"","overlay-gradient":""},"tablet":{"background-color":"var(--ast-global-color-5)","background-image":"","background-repeat":"repeat","background-position":"center center","background-size":"auto","background-attachment":"scroll","background-type":"","background-media":"","overlay-type":"","overlay-color":"","overlay-opacity":"","overlay-gradient":""},"mobile":{"background-color":"var(--ast-global-color-5)","background-image":"","background-repeat":"repeat","background-position":"center center","background-size":"auto","background-attachment":"scroll","background-type":"","background-media":"","overlay-type":"","overlay-color":"","overlay-opacity":"","overlay-gradient":""}}},"product_cat":[38],"product_tag":[],"class_list":{"0":"post-1216","1":"product","2":"type-product","3":"status-publish","4":"has-post-thumbnail","6":"product_cat-nail-machine","7":"desktop-align-left","8":"tablet-align-left","9":"mobile-align-left","10":"ast-product-gallery-layout-horizontal-slider","11":"ast-product-tabs-layout-horizontal","13":"first","14":"instock","15":"shipping-taxable","16":"product-type-simple"},"yoast_head":"<!-- This site is optimized with the Yoast SEO Premium plugin v22.6 (Yoast SEO v23.0) - https:\/\/yoast.com\/wordpress\/plugins\/seo\/ -->\n<title>Automatic High Speed Nail Making Machine Nail &amp; Bolts Making Machines - SSS Hardware Industry | Professional Hardware Manufacturing<\/title>\n<meta name=\"description\" content=\"Discover our high-speed nail making machine for efficient production. Explore features, specifications, and benefits of this advanced manufacturing equipment.\" \/>\n<meta name=\"robots\" content=\"index, follow, max-snippet:-1, max-image-preview:large, max-video-preview:-1\" \/>\n<link rel=\"canonical\" href=\"https:\/\/ssshardwaremachinery.com\/de\/produkt\/automatic-high-speed-nail-making-machine-nail-bolts-making-machines\/\" \/>\n<meta property=\"og:locale\" content=\"de_DE\" \/>\n<meta property=\"og:type\" content=\"article\" \/>\n<meta property=\"og:title\" content=\"Automatic High Speed Nail Making Machine Nail &amp; Bolts Making Machines\" \/>\n<meta property=\"og:description\" content=\"Discover our high-speed nail making machine for efficient production. Explore features, specifications, and benefits of this advanced manufacturing equipment.\" \/>\n<meta property=\"og:url\" content=\"https:\/\/ssshardwaremachinery.com\/de\/produkt\/automatic-high-speed-nail-making-machine-nail-bolts-making-machines\/\" \/>\n<meta property=\"og:site_name\" content=\"SSS Hardware Industry | Professional Hardware Manufacturing\" \/>\n<meta property=\"article:modified_time\" content=\"2024-08-14T03:39:08+00:00\" \/>\n<meta property=\"og:image\" content=\"https:\/\/ssshardwaremachinery.com\/wp-content\/uploads\/2024\/08\/1.jpg\" \/>\n\t<meta property=\"og:image:width\" content=\"1000\" \/>\n\t<meta property=\"og:image:height\" content=\"1000\" \/>\n\t<meta property=\"og:image:type\" content=\"image\/jpeg\" \/>\n<meta name=\"twitter:card\" content=\"summary_large_image\" \/>\n<meta name=\"twitter:label1\" content=\"Gesch\u00e4tzte Lesezeit\" \/>\n\t<meta name=\"twitter:data1\" content=\"2\u00a0Minuten\" \/>\n<script type=\"application\/ld+json\" class=\"yoast-schema-graph\">{\"@context\":\"https:\/\/schema.org\",\"@graph\":[{\"@type\":\"WebPage\",\"@id\":\"https:\/\/ssshardwaremachinery.com\/product\/automatic-high-speed-nail-making-machine-nail-bolts-making-machines\/\",\"url\":\"https:\/\/ssshardwaremachinery.com\/product\/automatic-high-speed-nail-making-machine-nail-bolts-making-machines\/\",\"name\":\"Automatic High Speed Nail Making Machine Nail & Bolts Making Machines - SSS Hardware Industry | Professional Hardware Manufacturing\",\"isPartOf\":{\"@id\":\"https:\/\/ssshardwaremachinery.com\/#website\"},\"primaryImageOfPage\":{\"@id\":\"https:\/\/ssshardwaremachinery.com\/product\/automatic-high-speed-nail-making-machine-nail-bolts-making-machines\/#primaryimage\"},\"image\":{\"@id\":\"https:\/\/ssshardwaremachinery.com\/product\/automatic-high-speed-nail-making-machine-nail-bolts-making-machines\/#primaryimage\"},\"thumbnailUrl\":\"https:\/\/ssshardwaremachinery.com\/wp-content\/uploads\/2024\/08\/1.jpg\",\"datePublished\":\"2024-08-01T08:57:11+00:00\",\"dateModified\":\"2024-08-14T03:39:08+00:00\",\"description\":\"Discover our high-speed nail making machine for efficient production. Explore features, specifications, and benefits of this advanced manufacturing equipment.\",\"breadcrumb\":{\"@id\":\"https:\/\/ssshardwaremachinery.com\/product\/automatic-high-speed-nail-making-machine-nail-bolts-making-machines\/#breadcrumb\"},\"inLanguage\":\"de\",\"potentialAction\":[{\"@type\":\"ReadAction\",\"target\":[\"https:\/\/ssshardwaremachinery.com\/product\/automatic-high-speed-nail-making-machine-nail-bolts-making-machines\/\"]}]},{\"@type\":\"ImageObject\",\"inLanguage\":\"de\",\"@id\":\"https:\/\/ssshardwaremachinery.com\/product\/automatic-high-speed-nail-making-machine-nail-bolts-making-machines\/#primaryimage\",\"url\":\"https:\/\/ssshardwaremachinery.com\/wp-content\/uploads\/2024\/08\/1.jpg\",\"contentUrl\":\"https:\/\/ssshardwaremachinery.com\/wp-content\/uploads\/2024\/08\/1.jpg\",\"width\":1000,\"height\":1000,\"caption\":\"high speed nail making machine\"},{\"@type\":\"BreadcrumbList\",\"@id\":\"https:\/\/ssshardwaremachinery.com\/product\/automatic-high-speed-nail-making-machine-nail-bolts-making-machines\/#breadcrumb\",\"itemListElement\":[{\"@type\":\"ListItem\",\"position\":1,\"name\":\"\u9996\u9875\",\"item\":\"https:\/\/ssshardwaremachinery.com\/\"},{\"@type\":\"ListItem\",\"position\":2,\"name\":\"Products\",\"item\":\"https:\/\/ssshardwaremachinery.com\/products\/\"},{\"@type\":\"ListItem\",\"position\":3,\"name\":\"Automatic High Speed Nail Making Machine Nail &#038; Bolts Making Machines\"}]},{\"@type\":\"WebSite\",\"@id\":\"https:\/\/ssshardwaremachinery.com\/#website\",\"url\":\"https:\/\/ssshardwaremachinery.com\/\",\"name\":\"SSS Hardware Industry | Professional Hardware Manufacturing\",\"description\":\"&quot;Your Source for Professional Hardware Machinery Manufacturing at SSS Hardware Industry&quot;\",\"publisher\":{\"@id\":\"https:\/\/ssshardwaremachinery.com\/#organization\"},\"potentialAction\":[{\"@type\":\"SearchAction\",\"target\":{\"@type\":\"EntryPoint\",\"urlTemplate\":\"https:\/\/ssshardwaremachinery.com\/?s={search_term_string}\"},\"query-input\":\"required name=search_term_string\"}],\"inLanguage\":\"de\"},{\"@type\":\"Organization\",\"@id\":\"https:\/\/ssshardwaremachinery.com\/#organization\",\"name\":\"SSS Hardware Industry | Professional Hardware Manufacturing\",\"url\":\"https:\/\/ssshardwaremachinery.com\/\",\"logo\":{\"@type\":\"ImageObject\",\"inLanguage\":\"de\",\"@id\":\"https:\/\/ssshardwaremachinery.com\/#\/schema\/logo\/image\/\",\"url\":\"https:\/\/ssshardwaremachinery.com\/wp-content\/uploads\/2024\/07\/cropped-cropped-\u5fae\u4fe1\u56fe\u7247_20240708153705-1.png\",\"contentUrl\":\"https:\/\/ssshardwaremachinery.com\/wp-content\/uploads\/2024\/07\/cropped-cropped-\u5fae\u4fe1\u56fe\u7247_20240708153705-1.png\",\"width\":512,\"height\":336,\"caption\":\"SSS Hardware Industry | Professional Hardware Manufacturing\"},\"image\":{\"@id\":\"https:\/\/ssshardwaremachinery.com\/#\/schema\/logo\/image\/\"}}]}<\/script>\n<!-- \/ Yoast SEO Premium plugin. -->","yoast_head_json":{"title":"Automatic High Speed Nail Making Machine Nail & Bolts Making Machines - SSS Hardware Industry | Professional Hardware Manufacturing","description":"Discover our high-speed nail making machine for efficient production. Explore features, specifications, and benefits of this advanced manufacturing equipment.","robots":{"index":"index","follow":"follow","max-snippet":"max-snippet:-1","max-image-preview":"max-image-preview:large","max-video-preview":"max-video-preview:-1"},"canonical":"https:\/\/ssshardwaremachinery.com\/de\/produkt\/automatic-high-speed-nail-making-machine-nail-bolts-making-machines\/","og_locale":"de_DE","og_type":"article","og_title":"Automatic High Speed Nail Making Machine Nail & Bolts Making Machines","og_description":"Discover our high-speed nail making machine for efficient production. Explore features, specifications, and benefits of this advanced manufacturing equipment.","og_url":"https:\/\/ssshardwaremachinery.com\/de\/produkt\/automatic-high-speed-nail-making-machine-nail-bolts-making-machines\/","og_site_name":"SSS Hardware Industry | Professional Hardware Manufacturing","article_modified_time":"2024-08-14T03:39:08+00:00","og_image":[{"width":1000,"height":1000,"url":"https:\/\/ssshardwaremachinery.com\/wp-content\/uploads\/2024\/08\/1.jpg","type":"image\/jpeg"}],"twitter_card":"summary_large_image","twitter_misc":{"Gesch\u00e4tzte Lesezeit":"2\u00a0Minuten"},"schema":{"@context":"https:\/\/schema.org","@graph":[{"@type":"WebPage","@id":"https:\/\/ssshardwaremachinery.com\/product\/automatic-high-speed-nail-making-machine-nail-bolts-making-machines\/","url":"https:\/\/ssshardwaremachinery.com\/product\/automatic-high-speed-nail-making-machine-nail-bolts-making-machines\/","name":"Automatic High Speed Nail Making Machine Nail & Bolts Making Machines - SSS Hardware Industry | Professional Hardware Manufacturing","isPartOf":{"@id":"https:\/\/ssshardwaremachinery.com\/#website"},"primaryImageOfPage":{"@id":"https:\/\/ssshardwaremachinery.com\/product\/automatic-high-speed-nail-making-machine-nail-bolts-making-machines\/#primaryimage"},"image":{"@id":"https:\/\/ssshardwaremachinery.com\/product\/automatic-high-speed-nail-making-machine-nail-bolts-making-machines\/#primaryimage"},"thumbnailUrl":"https:\/\/ssshardwaremachinery.com\/wp-content\/uploads\/2024\/08\/1.jpg","datePublished":"2024-08-01T08:57:11+00:00","dateModified":"2024-08-14T03:39:08+00:00","description":"Discover our high-speed nail making machine for efficient production. Explore features, specifications, and benefits of this advanced manufacturing equipment.","breadcrumb":{"@id":"https:\/\/ssshardwaremachinery.com\/product\/automatic-high-speed-nail-making-machine-nail-bolts-making-machines\/#breadcrumb"},"inLanguage":"de","potentialAction":[{"@type":"ReadAction","target":["https:\/\/ssshardwaremachinery.com\/product\/automatic-high-speed-nail-making-machine-nail-bolts-making-machines\/"]}]},{"@type":"ImageObject","inLanguage":"de","@id":"https:\/\/ssshardwaremachinery.com\/product\/automatic-high-speed-nail-making-machine-nail-bolts-making-machines\/#primaryimage","url":"https:\/\/ssshardwaremachinery.com\/wp-content\/uploads\/2024\/08\/1.jpg","contentUrl":"https:\/\/ssshardwaremachinery.com\/wp-content\/uploads\/2024\/08\/1.jpg","width":1000,"height":1000,"caption":"high speed nail making machine"},{"@type":"BreadcrumbList","@id":"https:\/\/ssshardwaremachinery.com\/product\/automatic-high-speed-nail-making-machine-nail-bolts-making-machines\/#breadcrumb","itemListElement":[{"@type":"ListItem","position":1,"name":"\u9996\u9875","item":"https:\/\/ssshardwaremachinery.com\/"},{"@type":"ListItem","position":2,"name":"Products","item":"https:\/\/ssshardwaremachinery.com\/products\/"},{"@type":"ListItem","position":3,"name":"Automatic High Speed Nail Making Machine Nail &#038; Bolts Making Machines"}]},{"@type":"WebSite","@id":"https:\/\/ssshardwaremachinery.com\/#website","url":"https:\/\/ssshardwaremachinery.com\/","name":"SSS Hardware Industry | Professional Hardware Manufacturing","description":"&quot;Your Source for Professional Hardware Machinery Manufacturing at SSS Hardware Industry&quot;","publisher":{"@id":"https:\/\/ssshardwaremachinery.com\/#organization"},"potentialAction":[{"@type":"SearchAction","target":{"@type":"EntryPoint","urlTemplate":"https:\/\/ssshardwaremachinery.com\/?s={search_term_string}"},"query-input":"required name=search_term_string"}],"inLanguage":"de"},{"@type":"Organization","@id":"https:\/\/ssshardwaremachinery.com\/#organization","name":"SSS Hardware Industry | Professional Hardware Manufacturing","url":"https:\/\/ssshardwaremachinery.com\/","logo":{"@type":"ImageObject","inLanguage":"de","@id":"https:\/\/ssshardwaremachinery.com\/#\/schema\/logo\/image\/","url":"https:\/\/ssshardwaremachinery.com\/wp-content\/uploads\/2024\/07\/cropped-cropped-\u5fae\u4fe1\u56fe\u7247_20240708153705-1.png","contentUrl":"https:\/\/ssshardwaremachinery.com\/wp-content\/uploads\/2024\/07\/cropped-cropped-\u5fae\u4fe1\u56fe\u7247_20240708153705-1.png","width":512,"height":336,"caption":"SSS Hardware Industry | Professional Hardware Manufacturing"},"image":{"@id":"https:\/\/ssshardwaremachinery.com\/#\/schema\/logo\/image\/"}}]}},"_links":{"self":[{"href":"https:\/\/ssshardwaremachinery.com\/de\/wp-json\/wp\/v2\/product\/1216"}],"collection":[{"href":"https:\/\/ssshardwaremachinery.com\/de\/wp-json\/wp\/v2\/product"}],"about":[{"href":"https:\/\/ssshardwaremachinery.com\/de\/wp-json\/wp\/v2\/types\/product"}],"wp:featuredmedia":[{"embeddable":true,"href":"https:\/\/ssshardwaremachinery.com\/de\/wp-json\/wp\/v2\/media\/1218"}],"wp:attachment":[{"href":"https:\/\/ssshardwaremachinery.com\/de\/wp-json\/wp\/v2\/media?parent=1216"}],"wp:term":[{"taxonomy":"product_cat","embeddable":true,"href":"https:\/\/ssshardwaremachinery.com\/de\/wp-json\/wp\/v2\/product_cat?post=1216"},{"taxonomy":"product_tag","embeddable":true,"href":"https:\/\/ssshardwaremachinery.com\/de\/wp-json\/wp\/v2\/product_tag?post=1216"}],"curies":[{"name":"wp","href":"https:\/\/api.w.org\/{rel}","templated":true}]}}